{"id":13155,"date":"2020-08-13T15:27:47","date_gmt":"2020-08-13T13:27:47","guid":{"rendered":"https:\/\/dev2.mgvpublications.com\/produkt\/yolculuga-hazir-misin-kral-sakir-ilk-okuma-kitabi-5\/"},"modified":"2022-06-19T16:15:31","modified_gmt":"2022-06-19T14:15:31","slug":"yolculuga-hazir-misin-kral-sakir-ilk-okuma-kitabi-5","status":"publish","type":"product","link":"https:\/\/mgvpublications.com\/de\/yolculuga-hazir-misin-kral-sakir-ilk-okuma-kitabi-5\/","title":{"rendered":"Yolculu\u011fa Haz\u0131r m\u0131s\u0131n? \/ Kral \u015eakir \u0130lk Okuma Kitab\u0131 5"},"content":{"rendered":"<table>\n<tbody>\n<tr>\n<td>Yay\u0131n Tarihi:<\/td>\n<td>09.01.2020<\/td>\n<\/tr>\n<tr>\n<td>ISBN:<\/td>\n<td>6057690371<\/td>\n<\/tr>\n<tr>\n<td>Bask\u0131 Say\u0131s\u0131:<\/td>\n<td>1. Bask\u0131<\/td>\n<\/tr>\n<tr>\n<td>Dil:<\/td>\n<td>T\u00dcRK\u00c7E<\/td>\n<\/tr>\n<tr>\n<td>Sayfa Say\u0131s\u0131:<\/td>\n<td>32<\/td>\n<\/tr>\n<tr>\n<td>Cilt Tipi:<\/td>\n<td>Karton Kapak<\/td>\n<\/tr>\n<tr>\n<td>Ka\u011f\u0131t Cinsi:<\/td>\n<td>Kitap Ka\u011f\u0131d\u0131<\/td>\n<\/tr>\n<tr>\n<td>Boyut:<\/td>\n<td>22 x 22 cm<\/td>\n<\/tr>\n<\/tbody>\n<\/table>","protected":false},"excerpt":{"rendered":"<div class=\"top-block\">\n<div class=\"pr_description\">\n<div id=\"description_text\"><span class=\"info__text\">Selam arkada\u015flar ben \u015eakir, herkesin bildi\u011fi \u015fekilde Kral \u015eakir! Ben ve benim \u00e7\u0131lg\u0131n ailem bu sefer de ilk okuma kitaplar\u0131yla maceradan maceraya ko\u015fuyoruz. Bu hik\u00e2yede de Fil Necati A\u011fabey, babam ve Canan ile birlikte yaya ve trafik g\u00fcvenli\u011fi i\u00e7in kollar\u0131 s\u0131v\u0131yoruz. Bakal\u0131m bu maceran\u0131n sonunda Fil Necati A\u011fabey trafik kurallar\u0131n\u0131 \u00f6\u011frenebilecek mi?<br \/>\n<\/span><\/div>\n<\/div>\n<\/div>\n<div class=\"bottom-block\">\n<div class=\"pr_attributes\">\n<hr \/>\n<\/div>\n<\/div>","protected":false},"featured_media":13156,"template":"","meta":{"spay_email":""},"product_cat":[172],"product_tag":[],"item":[1268],"acf":[],"_links":{"self":[{"href":"https:\/\/mgvpublications.com\/de\/wp-json\/wp\/v2\/product\/13155"}],"collection":[{"href":"https:\/\/mgvpublications.com\/de\/wp-json\/wp\/v2\/product"}],"about":[{"href":"https:\/\/mgvpublications.com\/de\/wp-json\/wp\/v2\/types\/product"}],"wp:featuredmedia":[{"embeddable":true,"href":"https:\/\/mgvpublications.com\/de\/wp-json\/wp\/v2\/media\/13156"}],"wp:attachment":[{"href":"https:\/\/mgvpublications.com\/de\/wp-json\/wp\/v2\/media?parent=13155"}],"wp:term":[{"taxonomy":"product_cat","embeddable":true,"href":"https:\/\/mgvpublications.com\/de\/wp-json\/wp\/v2\/product_cat?post=13155"},{"taxonomy":"product_tag","embeddable":true,"href":"https:\/\/mgvpublications.com\/de\/wp-json\/wp\/v2\/product_tag?post=13155"},{"taxonomy":"item","embeddable":true,"href":"https:\/\/mgvpublications.com\/de\/wp-json\/wp\/v2\/item?post=13155"}],"curies":[{"name":"wp","href":"https:\/\/api.w.org\/{rel}","templated":true}]}}