{"id":13153,"date":"2020-12-02T15:46:50","date_gmt":"2020-12-02T14:46:50","guid":{"rendered":"https:\/\/dev2.mgvpublications.com\/produkt\/muhtesem-cevreciler-kral-sakir-ilk-okuma-kitabi-10\/"},"modified":"2022-06-19T16:12:14","modified_gmt":"2022-06-19T14:12:14","slug":"muhtesem-cevreciler-kral-sakir-ilk-okuma-kitabi-10","status":"publish","type":"product","link":"https:\/\/mgvpublications.com\/de\/muhtesem-cevreciler-kral-sakir-ilk-okuma-kitabi-10\/","title":{"rendered":"Muhte\u015fem \u00c7evreciler \/ Kral \u015eakir \u0130lk Okuma Kitab\u0131 10"},"content":{"rendered":"<p>Yay\u0131n Tarihi: 09.01.2020<br \/>ISBN: 9786057690494<br \/>Dil: T\u00dcRK\u00c7E<br \/>Sayfa Say\u0131s\u0131: 32<br \/>Cilt Tipi: Karton Kapak<br \/>Ka\u011f\u0131t Cinsi: 1. Hm. Ka\u011f\u0131t<br \/>Boyut: 22 x 22 cm<\/p>","protected":false},"excerpt":{"rendered":"<p>Selam arkada\u015flar ben \u015eakir, Herkesin bildi\u011fi \u015fekilde Kral \u015eakir! Ben ve benim \u00e7\u0131lg\u0131n ailem bu sefer de ilk okuma kitaplar\u0131yla maceradan maceraya ko\u015fuyoruz. Panda Caner\u2019in \u00e7evreye zararl\u0131 \u015feyleri bulan ekolojik ayak izi \u00f6l\u00e7eri Fil Necati A\u011fabey\u2019e tak\u0131l\u0131nca i\u015f ba\u015fa d\u00fc\u015f\u00fcyor. Fil Necati A\u011fabey\u2019i \u00e7evreye zarar vermeyen biri haline getirmek i\u00e7in Canan\u2019la birlikte kollar\u0131 s\u0131vad\u0131k. \u00c7\u00fcnk\u00fc biz \u201cMuhte\u015fem \u00c7evrecileriz\u201d.<\/p>","protected":false},"featured_media":19692,"template":"","meta":{"spay_email":""},"product_cat":[172],"product_tag":[],"item":[1268],"acf":[],"_links":{"self":[{"href":"https:\/\/mgvpublications.com\/de\/wp-json\/wp\/v2\/product\/13153"}],"collection":[{"href":"https:\/\/mgvpublications.com\/de\/wp-json\/wp\/v2\/product"}],"about":[{"href":"https:\/\/mgvpublications.com\/de\/wp-json\/wp\/v2\/types\/product"}],"wp:featuredmedia":[{"embeddable":true,"href":"https:\/\/mgvpublications.com\/de\/wp-json\/wp\/v2\/media\/19692"}],"wp:attachment":[{"href":"https:\/\/mgvpublications.com\/de\/wp-json\/wp\/v2\/media?parent=13153"}],"wp:term":[{"taxonomy":"product_cat","embeddable":true,"href":"https:\/\/mgvpublications.com\/de\/wp-json\/wp\/v2\/product_cat?post=13153"},{"taxonomy":"product_tag","embeddable":true,"href":"https:\/\/mgvpublications.com\/de\/wp-json\/wp\/v2\/product_tag?post=13153"},{"taxonomy":"item","embeddable":true,"href":"https:\/\/mgvpublications.com\/de\/wp-json\/wp\/v2\/item?post=13153"}],"curies":[{"name":"wp","href":"https:\/\/api.w.org\/{rel}","templated":true}]}}