{"id":13145,"date":"2020-08-11T17:25:13","date_gmt":"2020-08-11T15:25:13","guid":{"rendered":"https:\/\/dev2.mgvpublications.com\/produkt\/kral-sakir-korsan-diyari-hafiza-kartlari-muhtisim-egitici-kartlar\/"},"modified":"2022-03-08T22:35:37","modified_gmt":"2022-03-08T21:35:37","slug":"kral-sakir-korsan-diyari-hafiza-kartlari-muhtisim-egitici-kartlar","status":"publish","type":"product","link":"https:\/\/mgvpublications.com\/de\/kral-sakir-korsan-diyari-hafiza-kartlari-muhtisim-egitici-kartlar\/","title":{"rendered":"Kral \u015eakir &#8211; Korsan Diyar\u0131 Haf\u0131za Kartlar\u0131 \/ Muhti\u015fim E\u011fitici Kartlar"},"content":{"rendered":"<table>\n<tbody>\n<tr>\n<td>\u00c7izer:<\/td>\n<td><a href=\"https:\/\/www.kitapyurdu.com\/yazar\/varol-yasaroglu\/202953.html\" target=\"_blank\" rel=\"noopener\"> Varol Ya\u015faro\u011flu<\/a><\/td>\n<\/tr>\n<tr>\n<td>Yay\u0131n Tarihi:<\/td>\n<td>24.04.2020<\/td>\n<\/tr>\n<tr>\n<td>ISBN:<\/td>\n<td>6057690906<\/td>\n<\/tr>\n<tr>\n<td>Bask\u0131 Say\u0131s\u0131:<\/td>\n<td>1. Bask\u0131<\/td>\n<\/tr>\n<tr>\n<td>Dil:<\/td>\n<td>T\u00dcRK\u00c7E<\/td>\n<\/tr>\n<tr>\n<td>Sayfa Say\u0131s\u0131:<\/td>\n<td>50<\/td>\n<\/tr>\n<tr>\n<td>Boyut:<\/td>\n<td>9.5 x 7 cm<\/td>\n<\/tr>\n<\/tbody>\n<\/table>","protected":false},"excerpt":{"rendered":"<p><span class=\"info__text\"><strong>MUHT\u0130\u015e\u0130M E\u011e\u0130T\u0130C\u0130 KARTLAR!<\/strong><br \/>\n<strong>HEM DE ARTTIRILMI\u015e GER\u00c7EKL\u0130KLE!<\/strong><br \/>\nSelam Arkada\u015flar ben \u015eakir! Herkesin bildi\u011fi ismimle Kral \u015eakir!<br \/>\nBu muhti\u015fim kart setimizde hem \u00e7oook e\u011fleniyor hem de haf\u0131zam\u0131z\u0131 geli\u015ftiriyoruz. Karakterlerin e\u015f kartlar\u0131n\u0131 buldu\u011funda artt\u0131r\u0131lm\u0131\u015f ger\u00e7eklikle kartlardan \u00e7\u0131k\u0131yorlar.<br \/>\nHeyooo!<\/p>\n<p>Artt\u0131r\u0131lm\u0131\u015f ger\u00e7eklik teknolojisiyle ben, Fil Necati A\u011fabey ve di\u011ferleri adeta telefondan \u00e7\u0131k\u0131p yan\u0131n\u0131za geliyoruz! \u00c7ok E\u011fleniyoruz \u00e7ok!<\/p>\n<p>Sticker ve poster hediyemizden bahsetmi\u015f miydim?<br \/>\nE hadi o zaman, ne duruyoruz, hemen maceraya ba\u015flayal\u0131m!<\/span><\/p>","protected":false},"featured_media":13146,"template":"","meta":{"spay_email":""},"product_cat":[172],"product_tag":[],"item":[1268],"acf":[],"_links":{"self":[{"href":"https:\/\/mgvpublications.com\/de\/wp-json\/wp\/v2\/product\/13145"}],"collection":[{"href":"https:\/\/mgvpublications.com\/de\/wp-json\/wp\/v2\/product"}],"about":[{"href":"https:\/\/mgvpublications.com\/de\/wp-json\/wp\/v2\/types\/product"}],"wp:featuredmedia":[{"embeddable":true,"href":"https:\/\/mgvpublications.com\/de\/wp-json\/wp\/v2\/media\/13146"}],"wp:attachment":[{"href":"https:\/\/mgvpublications.com\/de\/wp-json\/wp\/v2\/media?parent=13145"}],"wp:term":[{"taxonomy":"product_cat","embeddable":true,"href":"https:\/\/mgvpublications.com\/de\/wp-json\/wp\/v2\/product_cat?post=13145"},{"taxonomy":"product_tag","embeddable":true,"href":"https:\/\/mgvpublications.com\/de\/wp-json\/wp\/v2\/product_tag?post=13145"},{"taxonomy":"item","embeddable":true,"href":"https:\/\/mgvpublications.com\/de\/wp-json\/wp\/v2\/item?post=13145"}],"curies":[{"name":"wp","href":"https:\/\/api.w.org\/{rel}","templated":true}]}}