{"id":13132,"date":"2020-08-11T17:07:10","date_gmt":"2020-08-11T15:07:10","guid":{"rendered":"https:\/\/dev2.mgvpublications.com\/produkt\/hareketli-oyun-saati\/"},"modified":"2022-03-08T22:35:36","modified_gmt":"2022-03-08T21:35:36","slug":"hareketli-oyun-saati","status":"publish","type":"product","link":"https:\/\/mgvpublications.com\/de\/hareketli-oyun-saati\/","title":{"rendered":"Hareketli Oyun Saati"},"content":{"rendered":"<table>\n<tbody>\n<tr>\n<td>Yay\u0131n Tarihi:<\/td>\n<td>19.11.2018<\/td>\n<\/tr>\n<tr>\n<td>ISBN:<\/td>\n<td>6053602439<\/td>\n<\/tr>\n<tr>\n<td>Bask\u0131 Say\u0131s\u0131:<\/td>\n<td>8. Bask\u0131<\/td>\n<\/tr>\n<tr>\n<td>Dil:<\/td>\n<td>T\u00dcRK\u00c7E<\/td>\n<\/tr>\n<tr>\n<td>Sayfa Say\u0131s\u0131:<\/td>\n<td>8<\/td>\n<\/tr>\n<tr>\n<td>Cilt Tipi:<\/td>\n<td>Karton Kapak<\/td>\n<\/tr>\n<tr>\n<td>Ka\u011f\u0131t Cinsi:<\/td>\n<td>Kitap Ka\u011f\u0131d\u0131<\/td>\n<\/tr>\n<tr>\n<td>Boyut:<\/td>\n<td>18 x 18 cm<\/td>\n<\/tr>\n<\/tbody>\n<\/table>","protected":false},"excerpt":{"rendered":"<div class=\"top-block\">\n<div class=\"pr_description\">\n<div id=\"description_text\"><span class=\"info__text\">Bu e\u011flenceli kitapta yapacak \u00e7ok \u015fey var. \u00c7ocu\u011funuz parmaklar\u0131n\u0131 kullanarak kitaptaki aktivitelere kat\u0131labilir, kendi \u00f6yk\u00fcs\u00fcn\u00fc olu\u015fturabilir.<\/p>\n<p>Hareketli Kitaplar \u00e7ocuklar\u0131n boyut alg\u0131lar\u0131n\u0131, el g\u00f6z koordinasyonlar\u0131n\u0131 ve \u00e7evreyle ba\u011flant\u0131 kurma yeteneklerini geli\u015ftirmek amac\u0131yla haz\u0131rlanm\u0131\u015ft\u0131r. \u00c7ocu\u011funuzun elinden d\u00fc\u015f\u00fcrmeyece\u011fi Hareketli Kitaplar serisi hem \u00e7ok e\u011flenceli hem de \u00e7ok dayan\u0131kl\u0131.<br \/>\n<\/span><\/div>\n<\/div>\n<\/div>\n<div class=\"bottom-block\">\n<div class=\"pr_attributes\">\n<hr \/>\n<\/div>\n<\/div>","protected":false},"featured_media":13133,"template":"","meta":{"spay_email":""},"product_cat":[172],"product_tag":[],"item":[336],"acf":[],"_links":{"self":[{"href":"https:\/\/mgvpublications.com\/de\/wp-json\/wp\/v2\/product\/13132"}],"collection":[{"href":"https:\/\/mgvpublications.com\/de\/wp-json\/wp\/v2\/product"}],"about":[{"href":"https:\/\/mgvpublications.com\/de\/wp-json\/wp\/v2\/types\/product"}],"wp:featuredmedia":[{"embeddable":true,"href":"https:\/\/mgvpublications.com\/de\/wp-json\/wp\/v2\/media\/13133"}],"wp:attachment":[{"href":"https:\/\/mgvpublications.com\/de\/wp-json\/wp\/v2\/media?parent=13132"}],"wp:term":[{"taxonomy":"product_cat","embeddable":true,"href":"https:\/\/mgvpublications.com\/de\/wp-json\/wp\/v2\/product_cat?post=13132"},{"taxonomy":"product_tag","embeddable":true,"href":"https:\/\/mgvpublications.com\/de\/wp-json\/wp\/v2\/product_tag?post=13132"},{"taxonomy":"item","embeddable":true,"href":"https:\/\/mgvpublications.com\/de\/wp-json\/wp\/v2\/item?post=13132"}],"curies":[{"name":"wp","href":"https:\/\/api.w.org\/{rel}","templated":true}]}}