{"id":13090,"date":"2020-08-09T14:52:06","date_gmt":"2020-08-09T12:52:06","guid":{"rendered":"https:\/\/dev2.mgvpublications.com\/produkt\/imparatorlugun-en-uzun-yuezyili\/"},"modified":"2022-03-08T22:35:35","modified_gmt":"2022-03-08T21:35:35","slug":"imparatorlugun-en-uzun-yuezyili","status":"publish","type":"product","link":"https:\/\/mgvpublications.com\/de\/imparatorlugun-en-uzun-yuezyili\/","title":{"rendered":"\u0130mparatorlu\u011fun En Uzun Y\u00fczy\u0131l\u0131"},"content":{"rendered":"<p>Yay\u0131n Tarihi: 01.04.2019<br \/>ISBN: 9789752430365<br \/>Dil: T\u00dcRK\u00c7E<br \/>Sayfa Say\u0131s\u0131: 304<br \/>Cilt Tipi: Karton Kapak<br \/>Ka\u011f\u0131t Cinsi: Kitap Ka\u011f\u0131d\u0131<br \/>Boyut: 13.5 x 21 cm<\/p>","protected":false},"excerpt":{"rendered":"<p>\u00d6NCES\u0130YLE, SONRASIYLA, DETAYLARIYLA EN KR\u0130T\u0130K D\u00d6NEM: TANZ\u0130MAT&#8230; \u201cOsmanl\u0131 modernle\u015fmesi otokratik bir modernle\u015fmesidir, i\u00e7 ve d\u0131\u015f geli\u015fmeler, hayat\u0131n\u0131n son k\u0131rk y\u0131l\u0131nda imparatorlu\u011fu bu otokratik modernle\u015fmeden anayasal bir monar\u015fiye kadar s\u00fcr\u00fckledi, imparatorluk gen\u00e7 Cumhuriyete parlamento, siyasal parti kadrolar\u0131, bas\u0131n gibi siyasal kurumlar\u0131 miras b\u0131rakt\u0131. Cumhuriyetin tabipleri, fen adamlar\u0131 hukuk\u00e7u, tarih\u00e7i ve filologlar\u0131 son devrin Osmanl\u0131 ayd\u0131n kadrolar\u0131ndan \u00e7\u0131kt\u0131. Cumhuriyet ilk anda e\u011fitim sistemini, \u00fcniversiteyi, y\u00f6netim \u00f6rg\u00fct\u00fcn\u00fc, mali sistemini imparatorluktan miras ald\u0131. Cumhuriyet devrimcileri bir orta \u00e7a\u011f toplumuyla de\u011fil, son asr\u0131n\u0131 modernle\u015fme sanc\u0131lar\u0131 ile ge\u00e7iren imparatorlu\u011fun kal\u0131nt\u0131s\u0131 bir toplumla yola \u00e7\u0131kt\u0131lar. Cumhuriyetin radikalizmini kam\u00e7\u0131layan \u00f6\u011felerden biri de yeterince radikal olamayan Osmanl\u0131 modernle\u015fmesidir. Bug\u00fcnk\u00fc T\u00fcrkiye\u2019nin siyasal-sosyal kurumlar\u0131ndaki sa\u011flaml\u0131k ve zaaf\u0131n bilinmesi, son devir Osmanl\u0131 modernle\u015fme tarihini iyi anlamakla m\u00fcmk\u00fcnd\u00fcr. 19. y\u00fczy\u0131l b\u00fct\u00fcn Osmanl\u0131 camias\u0131n\u0131n en hareketli, en sanc\u0131l\u0131, yorucu, uzun bir asr\u0131d\u0131r; gelece\u011fi haz\u0131rlayan en \u00f6nemli olaylar ve kurumlar bu asr\u0131n tarihini olu\u015fturur.\u201d \u0130lber Ortayl\u0131 19. y\u00fczy\u0131lda Osmanl\u0131 \u0130mparatorlu\u011fu&#8217;nda modernle\u015fme s\u00fcrecini, siyasi, toplumsal ve k\u00fclt\u00fcrel de\u011fi\u015fiklikleri ele alan \u0130lber Ortayl\u0131&#8217;n\u0131n ba\u015fyap\u0131t\u0131 g\u00f6zden ge\u00e7irilmi\u015f bask\u0131s\u0131yla Kronik Kitap&#8217;ta. Arap\u00e7a, Almanca, Yunanca gibi bir\u00e7ok dile \u00e7evrilen kitap son d\u00f6nem Osmanl\u0131 modernle\u015fme tarihini ele al\u0131yor.<\/p>","protected":false},"featured_media":22611,"template":"","meta":{"spay_email":""},"product_cat":[170],"product_tag":[],"item":[729],"acf":[],"_links":{"self":[{"href":"https:\/\/mgvpublications.com\/de\/wp-json\/wp\/v2\/product\/13090"}],"collection":[{"href":"https:\/\/mgvpublications.com\/de\/wp-json\/wp\/v2\/product"}],"about":[{"href":"https:\/\/mgvpublications.com\/de\/wp-json\/wp\/v2\/types\/product"}],"wp:featuredmedia":[{"embeddable":true,"href":"https:\/\/mgvpublications.com\/de\/wp-json\/wp\/v2\/media\/22611"}],"wp:attachment":[{"href":"https:\/\/mgvpublications.com\/de\/wp-json\/wp\/v2\/media?parent=13090"}],"wp:term":[{"taxonomy":"product_cat","embeddable":true,"href":"https:\/\/mgvpublications.com\/de\/wp-json\/wp\/v2\/product_cat?post=13090"},{"taxonomy":"product_tag","embeddable":true,"href":"https:\/\/mgvpublications.com\/de\/wp-json\/wp\/v2\/product_tag?post=13090"},{"taxonomy":"item","embeddable":true,"href":"https:\/\/mgvpublications.com\/de\/wp-json\/wp\/v2\/item?post=13090"}],"curies":[{"name":"wp","href":"https:\/\/api.w.org\/{rel}","templated":true}]}}