{"id":13069,"date":"2020-08-08T15:23:01","date_gmt":"2020-08-08T13:23:01","guid":{"rendered":"https:\/\/dev2.mgvpublications.com\/produkt\/kusursuz-dikkat-dikkat-dagitan-bir-duenyada-nasil-daha-ueretken-olunur\/"},"modified":"2022-03-08T22:35:34","modified_gmt":"2022-03-08T21:35:34","slug":"kusursuz-dikkat-dikkat-dagitan-bir-duenyada-nasil-daha-ueretken-olunur","status":"publish","type":"product","link":"https:\/\/mgvpublications.com\/de\/kusursuz-dikkat-dikkat-dagitan-bir-duenyada-nasil-daha-ueretken-olunur\/","title":{"rendered":"Kusursuz Dikkat (Dikkat Da\u011f\u0131tan Bir D\u00fcnyada Nas\u0131l Daha \u00dcretken Olunur?)"},"content":{"rendered":"","protected":false},"excerpt":{"rendered":"<p>Teknoloji, hayat\u0131m\u0131z\u0131n her alan\u0131nda rol \u00e7alarken kusursuz bir dikkat m\u00fcmk\u00fcn m\u00fc? Her an, her yerden \u00e2deta uyaran bombard\u0131man\u0131na maruz kald\u0131\u011f\u0131m\u0131z g\u00fcnl\u00fck ya\u015famlar\u0131m\u0131zda odaklanman\u0131n ve dikkati s\u00fcrd\u00fcrmenin p\u00fcf noktalar\u0131 var m\u0131? Dikkatimizin s\u0131n\u0131rlar\u0131 nereye kadar geni\u015fleyebilir? Dikkat s\u00fcrecimizi y\u00f6neterek nas\u0131l daha yarat\u0131c\u0131 ve \u00fcretken olabiliriz? Okudu\u011fumuzu daha iyi anlayarak okul ya da i\u015f hayatlar\u0131m\u0131zda nas\u0131l daha ba\u015far\u0131l\u0131 olabiliriz?<\/p>\n<p>Chris Bailey her birini kendi ya\u015fam\u0131nda deneyimleyerek kaleme ald\u0131\u011f\u0131 \u00f6nerilerinden olu\u015fan\u00a0<em>Kusursuz Dikkat\u2019te<\/em>, t\u00fcm bu sorular\u0131n yan\u0131tlar\u0131n\u0131 veren bir dikkat sistemi \u00f6neriyor. Dikkat da\u011f\u0131t\u0131c\u0131lar\u0131n kontrol edilebildi\u011fi ve dikkatimizi istemli olarak \u201cne\u201dye y\u00f6neltip y\u00f6neltmeyece\u011fimizi bizim belirledi\u011fimiz bir ortamda, kaliteli ve gerekti\u011fi kadar uzun s\u00fcreli odaklanabilmek sadece baz\u0131 al\u0131\u015fkanl\u0131klar\u0131n kazan\u0131lmas\u0131na ba\u011fl\u0131. Kusursuz Dikkat, okuma deneyiminiz boyunca fark\u0131ndal\u0131\u011f\u0131n\u0131z\u0131 devrede tutarak, b\u00fct\u00fcn dikkat da\u011f\u0131t\u0131c\u0131lara ra\u011fmen kendi dikkatinizin kodlar\u0131na ula\u015faca\u011f\u0131n\u0131z pratik ve uygulanabilir bir toparlanma s\u00fcreci vadediyor.<\/p>\n<p>\u201cBailey, bu pratik ve yayg\u0131n olarak uygulanabilir rehber kitab\u0131nda dikkat da\u011f\u0131n\u0131kl\u0131\u011f\u0131n\u0131; i\u015f d\u00fcnyas\u0131 ve modern ya\u015fam\u0131 hemen hemen her y\u00f6n\u00fcyle rahats\u0131z eden yayg\u0131n bir sorun olarak tan\u0131ml\u0131yor. \u0130\u015flerin h\u0131zla akt\u0131\u011f\u0131 bir i\u015f yerinde, dikkatlerinin kontrol\u00fcn\u00fc yeniden kazanmak isteyen okuyucular i\u00e7in bu kitab\u0131n okunmas\u0131 bir zorunluluktur.\u201d<br \/>\n<em>\u2014Publishers Weekly<\/em><\/p>\n<p>\u201c\u0130lgi \u00e7ekici bir kitap&#8230; Bailey bu kitab\u0131 yazarken, \u00f6n\u00fcne foto\u011fraf\u0131m\u0131 koyup beni seyirci olarak etiketlemi\u015f olabilir.\u00a0<em>Kusursuz Dikkat<\/em>, dikkat alan\u0131m\u0131n s\u0131n\u0131rlar\u0131n\u0131 tan\u0131mama ve \u00e7evreme odaklanmay\u0131 daha pratik hale getirmemde \u00e7ok yard\u0131mc\u0131 oldu. Bailey, g\u00f6revlerinize yeniden nas\u0131l yakla\u015fman\u0131z gerekti\u011fini, \u00f6nceliklerinizi belirleme yollar\u0131n\u0131 ve kopukluklar\u0131 en aza indirebilece\u011finiz y\u00f6ntemleri g\u00f6steriyor.\u201d<br \/>\n\u2014<em>New York Times<\/em>, Ki\u015fisel Geli\u015fim s\u00fctunu<\/p>","protected":false},"featured_media":13070,"template":"","meta":{"spay_email":""},"product_cat":[175],"product_tag":[],"item":[1249],"acf":[],"_links":{"self":[{"href":"https:\/\/mgvpublications.com\/de\/wp-json\/wp\/v2\/product\/13069"}],"collection":[{"href":"https:\/\/mgvpublications.com\/de\/wp-json\/wp\/v2\/product"}],"about":[{"href":"https:\/\/mgvpublications.com\/de\/wp-json\/wp\/v2\/types\/product"}],"wp:featuredmedia":[{"embeddable":true,"href":"https:\/\/mgvpublications.com\/de\/wp-json\/wp\/v2\/media\/13070"}],"wp:attachment":[{"href":"https:\/\/mgvpublications.com\/de\/wp-json\/wp\/v2\/media?parent=13069"}],"wp:term":[{"taxonomy":"product_cat","embeddable":true,"href":"https:\/\/mgvpublications.com\/de\/wp-json\/wp\/v2\/product_cat?post=13069"},{"taxonomy":"product_tag","embeddable":true,"href":"https:\/\/mgvpublications.com\/de\/wp-json\/wp\/v2\/product_tag?post=13069"},{"taxonomy":"item","embeddable":true,"href":"https:\/\/mgvpublications.com\/de\/wp-json\/wp\/v2\/item?post=13069"}],"curies":[{"name":"wp","href":"https:\/\/api.w.org\/{rel}","templated":true}]}}