{"id":13065,"date":"2020-08-08T14:33:28","date_gmt":"2020-08-08T12:33:28","guid":{"rendered":"https:\/\/dev2.mgvpublications.com\/produkt\/duenyada-gida-teroerue\/"},"modified":"2022-03-08T22:35:34","modified_gmt":"2022-03-08T21:35:34","slug":"duenyada-gida-teroerue","status":"publish","type":"product","link":"https:\/\/mgvpublications.com\/de\/duenyada-gida-teroerue\/","title":{"rendered":"D\u00fcnyada G\u0131da Ter\u00f6r\u00fc"},"content":{"rendered":"","protected":false},"excerpt":{"rendered":"<p>G\u0131da sekt\u00f6r\u00fc taraf\u0131ndan \u00fcretilen ve aldat\u0131c\u0131 reklamlarla dezenformasyonlarla insanlar i\u00e7in elzem g\u0131da maddesi olarak sunulan i\u015flenmi\u015f ve binlerce katk\u0131 maddesi kullan\u0131lm\u0131\u015f g\u0131dalar insanlar\u0131n sa\u011fl\u0131\u011f\u0131na de\u011fil y\u00fcz milyarlarlarca dolarl\u0131k piyasas\u0131 olan g\u0131da sekt\u00f6r\u00fcn\u00fcn yarar\u0131na \u00e7al\u0131\u015f\u0131r. Bu g\u0131dalarla insanlar sa\u011fl\u0131\u011f\u0131n\u0131 kaybederken g\u0131da sekt\u00f6rleri kasalar\u0131n\u0131 doldururlar. Y\u00fcksek oranda zararl\u0131 ya\u011f, \u015feker, tuz ve katk\u0131 maddeleri ihtiva eden i\u015flenmi\u015f g\u0131dalar sahte g\u0131dalara d\u00f6n\u00fc\u015fm\u00fc\u015ft\u00fcr ve insanlar\u0131 beslemez. Bunlar\u0131n raf \u00f6mr\u00fcn\u00fc uzatmak i\u00e7in i\u00e7ine konulan kimyasallar, d\u00fc\u015f\u00fck besin de\u011ferleri t\u00fcketenlerdeki toksinleri artt\u0131r hastal\u0131klar\u0131 tetikler.<\/p>\n<p>Biz topraktan sofram\u0131za kadar gelen g\u0131dalar\u0131n art\u0131k yeteri kadar besin mineral de\u011ferleri bulunmad\u0131\u011f\u0131n\u0131, aksine daha \u00e7ok zararl\u0131 maddeler bulundu\u011funu bilsek de alternatif yollar gittik\u00e7e azalt\u0131ld\u0131\u011f\u0131 i\u00e7in istemeyerek de olsa bunlar\u0131 t\u00fcketmek zorunda kal\u0131yoruz. Bu suni hale gelmi\u015f s\u00f6zde g\u0131dalar bizi yaln\u0131z fiziken de\u011fil ruhen de hasta ediyor. \u0130nsano\u011flunun bu g\u0131da ter\u00f6r\u00fcnden bir an \u00f6nce bilin\u00e7lenerek kurtulmas\u0131 gerekmektedir.<\/p>\n<p>\u201c\u0130smail Tokalak\u2019\u0131n bu \u015fok edici kitab\u0131 bize ve \u00e7ocuklar\u0131m\u0131za sunulan g\u0131dalar\u0131n tehlikelerini y\u00fczlerce bilimsel referanslarla destekleyerek g\u00f6sterirken bize sa\u011fl\u0131kl\u0131 ya\u015fam konusunda takip etmemiz gereken yol haritas\u0131n\u0131 da veriyor. Tokalak\u2019\u0131 herkesin ba\u015fucu kitab\u0131 olmas\u0131 gereken bu \u00e7al\u0131\u015fmas\u0131ndan dolay\u0131 can\u0131 g\u00f6n\u00fclden kutluyor ve tebrik ediyorum. Her yeni kitab\u0131 ufkumuzu daha da \u00e7ok a\u00e7\u0131yor.\u201d<\/p>","protected":false},"featured_media":13066,"template":"","meta":{"spay_email":""},"product_cat":[180],"product_tag":[],"item":[1247],"acf":[],"_links":{"self":[{"href":"https:\/\/mgvpublications.com\/de\/wp-json\/wp\/v2\/product\/13065"}],"collection":[{"href":"https:\/\/mgvpublications.com\/de\/wp-json\/wp\/v2\/product"}],"about":[{"href":"https:\/\/mgvpublications.com\/de\/wp-json\/wp\/v2\/types\/product"}],"wp:featuredmedia":[{"embeddable":true,"href":"https:\/\/mgvpublications.com\/de\/wp-json\/wp\/v2\/media\/13066"}],"wp:attachment":[{"href":"https:\/\/mgvpublications.com\/de\/wp-json\/wp\/v2\/media?parent=13065"}],"wp:term":[{"taxonomy":"product_cat","embeddable":true,"href":"https:\/\/mgvpublications.com\/de\/wp-json\/wp\/v2\/product_cat?post=13065"},{"taxonomy":"product_tag","embeddable":true,"href":"https:\/\/mgvpublications.com\/de\/wp-json\/wp\/v2\/product_tag?post=13065"},{"taxonomy":"item","embeddable":true,"href":"https:\/\/mgvpublications.com\/de\/wp-json\/wp\/v2\/item?post=13065"}],"curies":[{"name":"wp","href":"https:\/\/api.w.org\/{rel}","templated":true}]}}