{"id":13063,"date":"2020-08-08T14:30:15","date_gmt":"2020-08-08T12:30:15","guid":{"rendered":"https:\/\/dev2.mgvpublications.com\/produkt\/yemezler-bilimsel-verilerle-gida-hastalik-iliskisi\/"},"modified":"2022-03-08T22:35:34","modified_gmt":"2022-03-08T21:35:34","slug":"yemezler-bilimsel-verilerle-gida-hastalik-iliskisi","status":"publish","type":"product","link":"https:\/\/mgvpublications.com\/de\/yemezler-bilimsel-verilerle-gida-hastalik-iliskisi\/","title":{"rendered":"Yemezler! &#038; Bilimsel Verilerle G\u0131da-Hastal\u0131k \u0130li\u015fkisi"},"content":{"rendered":"","protected":false},"excerpt":{"rendered":"<p>Bu kitap t\u00fcketiciyi marketler arac\u0131l\u0131\u011f\u0131yla uzun raf \u00f6m\u00fcrl\u00fc g\u0131daya mahkum eden end\u00fcstriyel \u00fcretim anlay\u0131\u015f\u0131n\u0131n insanlar\u0131 nas\u0131l hasta etti\u011fini anlatmak amac\u0131yla zorunlu olarak yaz\u0131lm\u0131\u015ft\u0131r. Yemezler!, ek\u015fimeyen yo\u011furt, uzun \u00f6m\u00fcrl\u00fc UHT kutu s\u00fct, 45 g\u00fcnde yeti\u015ftirilip 20 dakikada pi\u015febilen pili\u00e7lerden yola \u00e7\u0131karak beslenme-hastal\u0131k ili\u015fkisini irdelemekte ve bu vesileyle Bat\u0131 akademisine, yine onun verilerini kullanarak do\u011frudan ele\u015ftiri sunmaktad\u0131r.<\/p>\n<p>Kitab\u0131n g\u00f6nderme yapt\u0131\u011f\u0131 kaynaklar\u0131n b\u00fct\u00fcn\u00fc bilimsel dergilerde yay\u0131mlanm\u0131\u015f makalelerdir ve de\u011ferlendirme s\u00fcreci 1800&#8217;lerin sonlar\u0131ndan ba\u015flamaktad\u0131r. \u0130\u00e7erik beslenmeyle k\u0131s\u0131tl\u0131 tutulmam\u0131\u015f, biyolojinin ve ba\u015fta kanser olmak \u00fczere hastal\u0131klar\u0131n mekanizmalar\u0131 da farkl\u0131 birbak\u0131\u015f a\u00e7\u0131s\u0131yla yeniden g\u00f6zden ge\u00e7irilmi\u015ftir.<\/p>","protected":false},"featured_media":13064,"template":"","meta":{"spay_email":""},"product_cat":[1352],"product_tag":[],"item":[685],"acf":[],"_links":{"self":[{"href":"https:\/\/mgvpublications.com\/de\/wp-json\/wp\/v2\/product\/13063"}],"collection":[{"href":"https:\/\/mgvpublications.com\/de\/wp-json\/wp\/v2\/product"}],"about":[{"href":"https:\/\/mgvpublications.com\/de\/wp-json\/wp\/v2\/types\/product"}],"wp:featuredmedia":[{"embeddable":true,"href":"https:\/\/mgvpublications.com\/de\/wp-json\/wp\/v2\/media\/13064"}],"wp:attachment":[{"href":"https:\/\/mgvpublications.com\/de\/wp-json\/wp\/v2\/media?parent=13063"}],"wp:term":[{"taxonomy":"product_cat","embeddable":true,"href":"https:\/\/mgvpublications.com\/de\/wp-json\/wp\/v2\/product_cat?post=13063"},{"taxonomy":"product_tag","embeddable":true,"href":"https:\/\/mgvpublications.com\/de\/wp-json\/wp\/v2\/product_tag?post=13063"},{"taxonomy":"item","embeddable":true,"href":"https:\/\/mgvpublications.com\/de\/wp-json\/wp\/v2\/item?post=13063"}],"curies":[{"name":"wp","href":"https:\/\/api.w.org\/{rel}","templated":true}]}}