{"id":13061,"date":"2020-08-08T14:28:28","date_gmt":"2020-08-08T12:28:28","guid":{"rendered":"https:\/\/dev2.mgvpublications.com\/produkt\/yeniden-dirilise-birinci-duenya-savasini-nasil-idare-ettik\/"},"modified":"2022-03-08T22:35:34","modified_gmt":"2022-03-08T21:35:34","slug":"yeniden-dirilise-birinci-duenya-savasini-nasil-idare-ettik","status":"publish","type":"product","link":"https:\/\/mgvpublications.com\/de\/yeniden-dirilise-birinci-duenya-savasini-nasil-idare-ettik\/","title":{"rendered":"Yeniden Dirili\u015fe &#038; Birinci D\u00fcnya Sava\u015f\u0131n\u0131 Nas\u0131l \u0130dare Ettik?"},"content":{"rendered":"","protected":false},"excerpt":{"rendered":"<p>Kaz\u0131m Karabekir Pa\u015fa, Birinci D\u00fcnya Sava\u015f\u0131 esnas\u0131nda Genelkurmay Ba\u015fkanl\u0131\u011f\u0131 istihbarat \u015fubesini idare etmi\u015ftir.<br \/>\nSava\u015f m\u00fcddetince de \u00c7anakkale, Irak cephelerinde \u00f6nemli g\u00f6revlerde bulunurken do\u011fu cephesinin de<br \/>\nVan G\u00f6l\u00fc-Mu\u015f-\u00c7apak\u00e7ur; Rus ordular\u0131n\u0131n Bol\u015feviklik darbesiyle sars\u0131lmas\u0131 \u00fczerine de Kafkas Cephesinin sa\u011f taraf\u0131nda bulunan \u0130kinci Kolordu Komutanl\u0131\u011f\u0131\u2019ndan, Erzincan\u2019\u0131n kar\u015f\u0131s\u0131ndaki Birinci Kafkas Kolordu Komutanl\u0131\u011f\u0131 g\u00f6revlerinde bulunmu\u015ftur.<br \/>\nPa\u015fa, sava\u015f d\u00f6neminde t\u00fcm ya\u015fad\u0131klar\u0131n\u0131 belgeler ve bilgiler \u0131\u015f\u0131\u011f\u0131nda kay\u0131t alt\u0131na alm\u0131\u015ft\u0131r.<br \/>\nDaha \u00f6nce yay\u0131nevimiz taraf\u0131ndan yay\u0131nlanan \u2018\u0130mparatorlu\u011fun \u00c7\u00f6k\u00fc\u015f\u00fc\u2019 isimli eserinde bu an\u0131lar\u0131n\u0131n, Osmanl\u0131 \u0130mparatorlu\u011fu\u2019nun Birinci D\u00fcnya Sava\u015f\u0131\u2019na neden ve nas\u0131l girdi\u011fini yazd\u0131\u011f\u0131 eserlerinden olu\u015fmu\u015ftu.<br \/>\nYeniden Dirili\u015fe ismiyle yay\u0131nlad\u0131\u011f\u0131m\u0131z bu eser ise Pa\u015fa\u2019n\u0131n, \u201cBirinci D\u00fcnya Sava\u015f\u0131\u2019n\u0131 nas\u0131l idare ettik ba\u015fl\u0131\u011f\u0131 alt\u0131ndaki, Erzincan ve Erzurum\u2019un Kurtulu\u015fu, Sar\u0131kam\u0131\u015f, Kars ve \u00d6tesi\u201d b\u00f6l\u00fcm\u00fcn\u00fc kapsamaktad\u0131r.<\/p>","protected":false},"featured_media":13062,"template":"","meta":{"spay_email":""},"product_cat":[170],"product_tag":[],"item":[1245],"acf":[],"_links":{"self":[{"href":"https:\/\/mgvpublications.com\/de\/wp-json\/wp\/v2\/product\/13061"}],"collection":[{"href":"https:\/\/mgvpublications.com\/de\/wp-json\/wp\/v2\/product"}],"about":[{"href":"https:\/\/mgvpublications.com\/de\/wp-json\/wp\/v2\/types\/product"}],"wp:featuredmedia":[{"embeddable":true,"href":"https:\/\/mgvpublications.com\/de\/wp-json\/wp\/v2\/media\/13062"}],"wp:attachment":[{"href":"https:\/\/mgvpublications.com\/de\/wp-json\/wp\/v2\/media?parent=13061"}],"wp:term":[{"taxonomy":"product_cat","embeddable":true,"href":"https:\/\/mgvpublications.com\/de\/wp-json\/wp\/v2\/product_cat?post=13061"},{"taxonomy":"product_tag","embeddable":true,"href":"https:\/\/mgvpublications.com\/de\/wp-json\/wp\/v2\/product_tag?post=13061"},{"taxonomy":"item","embeddable":true,"href":"https:\/\/mgvpublications.com\/de\/wp-json\/wp\/v2\/item?post=13061"}],"curies":[{"name":"wp","href":"https:\/\/api.w.org\/{rel}","templated":true}]}}