{"id":13030,"date":"2020-08-07T16:55:28","date_gmt":"2020-08-07T14:55:28","guid":{"rendered":"https:\/\/dev2.mgvpublications.com\/produkt\/cocuklarla-basbasa-cep-boy\/"},"modified":"2022-03-08T22:35:31","modified_gmt":"2022-03-08T21:35:31","slug":"cocuklarla-basbasa-cep-boy","status":"publish","type":"product","link":"https:\/\/mgvpublications.com\/de\/cocuklarla-basbasa-cep-boy\/","title":{"rendered":"\u00c7ocuklarla Ba\u015fba\u015fa (Cep Boy)"},"content":{"rendered":"<div>Yay\u0131n Tarihi: 20.04.2017<\/div>\n<div>ISBN: 9758757886<\/div>\n<div>Bask\u0131 Say\u0131s\u0131: 1. Bask\u0131<\/div>\n<div>Dil: T\u00dcRK\u00c7E<\/div>\n<div>Sayfa Say\u0131s\u0131: 96<\/div>\n<div>Cilt Tipi: Karton Kapak<\/div>\n<div>Ka\u011f\u0131t Cinsi: 1. Hm. Ka\u011f\u0131t<\/div>\n<div>Boyut: 10.5 x 16.5 cm<\/div>","protected":false},"excerpt":{"rendered":"<p>\u00c7ocuklarla Ba\u015fba\u015fa, Merhum Mahmud Es&#8217;ad Co\u015fan Hocaefendi&#8217;nin G\u00fcl\u00e7ocuk dergisinde kaleme ald\u0131\u011f\u0131 yaz\u0131lar\u0131n tamam\u0131ndan olu\u015fmaktad\u0131r.<br \/>\nHocaefendi&#8217;ye g\u00f6re, ihmal edilmemesi gereken en \u00f6nemli kesim \u00e7ocuklard\u0131r. \u00c7\u00fcnk\u00fc onlar d\u00fcnyan\u0131n en g\u00fc\u00e7l\u00fc insanlar\u0131d\u0131r. En kalabal\u0131k n\u00fcfus onlar\u0131nd\u0131r. Onlar ba\u015f\u0131m\u0131z\u0131n tac\u0131, g\u00f6z\u00fcm\u00fcz\u00fcn bebe\u011fi, g\u00f6n\u00fcl bah\u00e7emizin tatl\u0131 meyvesi, gelece\u011fimizin g\u00fczel umudu, yar\u0131nlar\u0131m\u0131z\u0131n sahipleri ve bek\u00e7ileridir. Bu y\u00fczden asla ihmal edilmemelidirler.<br \/>\nMahmud Es&#8217;ad Co\u015fan Hocaefendi, \u00e7ocuklar\u0131 ideal \u015fekilde e\u011fitebilmek i\u00e7in anaokullar\u0131, \u00f6zel ilk, orta ve y\u00fcksek e\u011fitim m\u00fcesseseleri kurulmas\u0131n\u0131 te\u015fvik etmi\u015f, \u00f6nayak olmu\u015f ve bu ama\u00e7la \u00e7ok say\u0131da e\u011fitim kurumu hayata ge\u00e7mi\u015ftir. Bu ama\u00e7la bir ba\u015fka hizmet tarz\u0131na daha \u00f6nc\u00fcl\u00fck ederek 1987 y\u0131l\u0131n\u0131n May\u0131s ay\u0131nda ayl\u0131k G\u00fcl\u00e7ocuk dergisini \u00e7\u0131kartm\u0131\u015f, derginin ba\u015fmakalelerini de bizzat kendisi kaleme alm\u0131\u015ft\u0131r.<br \/>\nBug\u00fcn\u00fcn b\u00fcy\u00fckleri, \u00e7ocuklu\u011funun tatl\u0131 g\u00fcnlerini onunla ya\u015fad\u0131. G\u00fcl\u00e7ocuklar b\u00fcy\u00fcd\u00fc, hay\u0131rl\u0131 birer anne-baba oldular. \u015eimdi s\u0131ra sizin \u00e7ocuklar\u0131n\u0131zda&#8230;<br \/>\nCennet g\u00fcllerine nasihat ve tavsiyelerin yer ald\u0131\u011f\u0131 bu de\u011ferli eseri \u00e7ocuklar\u0131n\u0131z b\u00fcy\u00fck bir keyifle okuyacak.<\/p>","protected":false},"featured_media":13031,"template":"","meta":{"spay_email":""},"product_cat":[171,174],"product_tag":[],"item":[699],"acf":[],"_links":{"self":[{"href":"https:\/\/mgvpublications.com\/de\/wp-json\/wp\/v2\/product\/13030"}],"collection":[{"href":"https:\/\/mgvpublications.com\/de\/wp-json\/wp\/v2\/product"}],"about":[{"href":"https:\/\/mgvpublications.com\/de\/wp-json\/wp\/v2\/types\/product"}],"wp:featuredmedia":[{"embeddable":true,"href":"https:\/\/mgvpublications.com\/de\/wp-json\/wp\/v2\/media\/13031"}],"wp:attachment":[{"href":"https:\/\/mgvpublications.com\/de\/wp-json\/wp\/v2\/media?parent=13030"}],"wp:term":[{"taxonomy":"product_cat","embeddable":true,"href":"https:\/\/mgvpublications.com\/de\/wp-json\/wp\/v2\/product_cat?post=13030"},{"taxonomy":"product_tag","embeddable":true,"href":"https:\/\/mgvpublications.com\/de\/wp-json\/wp\/v2\/product_tag?post=13030"},{"taxonomy":"item","embeddable":true,"href":"https:\/\/mgvpublications.com\/de\/wp-json\/wp\/v2\/item?post=13030"}],"curies":[{"name":"wp","href":"https:\/\/api.w.org\/{rel}","templated":true}]}}