{"id":13027,"date":"2020-08-07T16:50:04","date_gmt":"2020-08-07T14:50:04","guid":{"rendered":"https:\/\/dev2.mgvpublications.com\/produkt\/modern-cagin-inanc-sorunlari\/"},"modified":"2024-12-29T21:49:18","modified_gmt":"2024-12-29T20:49:18","slug":"modern-cagin-inanc-sorunlari","status":"publish","type":"product","link":"https:\/\/mgvpublications.com\/de\/modern-cagin-inanc-sorunlari\/","title":{"rendered":"Modern \u00c7a\u011f\u0131n \u0130nan\u00e7 Sorunlar\u0131"},"content":{"rendered":"<div><\/div>\n<div>Editor: Fatih Kurt<\/div>\n<div>Yay\u0131n Tarihi: 03.02.2020<\/div>\n<div>ISBN: 6057730596<\/div>\n<div>Bask\u0131 Say\u0131s\u0131: 1. Bask\u0131<\/div>\n<div>Dil: T\u00dcRK\u00c7E<\/div>\n<div>Sayfa Say\u0131s\u0131: 130<\/div>\n<div>Cilt Tipi: Karton Kapak<\/div>\n<div>Ka\u011f\u0131t Cinsi: Kitap Ka\u011f\u0131d\u0131<\/div>\n<div>Boyut: 13 x 21 cm<\/div>","protected":false},"excerpt":{"rendered":"<p>G\u00fcn\u00fcm\u00fcz insan\u0131n\u0131 bunal\u0131mdan bunal\u0131ma s\u00fcr\u00fckleyen pek \u00e7ok \u201cizm\u201din, pek \u00e7ok inan\u00e7 probleminin \u00f6n\u00fcne ge\u00e7mek ancak dini vahy\u00ee temellerine dayal\u0131 olarak yeniden anlamaya \u00e7al\u0131\u015fmakla ve Kur\u2019an\u2019\u0131n da emretti\u011fi ilm\u00ee ara\u015ft\u0131rma ruhunu geli\u015ftirmekle m\u00fcmk\u00fcn olacakt\u0131r<\/p>","protected":false},"featured_media":14460,"template":"","meta":{"spay_email":""},"product_cat":[174],"product_tag":[],"item":[960],"acf":[],"_links":{"self":[{"href":"https:\/\/mgvpublications.com\/de\/wp-json\/wp\/v2\/product\/13027"}],"collection":[{"href":"https:\/\/mgvpublications.com\/de\/wp-json\/wp\/v2\/product"}],"about":[{"href":"https:\/\/mgvpublications.com\/de\/wp-json\/wp\/v2\/types\/product"}],"wp:featuredmedia":[{"embeddable":true,"href":"https:\/\/mgvpublications.com\/de\/wp-json\/wp\/v2\/media\/14460"}],"wp:attachment":[{"href":"https:\/\/mgvpublications.com\/de\/wp-json\/wp\/v2\/media?parent=13027"}],"wp:term":[{"taxonomy":"product_cat","embeddable":true,"href":"https:\/\/mgvpublications.com\/de\/wp-json\/wp\/v2\/product_cat?post=13027"},{"taxonomy":"product_tag","embeddable":true,"href":"https:\/\/mgvpublications.com\/de\/wp-json\/wp\/v2\/product_tag?post=13027"},{"taxonomy":"item","embeddable":true,"href":"https:\/\/mgvpublications.com\/de\/wp-json\/wp\/v2\/item?post=13027"}],"curies":[{"name":"wp","href":"https:\/\/api.w.org\/{rel}","templated":true}]}}