{"id":13024,"date":"2020-08-07T16:25:16","date_gmt":"2020-08-07T14:25:16","guid":{"rendered":"https:\/\/dev2.mgvpublications.com\/produkt\/suennet-olmadan-uemmet-olmaz\/"},"modified":"2022-03-08T22:35:31","modified_gmt":"2022-03-08T21:35:31","slug":"suennet-olmadan-uemmet-olmaz","status":"publish","type":"product","link":"https:\/\/mgvpublications.com\/de\/suennet-olmadan-uemmet-olmaz\/","title":{"rendered":"S\u00fcnnet Olmadan \u00dcmmet Olmaz"},"content":{"rendered":"<p>Yay\u0131n Tarihi: 13.12.2017<br \/>ISBN: 9789752420403<br \/>Dil: T\u00dcRK\u00c7E<br \/>Sayfa Say\u0131s\u0131: 456<br \/>Cilt Tipi: Karton Kapak<br \/>Ka\u011f\u0131t Cinsi: Kitap Ka\u011f\u0131d\u0131<br \/>Boyut: 15 x 22 cm<\/p>","protected":false},"excerpt":{"rendered":"<p>Yay\u0131n Tarihi: 13.12.2017ISBN: 9789752420403Dil: T\u00dcRK\u00c7ESayfa Say\u0131s\u0131: 456Cilt Tipi: Karton KapakKa\u011f\u0131t Cinsi: Kitap Ka\u011f\u0131d\u0131Boyut: 15 x 22 cm<\/p>","protected":false},"featured_media":22510,"template":"","meta":{"spay_email":""},"product_cat":[174],"product_tag":[],"item":[699],"acf":[],"_links":{"self":[{"href":"https:\/\/mgvpublications.com\/de\/wp-json\/wp\/v2\/product\/13024"}],"collection":[{"href":"https:\/\/mgvpublications.com\/de\/wp-json\/wp\/v2\/product"}],"about":[{"href":"https:\/\/mgvpublications.com\/de\/wp-json\/wp\/v2\/types\/product"}],"wp:featuredmedia":[{"embeddable":true,"href":"https:\/\/mgvpublications.com\/de\/wp-json\/wp\/v2\/media\/22510"}],"wp:attachment":[{"href":"https:\/\/mgvpublications.com\/de\/wp-json\/wp\/v2\/media?parent=13024"}],"wp:term":[{"taxonomy":"product_cat","embeddable":true,"href":"https:\/\/mgvpublications.com\/de\/wp-json\/wp\/v2\/product_cat?post=13024"},{"taxonomy":"product_tag","embeddable":true,"href":"https:\/\/mgvpublications.com\/de\/wp-json\/wp\/v2\/product_tag?post=13024"},{"taxonomy":"item","embeddable":true,"href":"https:\/\/mgvpublications.com\/de\/wp-json\/wp\/v2\/item?post=13024"}],"curies":[{"name":"wp","href":"https:\/\/api.w.org\/{rel}","templated":true}]}}