{"id":13015,"date":"2020-08-07T16:07:34","date_gmt":"2020-08-07T14:07:34","guid":{"rendered":"https:\/\/dev2.mgvpublications.com\/produkt\/soezlerin-en-guezeli-kuran\/"},"modified":"2022-03-08T22:35:31","modified_gmt":"2022-03-08T21:35:31","slug":"soezlerin-en-guezeli-kuran","status":"publish","type":"product","link":"https:\/\/mgvpublications.com\/de\/soezlerin-en-guezeli-kuran\/","title":{"rendered":"S\u00f6zlerin En G\u00fczeli Kur&#8217;an"},"content":{"rendered":"<div>Yay\u0131n Tarihi: 25.11.2019<\/div>\n<div>ISBN: 6057519832<\/div>\n<div>Bask\u0131 Say\u0131s\u0131: 1. Bask\u0131<\/div>\n<div>Dil: T\u00dcRK\u00c7E<\/div>\n<div>Sayfa Say\u0131s\u0131: 75<\/div>\n<div>Cilt Tipi: Karton Kapak<\/div>\n<div>Ka\u011f\u0131t Cinsi: Ku\u015fe Ka\u011f\u0131t<\/div>\n<div>Boyut: 10.5 x 21 cm<\/div>","protected":false},"excerpt":{"rendered":"<p>Kur\u2019an on d\u00f6rt asr\u0131 a\u015fk\u0131n bir s\u00fcredir M\u00fcsl\u00fcmanlar\u0131n pratik hayatlar\u0131n\u0131n ve medeniyetlerinin de\u011fi\u015fmez ilham kayna\u011f\u0131 olmu\u015ftur. Her d\u00f6nemde bilginler, onu anlamaya ve ke\u015ffetmeye \u00e7al\u0131\u015fm\u0131\u015flard\u0131r.<br \/>\nG\u00fcn\u00fcm\u00fczde de yery\u00fcz\u00fcn\u00fcn de\u011fi\u015fik k\u0131talar\u0131nda ya\u015fayan say\u0131s\u0131z M\u00fcsl\u00fcman, onun dupduru hayat p\u0131nar\u0131ndan beslenmektedir. Merhamet, adalet c\u00f6mertlik ve daha nice insani erdem onun sayesinde ya\u015fanmaktad\u0131r.<\/p>","protected":false},"featured_media":13016,"template":"","meta":{"spay_email":""},"product_cat":[174],"product_tag":[],"item":[960],"acf":[],"_links":{"self":[{"href":"https:\/\/mgvpublications.com\/de\/wp-json\/wp\/v2\/product\/13015"}],"collection":[{"href":"https:\/\/mgvpublications.com\/de\/wp-json\/wp\/v2\/product"}],"about":[{"href":"https:\/\/mgvpublications.com\/de\/wp-json\/wp\/v2\/types\/product"}],"wp:featuredmedia":[{"embeddable":true,"href":"https:\/\/mgvpublications.com\/de\/wp-json\/wp\/v2\/media\/13016"}],"wp:attachment":[{"href":"https:\/\/mgvpublications.com\/de\/wp-json\/wp\/v2\/media?parent=13015"}],"wp:term":[{"taxonomy":"product_cat","embeddable":true,"href":"https:\/\/mgvpublications.com\/de\/wp-json\/wp\/v2\/product_cat?post=13015"},{"taxonomy":"product_tag","embeddable":true,"href":"https:\/\/mgvpublications.com\/de\/wp-json\/wp\/v2\/product_tag?post=13015"},{"taxonomy":"item","embeddable":true,"href":"https:\/\/mgvpublications.com\/de\/wp-json\/wp\/v2\/item?post=13015"}],"curies":[{"name":"wp","href":"https:\/\/api.w.org\/{rel}","templated":true}]}}