{"id":13006,"date":"2020-08-04T21:52:31","date_gmt":"2020-08-04T19:52:31","guid":{"rendered":"https:\/\/dev2.mgvpublications.com\/produkt\/islamda-allaha-iman\/"},"modified":"2022-03-08T22:35:29","modified_gmt":"2022-03-08T21:35:29","slug":"islamda-allaha-iman","status":"publish","type":"product","link":"https:\/\/mgvpublications.com\/de\/islamda-allaha-iman\/","title":{"rendered":"\u0130slam\u2019da Allah\u2019a \u0130man"},"content":{"rendered":"<div>Yay\u0131n Tarihi: 24.05.2019<\/div>\n<div>ISBN: 9751970541<\/div>\n<div>Bask\u0131 Say\u0131s\u0131: 1. Bask\u0131<\/div>\n<div>Dil: T\u00dcRK\u00c7E<\/div>\n<div>Sayfa Say\u0131s\u0131: 73<\/div>\n<div>Cilt Tipi: Karton Kapak<\/div>\n<div>Ka\u011f\u0131t Cinsi: Kitap Ka\u011f\u0131d\u0131<\/div>\n<div>Boyut: 10.5 x 21 cm<\/div>","protected":false},"excerpt":{"rendered":"<p>Bir M\u00fcsl\u00fcman i\u00e7in varl\u0131k, ancak Cenab-\u0131 Hakk&#8217;a imanla a\u00e7\u0131klanabi\u00adlir. \u0130nsan, evren, ge\u00e7mi\u015f, gelecek, za\u00adman, mek\u00e2n, g\u00f6r\u00fcnen, g\u00f6r\u00fcnmeyen b\u00fct\u00fcn varl\u0131klar O&#8217;na iman etmekle bir anlam ve de\u011fer kazan\u0131r.<\/p>\n<p>Y\u00fcce Allah, &#8216;var&#8217; demeye lay\u0131k olan hakiki varl\u0131kt\u0131r. Ba\u015flang\u0131\u00e7ta hi\u00e7bir \u015fey yoktu, ancak O vard\u0131. Sonunda da her \u015fey yok olacak, ama O bak\u00ee kalacakt\u0131r.<\/p>","protected":false},"featured_media":16037,"template":"","meta":{"spay_email":""},"product_cat":[174],"product_tag":[],"item":[960],"acf":[],"_links":{"self":[{"href":"https:\/\/mgvpublications.com\/de\/wp-json\/wp\/v2\/product\/13006"}],"collection":[{"href":"https:\/\/mgvpublications.com\/de\/wp-json\/wp\/v2\/product"}],"about":[{"href":"https:\/\/mgvpublications.com\/de\/wp-json\/wp\/v2\/types\/product"}],"wp:featuredmedia":[{"embeddable":true,"href":"https:\/\/mgvpublications.com\/de\/wp-json\/wp\/v2\/media\/16037"}],"wp:attachment":[{"href":"https:\/\/mgvpublications.com\/de\/wp-json\/wp\/v2\/media?parent=13006"}],"wp:term":[{"taxonomy":"product_cat","embeddable":true,"href":"https:\/\/mgvpublications.com\/de\/wp-json\/wp\/v2\/product_cat?post=13006"},{"taxonomy":"product_tag","embeddable":true,"href":"https:\/\/mgvpublications.com\/de\/wp-json\/wp\/v2\/product_tag?post=13006"},{"taxonomy":"item","embeddable":true,"href":"https:\/\/mgvpublications.com\/de\/wp-json\/wp\/v2\/item?post=13006"}],"curies":[{"name":"wp","href":"https:\/\/api.w.org\/{rel}","templated":true}]}}