{"id":13003,"date":"2020-08-04T21:50:23","date_gmt":"2020-08-04T19:50:23","guid":{"rendered":"https:\/\/dev2.mgvpublications.com\/produkt\/islamda-aile\/"},"modified":"2022-03-08T22:35:29","modified_gmt":"2022-03-08T21:35:29","slug":"islamda-aile","status":"publish","type":"product","link":"https:\/\/mgvpublications.com\/de\/islamda-aile\/","title":{"rendered":"\u0130slam&#8217;da Aile"},"content":{"rendered":"<div><\/div>\n<div>Yay\u0131n Tarihi: 25.11.2019<\/div>\n<div>ISBN: 6057519894<\/div>\n<div>Bask\u0131 Say\u0131s\u0131: 1. Bask\u0131<\/div>\n<div>Dil: T\u00dcRK\u00c7E<\/div>\n<div>Sayfa Say\u0131s\u0131: 59<\/div>\n<div>Cilt Tipi: Karton Kapak<\/div>\n<div>Ka\u011f\u0131t Cinsi: Kitap Ka\u011f\u0131d\u0131<\/div>\n<div>Boyut: 10.5 x 21 cm<\/div>","protected":false},"excerpt":{"rendered":"<p>Toplum i\u00e7inde ya\u015fayan insan\u0131n d\u00fcnyadaki yaln\u0131zl\u0131\u011f\u0131n\u0131 giderebilmesi, fiziki ve duygusal ihtiya\u00e7lar\u0131n\u0131 kar\u015f\u0131layabilmesi aile kurmas\u0131 ile m\u00fcmk\u00fcnd\u00fcr. Do\u011fdu\u011fu andan itibaren aile ortam\u0131nda bulunan insan, belli olgunlu\u011fa eri\u015ftikten sonra yeni bir aile kurma ihtiyac\u0131 hisseder. Bu, onun yarat\u0131l\u0131\u015ftan getirdi\u011fi bir \u00f6zelli\u011fi oldu\u011fu gibi ayn\u0131 zamanda toplumunda kendisinden beklentisidir. \u00c7\u00fcnk\u00fc kurulacak bu yeni aile, neslin ve toplumunda devaml\u0131l\u0131\u011f\u0131n\u0131 sa\u011flayacakt\u0131r.<\/p>","protected":false},"featured_media":16036,"template":"","meta":{"spay_email":""},"product_cat":[171,174],"product_tag":[],"item":[960],"acf":[],"_links":{"self":[{"href":"https:\/\/mgvpublications.com\/de\/wp-json\/wp\/v2\/product\/13003"}],"collection":[{"href":"https:\/\/mgvpublications.com\/de\/wp-json\/wp\/v2\/product"}],"about":[{"href":"https:\/\/mgvpublications.com\/de\/wp-json\/wp\/v2\/types\/product"}],"wp:featuredmedia":[{"embeddable":true,"href":"https:\/\/mgvpublications.com\/de\/wp-json\/wp\/v2\/media\/16036"}],"wp:attachment":[{"href":"https:\/\/mgvpublications.com\/de\/wp-json\/wp\/v2\/media?parent=13003"}],"wp:term":[{"taxonomy":"product_cat","embeddable":true,"href":"https:\/\/mgvpublications.com\/de\/wp-json\/wp\/v2\/product_cat?post=13003"},{"taxonomy":"product_tag","embeddable":true,"href":"https:\/\/mgvpublications.com\/de\/wp-json\/wp\/v2\/product_tag?post=13003"},{"taxonomy":"item","embeddable":true,"href":"https:\/\/mgvpublications.com\/de\/wp-json\/wp\/v2\/item?post=13003"}],"curies":[{"name":"wp","href":"https:\/\/api.w.org\/{rel}","templated":true}]}}