{"id":12995,"date":"2020-08-04T21:39:35","date_gmt":"2020-08-04T19:39:35","guid":{"rendered":"https:\/\/dev2.mgvpublications.com\/produkt\/suenneti-reddeden-kuran-muesluemanligi\/"},"modified":"2022-03-08T22:35:29","modified_gmt":"2022-03-08T21:35:29","slug":"suenneti-reddeden-kuran-muesluemanligi","status":"publish","type":"product","link":"https:\/\/mgvpublications.com\/de\/suenneti-reddeden-kuran-muesluemanligi\/","title":{"rendered":"S\u00fcnneti Reddeden Kur&#8217;an M\u00fcsl\u00fcmanl\u0131\u011f\u0131"},"content":{"rendered":"<p>Yay\u0131n Tarihi: 27.03.2017<br \/>ISBN: 9786056608179<br \/>Dil: T\u00dcRK\u00c7E<br \/>Sayfa Say\u0131s\u0131: 240<br \/>Cilt Tipi: Karton Kapak<br \/>Ka\u011f\u0131t Cinsi: Kitap Ka\u011f\u0131d\u0131<br \/>Boyut: 13.5 x 21 cm<\/p>","protected":false},"excerpt":{"rendered":"<p>\u00c7ekr\u00e2lev\u00ee S\u00fcnnet\u2019i reddeden Kur\u2019an M\u00fcsl\u00fcmanl\u0131\u011f\u0131n\u0131n\/Mealcili\u011fin ament\u00fcs\u00fcn\u00fc, \u0130ngilizler\u2019den hem talimat, hem de ni\u015fan alan Seyyid Ahmed Han\u2019dan ald\u0131. Buna g\u00f6re S\u00fcnnet&#8217;i reddedenlerin bir k\u0131sm\u0131 do\u011frudan, bir k\u0131sm\u0131 da dolayl\u0131 yoldan Kilise\u2019ye hizmet etmektedir. Bizdeki Mealcilerin her ne iddialar\u0131 varsa tamam\u0131 Hindistan\u2019da zuhur eden Kur\u2019aniyy\u00fbn hareketine aittir. Bu y\u00fczden hadiseyi mukallitler \u00fczerinden de\u011fil, \u0130ngilizler\u2019in AR-GE\u2019sinde \u00e7al\u0131\u015fan \u00c7ekr\u00e2lev\u00ee gibi \u201cmucitler\u201d ba\u011flam\u0131nda tahl\u00eel ettik. Mealcilik, Allah Ras\u00fbl\u00fc\u2019ne \ufdfa mecnun diyen, insanlar\u0131 O\u2019ndan uzakla\u015ft\u0131rmak i\u00e7in O\u2019na dair her nev\u2019i yalan\u0131 uydurmay\u0131 vazife kabul eden, naa\u015f\u0131n\u0131 kabrinden \u00e7\u0131karmak i\u00e7in \u00f6zel adamlar g\u00f6revlendiren fakat her seferinde h\u00fcsrana u\u011frayan Kilise\u2019nin, akt\u00f6rlerini M\u00fcsl\u00fcmanlar aras\u0131ndan se\u00e7ti\u011fi en son ve en tehlikeli oyunudur.<\/p>","protected":false},"featured_media":22613,"template":"","meta":{"spay_email":""},"product_cat":[174],"product_tag":[],"item":[700],"acf":[],"_links":{"self":[{"href":"https:\/\/mgvpublications.com\/de\/wp-json\/wp\/v2\/product\/12995"}],"collection":[{"href":"https:\/\/mgvpublications.com\/de\/wp-json\/wp\/v2\/product"}],"about":[{"href":"https:\/\/mgvpublications.com\/de\/wp-json\/wp\/v2\/types\/product"}],"wp:featuredmedia":[{"embeddable":true,"href":"https:\/\/mgvpublications.com\/de\/wp-json\/wp\/v2\/media\/22613"}],"wp:attachment":[{"href":"https:\/\/mgvpublications.com\/de\/wp-json\/wp\/v2\/media?parent=12995"}],"wp:term":[{"taxonomy":"product_cat","embeddable":true,"href":"https:\/\/mgvpublications.com\/de\/wp-json\/wp\/v2\/product_cat?post=12995"},{"taxonomy":"product_tag","embeddable":true,"href":"https:\/\/mgvpublications.com\/de\/wp-json\/wp\/v2\/product_tag?post=12995"},{"taxonomy":"item","embeddable":true,"href":"https:\/\/mgvpublications.com\/de\/wp-json\/wp\/v2\/item?post=12995"}],"curies":[{"name":"wp","href":"https:\/\/api.w.org\/{rel}","templated":true}]}}