{"id":12950,"date":"2020-08-03T12:39:07","date_gmt":"2020-08-03T10:39:07","guid":{"rendered":"https:\/\/dev2.mgvpublications.com\/produkt\/hareketli-hayvanat-bahcesi\/"},"modified":"2022-03-08T22:35:26","modified_gmt":"2022-03-08T21:35:26","slug":"hareketli-hayvanat-bahcesi","status":"publish","type":"product","link":"https:\/\/mgvpublications.com\/de\/hareketli-hayvanat-bahcesi\/","title":{"rendered":"Hareketli Hayvanat Bah\u00e7esi"},"content":{"rendered":"<div class=\"attributes\">\n<table>\n<tbody>\n<tr>\n<td>\u00c7evirmen:<\/td>\n<td><a href=\"https:\/\/www.kitapyurdu.com\/yazar\/nevin-avan-ozdemir\/46235.html\" target=\"_blank\" rel=\"noopener\"> Nevin Avan \u00d6zdemir<\/a><\/td>\n<\/tr>\n<tr>\n<td>Yay\u0131n Tarihi:<\/td>\n<td>20.07.2017<\/td>\n<\/tr>\n<tr>\n<td>Orijinal Ad\u0131:<\/td>\n<td>Busy Zoo<\/td>\n<\/tr>\n<tr>\n<td>ISBN:<\/td>\n<td>6053324676<\/td>\n<\/tr>\n<tr>\n<td>Bask\u0131 Say\u0131s\u0131:<\/td>\n<td>5. Bask\u0131<\/td>\n<\/tr>\n<tr>\n<td>Dil:<\/td>\n<td>T\u00dcRK\u00c7E<\/td>\n<\/tr>\n<tr>\n<td>Sayfa Say\u0131s\u0131:<\/td>\n<td>8<\/td>\n<\/tr>\n<tr>\n<td>Cilt Tipi:<\/td>\n<td>Karton Kapak<\/td>\n<\/tr>\n<tr>\n<td>Ka\u011f\u0131t Cinsi:<\/td>\n<td>Kitap Ka\u011f\u0131d\u0131<\/td>\n<\/tr>\n<tr>\n<td>Boyut:<\/td>\n<td>18 x 18 cm<\/td>\n<\/tr>\n<\/tbody>\n<\/table>\n<\/div>\n<hr \/>","protected":false},"excerpt":{"rendered":"<p><span class=\"info__text\">Hayvanat bah\u00e7esinde \u00e7ocuklar\u0131n merak etti\u011fi bir\u00e7ok hayvan ya\u015f\u0131yor. \u00c7ocu\u011funuz parmaklar\u0131yla\u00a0sahneleri hareket ettirip, hayvanat bah\u00e7esinde e\u011flenceli bir gezi yapabilir.<br \/>\nHareketli Kitaplar \u00e7ocuklar\u0131n boyut alg\u0131lar\u0131n\u0131,\u00a0el g\u00f6z koordinasyonlar\u0131n\u0131 ve \u00e7evreyle ba\u011flant\u0131 kurma yeteneklerini geli\u015ftirmek amac\u0131yla haz\u0131rlanm\u0131\u015ft\u0131r. \u00c7ocu\u011funuzun elinden d\u00fc\u015f\u00fcrmeyece\u011fi Hareketli Kitaplar hem \u00e7ok e\u011flenceli, hem de \u00e7ok dayan\u0131kl\u0131!<\/span><\/p>","protected":false},"featured_media":12951,"template":"","meta":{"spay_email":""},"product_cat":[172],"product_tag":[],"item":[336],"acf":[],"_links":{"self":[{"href":"https:\/\/mgvpublications.com\/de\/wp-json\/wp\/v2\/product\/12950"}],"collection":[{"href":"https:\/\/mgvpublications.com\/de\/wp-json\/wp\/v2\/product"}],"about":[{"href":"https:\/\/mgvpublications.com\/de\/wp-json\/wp\/v2\/types\/product"}],"wp:featuredmedia":[{"embeddable":true,"href":"https:\/\/mgvpublications.com\/de\/wp-json\/wp\/v2\/media\/12951"}],"wp:attachment":[{"href":"https:\/\/mgvpublications.com\/de\/wp-json\/wp\/v2\/media?parent=12950"}],"wp:term":[{"taxonomy":"product_cat","embeddable":true,"href":"https:\/\/mgvpublications.com\/de\/wp-json\/wp\/v2\/product_cat?post=12950"},{"taxonomy":"product_tag","embeddable":true,"href":"https:\/\/mgvpublications.com\/de\/wp-json\/wp\/v2\/product_tag?post=12950"},{"taxonomy":"item","embeddable":true,"href":"https:\/\/mgvpublications.com\/de\/wp-json\/wp\/v2\/item?post=12950"}],"curies":[{"name":"wp","href":"https:\/\/api.w.org\/{rel}","templated":true}]}}