{"id":12942,"date":"2020-08-02T15:00:09","date_gmt":"2020-08-02T13:00:09","guid":{"rendered":"https:\/\/dev2.mgvpublications.com\/produkt\/kirk-ayette-sorumluluk-bilinci\/"},"modified":"2022-03-08T22:35:26","modified_gmt":"2022-03-08T21:35:26","slug":"kirk-ayette-sorumluluk-bilinci","status":"publish","type":"product","link":"https:\/\/mgvpublications.com\/de\/kirk-ayette-sorumluluk-bilinci\/","title":{"rendered":"K\u0131rk Ayette Sorumluluk Bilinci"},"content":{"rendered":"<table>\n<tbody>\n<tr>\n<td>Yay\u0131n Tarihi:<\/td>\n<td>17.06.2020<\/td>\n<\/tr>\n<tr>\n<td>ISBN:<\/td>\n<td>6057751751<\/td>\n<\/tr>\n<tr>\n<td>Bask\u0131 Say\u0131s\u0131:<\/td>\n<td>1. Bask\u0131<\/td>\n<\/tr>\n<tr>\n<td>Dil:<\/td>\n<td>T\u00dcRK\u00c7E<\/td>\n<\/tr>\n<tr>\n<td>Sayfa Say\u0131s\u0131:<\/td>\n<td>47<\/td>\n<\/tr>\n<tr>\n<td>Cilt Tipi:<\/td>\n<td>Karton Kapak<\/td>\n<\/tr>\n<tr>\n<td>Ka\u011f\u0131t Cinsi:<\/td>\n<td>Ku\u015fe Ka\u011f\u0131t<\/td>\n<\/tr>\n<tr>\n<td>Boyut:<\/td>\n<td>10 x 14.5 cm<\/td>\n<\/tr>\n<\/tbody>\n<\/table>","protected":false},"excerpt":{"rendered":"<p><span class=\"info__text\">\u0130nsan\u0131 insan yapan, hem d\u00fcnyas\u0131n\u0131 hem ahiretini cennete \u00e7eviren en b\u00fcy\u00fck haslet sorumluluk duygusunun, insana Rabbinden nas\u0131l anlat\u0131ld\u0131\u011f\u0131n\u0131 g\u00f6rebilece\u011fimiz 40 ayet-i kerime i\u00e7ermektedir.<\/span><\/p>","protected":false},"featured_media":12943,"template":"","meta":{"spay_email":""},"product_cat":[174],"product_tag":[],"item":[960],"acf":[],"_links":{"self":[{"href":"https:\/\/mgvpublications.com\/de\/wp-json\/wp\/v2\/product\/12942"}],"collection":[{"href":"https:\/\/mgvpublications.com\/de\/wp-json\/wp\/v2\/product"}],"about":[{"href":"https:\/\/mgvpublications.com\/de\/wp-json\/wp\/v2\/types\/product"}],"wp:featuredmedia":[{"embeddable":true,"href":"https:\/\/mgvpublications.com\/de\/wp-json\/wp\/v2\/media\/12943"}],"wp:attachment":[{"href":"https:\/\/mgvpublications.com\/de\/wp-json\/wp\/v2\/media?parent=12942"}],"wp:term":[{"taxonomy":"product_cat","embeddable":true,"href":"https:\/\/mgvpublications.com\/de\/wp-json\/wp\/v2\/product_cat?post=12942"},{"taxonomy":"product_tag","embeddable":true,"href":"https:\/\/mgvpublications.com\/de\/wp-json\/wp\/v2\/product_tag?post=12942"},{"taxonomy":"item","embeddable":true,"href":"https:\/\/mgvpublications.com\/de\/wp-json\/wp\/v2\/item?post=12942"}],"curies":[{"name":"wp","href":"https:\/\/api.w.org\/{rel}","templated":true}]}}