{"id":12938,"date":"2020-08-02T14:54:28","date_gmt":"2020-08-02T12:54:28","guid":{"rendered":"https:\/\/dev2.mgvpublications.com\/produkt\/bueyuek-muetefekkir-gazali\/"},"modified":"2022-03-08T22:35:26","modified_gmt":"2022-03-08T21:35:26","slug":"bueyuek-muetefekkir-gazali","status":"publish","type":"product","link":"https:\/\/mgvpublications.com\/de\/bueyuek-muetefekkir-gazali\/","title":{"rendered":"B\u00fcy\u00fck M\u00fctefekkir Gazali"},"content":{"rendered":"<table>\n<tbody>\n<tr>\n<td>Yay\u0131n Tarihi:<\/td>\n<td>03.07.2020<\/td>\n<\/tr>\n<tr>\n<td>ISBN:<\/td>\n<td>9751956460<\/td>\n<\/tr>\n<tr>\n<td>Bask\u0131 Say\u0131s\u0131:<\/td>\n<td>3. Bask\u0131<\/td>\n<\/tr>\n<tr>\n<td>Dil:<\/td>\n<td>T\u00dcRK\u00c7E<\/td>\n<\/tr>\n<tr>\n<td>Sayfa Say\u0131s\u0131:<\/td>\n<td>240<\/td>\n<\/tr>\n<tr>\n<td>Cilt Tipi:<\/td>\n<td>Karton Kapak<\/td>\n<\/tr>\n<tr>\n<td>Ka\u011f\u0131t Cinsi:<\/td>\n<td>Kitap Ka\u011f\u0131d\u0131<\/td>\n<\/tr>\n<tr>\n<td>Boyut:<\/td>\n<td>13 x 22 cm<\/td>\n<\/tr>\n<\/tbody>\n<\/table>","protected":false},"excerpt":{"rendered":"<div class=\"top-block\">\n<div class=\"pr_description\">\n<div id=\"description_text\"><span class=\"info__text\">Gazali,kendisinden sonra ya\u015fam\u0131\u015f hemen her M\u00fcsl\u00fcman d\u00fc\u015f\u00fcn\u00fcr\u00fcn g\u00f6lgesinde serinledi\u011fi bir a\u011fa\u00e7 gibidir.Bu a\u011fa\u00e7 hi\u00e7 kurumad\u0131.D\u00fcn oldu\u011fu gib bu g\u00fcn de \u0130slam ve M\u00fcsl\u00fcmanlar\u0131n d\u00fc\u015f\u00fcnce miras\u0131 hakk\u0131nda yaz\u0131 yazan Do\u011fulu ve Bat\u0131l\u0131 ara\u015ft\u0131mac\u0131lara g\u00f6lgesini sunmaktad\u0131r.\u0130slam d\u00fc\u015f\u00fcnce gelene\u011finde herkesin (\u00f6zellikle M\u00fcsl\u00fcman m\u00fctefekkirlerin)kendisini bir \u015fekilde Gazali ile ifade etmeye heveslenmesi ne ile a\u00e7\u0131klanabilir? Sorusuna bulabilece\u011fimiz makul cevap,Gazali&#8217;nin d\u00fc\u015f\u00fcnsel manada kim oldu\u011funu bize g\u00f6sterecektir.<br \/>\n<\/span><\/div>\n<\/div>\n<\/div>\n<div class=\"bottom-block\">\n<div class=\"pr_attributes\">\n<hr \/>\n<\/div>\n<\/div>","protected":false},"featured_media":12939,"template":"","meta":{"spay_email":""},"product_cat":[174],"product_tag":[],"item":[960],"acf":[],"_links":{"self":[{"href":"https:\/\/mgvpublications.com\/de\/wp-json\/wp\/v2\/product\/12938"}],"collection":[{"href":"https:\/\/mgvpublications.com\/de\/wp-json\/wp\/v2\/product"}],"about":[{"href":"https:\/\/mgvpublications.com\/de\/wp-json\/wp\/v2\/types\/product"}],"wp:featuredmedia":[{"embeddable":true,"href":"https:\/\/mgvpublications.com\/de\/wp-json\/wp\/v2\/media\/12939"}],"wp:attachment":[{"href":"https:\/\/mgvpublications.com\/de\/wp-json\/wp\/v2\/media?parent=12938"}],"wp:term":[{"taxonomy":"product_cat","embeddable":true,"href":"https:\/\/mgvpublications.com\/de\/wp-json\/wp\/v2\/product_cat?post=12938"},{"taxonomy":"product_tag","embeddable":true,"href":"https:\/\/mgvpublications.com\/de\/wp-json\/wp\/v2\/product_tag?post=12938"},{"taxonomy":"item","embeddable":true,"href":"https:\/\/mgvpublications.com\/de\/wp-json\/wp\/v2\/item?post=12938"}],"curies":[{"name":"wp","href":"https:\/\/api.w.org\/{rel}","templated":true}]}}