{"id":12932,"date":"2020-08-02T14:42:03","date_gmt":"2020-08-02T12:42:03","guid":{"rendered":"https:\/\/dev2.mgvpublications.com\/produkt\/zehranin-hadis-guenluegue\/"},"modified":"2022-03-08T22:35:26","modified_gmt":"2022-03-08T21:35:26","slug":"zehranin-hadis-guenluegue","status":"publish","type":"product","link":"https:\/\/mgvpublications.com\/de\/zehranin-hadis-guenluegue\/","title":{"rendered":"Zehra\u2019n\u0131n Hadis G\u00fcnl\u00fc\u011f\u00fc"},"content":{"rendered":"<table>\n<tbody>\n<tr>\n<td>Yay\u0131n Tarihi:<\/td>\n<td>01.06.2020<\/td>\n<\/tr>\n<tr>\n<td>ISBN:<\/td>\n<td>6057751263<\/td>\n<\/tr>\n<tr>\n<td>Bask\u0131 Say\u0131s\u0131:<\/td>\n<td>1. Bask\u0131<\/td>\n<\/tr>\n<tr>\n<td>Dil:<\/td>\n<td>T\u00dcRK\u00c7E<\/td>\n<\/tr>\n<tr>\n<td>Sayfa Say\u0131s\u0131:<\/td>\n<td>112<\/td>\n<\/tr>\n<tr>\n<td>Cilt Tipi:<\/td>\n<td>Karton Kapak<\/td>\n<\/tr>\n<tr>\n<td>Ka\u011f\u0131t Cinsi:<\/td>\n<td>Kitap Ka\u011f\u0131d\u0131<\/td>\n<\/tr>\n<tr>\n<td>Boyut:<\/td>\n<td>13.5 x 21 cm<\/td>\n<\/tr>\n<\/tbody>\n<\/table>","protected":false},"excerpt":{"rendered":"<p><span class=\"info__text\">Sevgili Peygamberimizin birer inci de\u011ferindeki hadislerinin bir \u00e7ocu\u011fun kalemine, g\u00f6nl\u00fcne, hayat\u0131na yans\u0131malar\u0131n\u0131 okuyaca\u011f\u0131n\u0131z bir kitap.<\/span><\/p>","protected":false},"featured_media":12933,"template":"","meta":{"spay_email":""},"product_cat":[174],"product_tag":[],"item":[960],"acf":[],"_links":{"self":[{"href":"https:\/\/mgvpublications.com\/de\/wp-json\/wp\/v2\/product\/12932"}],"collection":[{"href":"https:\/\/mgvpublications.com\/de\/wp-json\/wp\/v2\/product"}],"about":[{"href":"https:\/\/mgvpublications.com\/de\/wp-json\/wp\/v2\/types\/product"}],"wp:featuredmedia":[{"embeddable":true,"href":"https:\/\/mgvpublications.com\/de\/wp-json\/wp\/v2\/media\/12933"}],"wp:attachment":[{"href":"https:\/\/mgvpublications.com\/de\/wp-json\/wp\/v2\/media?parent=12932"}],"wp:term":[{"taxonomy":"product_cat","embeddable":true,"href":"https:\/\/mgvpublications.com\/de\/wp-json\/wp\/v2\/product_cat?post=12932"},{"taxonomy":"product_tag","embeddable":true,"href":"https:\/\/mgvpublications.com\/de\/wp-json\/wp\/v2\/product_tag?post=12932"},{"taxonomy":"item","embeddable":true,"href":"https:\/\/mgvpublications.com\/de\/wp-json\/wp\/v2\/item?post=12932"}],"curies":[{"name":"wp","href":"https:\/\/api.w.org\/{rel}","templated":true}]}}