{"id":12930,"date":"2020-08-02T14:39:10","date_gmt":"2020-08-02T12:39:10","guid":{"rendered":"https:\/\/dev2.mgvpublications.com\/produkt\/peygamberimiz-ve-aile\/"},"modified":"2022-03-08T22:35:25","modified_gmt":"2022-03-08T21:35:25","slug":"peygamberimiz-ve-aile","status":"publish","type":"product","link":"https:\/\/mgvpublications.com\/de\/peygamberimiz-ve-aile\/","title":{"rendered":"Peygamberimiz ve Aile"},"content":{"rendered":"<table>\n<tbody>\n<tr>\n<td>Yay\u0131n Tarihi:<\/td>\n<td>23.11.2019<\/td>\n<\/tr>\n<tr>\n<td>ISBN:<\/td>\n<td>6057730480<\/td>\n<\/tr>\n<tr>\n<td>Bask\u0131 Say\u0131s\u0131:<\/td>\n<td>1. Bask\u0131<\/td>\n<\/tr>\n<tr>\n<td>Dil:<\/td>\n<td>T\u00dcRK\u00c7E<\/td>\n<\/tr>\n<tr>\n<td>Sayfa Say\u0131s\u0131:<\/td>\n<td>112<\/td>\n<\/tr>\n<tr>\n<td>Cilt Tipi:<\/td>\n<td>Karton Kapak<\/td>\n<\/tr>\n<tr>\n<td>Ka\u011f\u0131t Cinsi:<\/td>\n<td>Kitap Ka\u011f\u0131d\u0131<\/td>\n<\/tr>\n<tr>\n<td>Boyut:<\/td>\n<td>13 x 21 cm<\/td>\n<\/tr>\n<\/tbody>\n<\/table>","protected":false},"excerpt":{"rendered":"<p><span class=\"info__text\">Yarat\u0131l\u0131\u015f\u0131 itibariyle sosyal bir varl\u0131k olan insan i\u00e7in toplumsal hayat ne kadar \u00f6nemli ise toplum i\u00e7in de onun \u00f6z\u00fcn\u00fc olu\u015fturan aile, o denli hayati \u00f6neme sahip bir kurumdur. Aile, s\u00f6z konusu niteli\u011fiyle tezekk\u00fcr ve tedebb\u00fcr ba\u011flam\u0131nda toplum ve milletlerin haf\u0131zas\u0131n\u0131 istikbale ta\u015f\u0131yan, kimlik, tasavvur ve ideallerini olgunla\u015ft\u0131r\u0131p gelece\u011fe aktaran; insani, k\u00fclt\u00fcrel de\u011ferlerin, tarihi s\u00fcreklilik ve b\u00fct\u00fcnl\u00fc\u011f\u00fcn koruyucusu olan m\u00fchim bir m\u00fcessesedir.<\/p>\n<p>Allah Resul\u00fc\u2019n\u00fcn aile hayat\u0131 k\u0131yamete kadar b\u00fct\u00fcn insanlar i\u00e7in e\u015fsiz bir \u00f6rneklik arz etmektedir. Nitekim onun aile hayat\u0131nda uygulad\u0131\u011f\u0131 ilke ve prensipler, t\u00fcm zamanlarda \u00f6nemini ve i\u015flevini kaybetmeden varl\u0131\u011f\u0131n\u0131 s\u00fcrd\u00fcrm\u00fc\u015ft\u00fcr. Bu a\u00e7\u0131dan, toplumun en k\u00fc\u00e7\u00fck birimi olan ailedeki mutluluk ve huzurun, toplumsal mutluluk ve huzurun temin edilmesindeki vazge\u00e7ilmez \u015fart oldu\u011funu en g\u00fczel \u00f6rnekleriyle Hz. Peygamber\u2019in aile ya\u015fant\u0131s\u0131nda g\u00f6rmek m\u00fcmk\u00fcnd\u00fcr.<\/span><\/p>","protected":false},"featured_media":12931,"template":"","meta":{"spay_email":""},"product_cat":[171,174],"product_tag":[],"item":[960],"acf":[],"_links":{"self":[{"href":"https:\/\/mgvpublications.com\/de\/wp-json\/wp\/v2\/product\/12930"}],"collection":[{"href":"https:\/\/mgvpublications.com\/de\/wp-json\/wp\/v2\/product"}],"about":[{"href":"https:\/\/mgvpublications.com\/de\/wp-json\/wp\/v2\/types\/product"}],"wp:featuredmedia":[{"embeddable":true,"href":"https:\/\/mgvpublications.com\/de\/wp-json\/wp\/v2\/media\/12931"}],"wp:attachment":[{"href":"https:\/\/mgvpublications.com\/de\/wp-json\/wp\/v2\/media?parent=12930"}],"wp:term":[{"taxonomy":"product_cat","embeddable":true,"href":"https:\/\/mgvpublications.com\/de\/wp-json\/wp\/v2\/product_cat?post=12930"},{"taxonomy":"product_tag","embeddable":true,"href":"https:\/\/mgvpublications.com\/de\/wp-json\/wp\/v2\/product_tag?post=12930"},{"taxonomy":"item","embeddable":true,"href":"https:\/\/mgvpublications.com\/de\/wp-json\/wp\/v2\/item?post=12930"}],"curies":[{"name":"wp","href":"https:\/\/api.w.org\/{rel}","templated":true}]}}