{"id":12924,"date":"2020-08-02T14:31:28","date_gmt":"2020-08-02T12:31:28","guid":{"rendered":"https:\/\/dev2.mgvpublications.com\/produkt\/evlilige-ilk-adim\/"},"modified":"2022-03-08T22:35:23","modified_gmt":"2022-03-08T21:35:23","slug":"evlilige-ilk-adim","status":"publish","type":"product","link":"https:\/\/mgvpublications.com\/de\/evlilige-ilk-adim\/","title":{"rendered":"Evlili\u011fe \u0130lk Ad\u0131m"},"content":{"rendered":"<table>\n<tbody>\n<tr>\n<td>Yay\u0131n Tarihi:<\/td>\n<td>25.11.2019<\/td>\n<\/tr>\n<tr>\n<td>ISBN:<\/td>\n<td>6057519610<\/td>\n<\/tr>\n<tr>\n<td>Bask\u0131 Say\u0131s\u0131:<\/td>\n<td>1. Bask\u0131<\/td>\n<\/tr>\n<tr>\n<td>Dil:<\/td>\n<td>T\u00dcRK\u00c7E<\/td>\n<\/tr>\n<tr>\n<td>Sayfa Say\u0131s\u0131:<\/td>\n<td>40<\/td>\n<\/tr>\n<tr>\n<td>Cilt Tipi:<\/td>\n<td>Karton Kapak<\/td>\n<\/tr>\n<tr>\n<td>Ka\u011f\u0131t Cinsi:<\/td>\n<td>Kitap Ka\u011f\u0131d\u0131<\/td>\n<\/tr>\n<tr>\n<td>Boyut:<\/td>\n<td>10.5 x 18 cm<\/td>\n<\/tr>\n<\/tbody>\n<\/table>","protected":false},"excerpt":{"rendered":"<p><span class=\"info__text\">\u0130ki ayr\u0131 g\u00f6n\u00fcl, ayr\u0131 \u00f6m\u00fcr nikahla bir araya gelir. Kad\u0131n ve erkek evlilik yoluyla s\u00fckun ve mutlulu\u011fa kavu\u015fur. Allah evlilik yoluyla e\u015fler aras\u0131nda sevgi, \u015fefkat, merhamet, kayna\u015fma ve yak\u0131nla\u015fma duygular\u0131n\u0131 yarat\u0131r. Bu o&#8217;nun varl\u0131\u011f\u0131n\u0131n delillerindendir. Evlilik, insano\u011flunun ruhuna s\u00fckunet a\u015f\u0131layan bir nimettir. Kalabal\u0131klar i\u00e7inde yaln\u0131z kalm\u0131\u015f bir g\u00f6nl\u00fc, bir e\u015f gibi kim \u015fad edebilir?<\/span><\/p>","protected":false},"featured_media":12925,"template":"","meta":{"spay_email":""},"product_cat":[171],"product_tag":[],"item":[960],"acf":[],"_links":{"self":[{"href":"https:\/\/mgvpublications.com\/de\/wp-json\/wp\/v2\/product\/12924"}],"collection":[{"href":"https:\/\/mgvpublications.com\/de\/wp-json\/wp\/v2\/product"}],"about":[{"href":"https:\/\/mgvpublications.com\/de\/wp-json\/wp\/v2\/types\/product"}],"wp:featuredmedia":[{"embeddable":true,"href":"https:\/\/mgvpublications.com\/de\/wp-json\/wp\/v2\/media\/12925"}],"wp:attachment":[{"href":"https:\/\/mgvpublications.com\/de\/wp-json\/wp\/v2\/media?parent=12924"}],"wp:term":[{"taxonomy":"product_cat","embeddable":true,"href":"https:\/\/mgvpublications.com\/de\/wp-json\/wp\/v2\/product_cat?post=12924"},{"taxonomy":"product_tag","embeddable":true,"href":"https:\/\/mgvpublications.com\/de\/wp-json\/wp\/v2\/product_tag?post=12924"},{"taxonomy":"item","embeddable":true,"href":"https:\/\/mgvpublications.com\/de\/wp-json\/wp\/v2\/item?post=12924"}],"curies":[{"name":"wp","href":"https:\/\/api.w.org\/{rel}","templated":true}]}}