{"id":12913,"date":"2020-08-01T16:53:54","date_gmt":"2020-08-01T14:53:54","guid":{"rendered":"https:\/\/dev2.mgvpublications.com\/produkt\/mehmed-zahid-kotku-cep-boy\/"},"modified":"2022-03-08T22:35:23","modified_gmt":"2022-03-08T21:35:23","slug":"mehmed-zahid-kotku-cep-boy","status":"publish","type":"product","link":"https:\/\/mgvpublications.com\/de\/mehmed-zahid-kotku-cep-boy\/","title":{"rendered":"Mehmed Zahid Kotku (Cep Boy)"},"content":{"rendered":"","protected":false},"excerpt":{"rendered":"<p>Mehmed Zahid Kotku rahmetull\u00e2hi aleyh yak\u0131n tarihimizin m\u00e2nev\u00ee b\u00fcy\u00fcklerinden, \u00e2bide \u015fahsiyetlerinden biridir.<br \/>\n19. y\u00fczy\u0131l\u0131n sonunda d\u00fcnyaya g\u00f6zlerini a\u00e7m\u0131\u015f, bir asra yak\u0131n hayat s\u00fcrm\u00fc\u015ft\u00fcr. \u0130stanbul&#8217;un \u00f6nemli medreselerinde ilim tahsilinde bulunmu\u015f, 1920 senesinde G\u00fcm\u00fc\u015fh\u00e2neli tekkesine devam etmi\u015f ve devrin \u00f6nemli ilm\u00ee, fikr\u00ee, siy\u00e2s\u00ee ve tasavvuf\u00ee simalar\u0131ndan olan \u00d6mer Ziy\u00e2\u00fcdd\u00een-i Da\u011f\u0131st\u00e2n\u00ee hazretlerine intisap etmi\u015ftir.<br \/>\nMehmed Zahid Kotku rahmetull\u00e2hi aleyh sade, yal\u0131n, m\u00fctevazi, iddias\u0131z&#8230; ya\u015fay\u0131\u015f ve duru\u015funa ra\u011fmen, \u00fclkemiz irfan, siyaset ve sosyal hayat\u0131nda derin tesirler, kal\u0131c\u0131 izler b\u0131rakm\u0131\u015ft\u0131r.<br \/>\nBu eser halefi Merhum Mahmud Es&#8217;ad Co\u015fan Hocaefendi&#8217;nin onun hakk\u0131nda \u00e7e\u015fitli vesilelerle, farkl\u0131 zaman ve mek\u00e2nlarda yapt\u0131\u011f\u0131 konu\u015fmalardan olu\u015fmaktad\u0131r.<br \/>\nBu eserle Mehmed Zahid Kotku rahmetull\u00e2hi aleyh&#8217;i daha yak\u0131ndan tan\u0131y\u0131p onun feyizli \u00e2leminde seyrine doyulmaz bir gezintiye \u00e7\u0131karken, Merhum Mahmud Es&#8217;ad Co\u015fan Hocaefendi&#8217;nin \u0130sl\u00e2m&#8217;a, insana ve tasavvufa bak\u0131\u015f\u0131na dair de ipu\u00e7lar\u0131 yakalayacaks\u0131n\u0131z.<\/p>","protected":false},"featured_media":12914,"template":"","meta":{"spay_email":""},"product_cat":[174],"product_tag":[],"item":[699],"acf":[],"_links":{"self":[{"href":"https:\/\/mgvpublications.com\/de\/wp-json\/wp\/v2\/product\/12913"}],"collection":[{"href":"https:\/\/mgvpublications.com\/de\/wp-json\/wp\/v2\/product"}],"about":[{"href":"https:\/\/mgvpublications.com\/de\/wp-json\/wp\/v2\/types\/product"}],"wp:featuredmedia":[{"embeddable":true,"href":"https:\/\/mgvpublications.com\/de\/wp-json\/wp\/v2\/media\/12914"}],"wp:attachment":[{"href":"https:\/\/mgvpublications.com\/de\/wp-json\/wp\/v2\/media?parent=12913"}],"wp:term":[{"taxonomy":"product_cat","embeddable":true,"href":"https:\/\/mgvpublications.com\/de\/wp-json\/wp\/v2\/product_cat?post=12913"},{"taxonomy":"product_tag","embeddable":true,"href":"https:\/\/mgvpublications.com\/de\/wp-json\/wp\/v2\/product_tag?post=12913"},{"taxonomy":"item","embeddable":true,"href":"https:\/\/mgvpublications.com\/de\/wp-json\/wp\/v2\/item?post=12913"}],"curies":[{"name":"wp","href":"https:\/\/api.w.org\/{rel}","templated":true}]}}