{"id":12911,"date":"2020-08-01T16:51:19","date_gmt":"2020-08-01T14:51:19","guid":{"rendered":"https:\/\/dev2.mgvpublications.com\/produkt\/husu-agaci\/"},"modified":"2022-03-08T22:35:23","modified_gmt":"2022-03-08T21:35:23","slug":"husu-agaci","status":"publish","type":"product","link":"https:\/\/mgvpublications.com\/de\/husu-agaci\/","title":{"rendered":"Hu\u015fu A\u011fac\u0131"},"content":{"rendered":"","protected":false},"excerpt":{"rendered":"<p>Ben g\u00f6n\u00fcllere sat\u0131rlar\u0131mla bir hu\u015fu a\u011fac\u0131 tohumu ektim. Y\u00fcrekler Yaradan&#8217;\u0131n sevgisiyle g\u00f6lgesinde dinlensin, ku\u015flar meyvelerinden \u015fifalans\u0131n ve dallar\u0131nda dinlensin, \u00e7ocuklarsa kabuklar\u0131ndan kay\u0131k yap\u0131p y\u00fczd\u00fcrs\u00fcn.<br \/>\nDilerim bu tohum kocaman bir a\u011faca verilir ve huzura a\u00e7 g\u00f6n\u00fclleri g\u00f6lgesinde birle\u015ftirir. Zaten Yaradan kendi kelam\u0131 ile de m\u00fcjdelemi\u015ftir: &#8220;Kalpler ancak Allah&#8217;\u0131 anmakla huzur bulacakt\u0131r.&#8221;<br \/>\nBu kitap huzuru aramak i\u00e7in kendi i\u00e7ine yolculu\u011fa \u00e7\u0131kan g\u00f6n\u00fcllerin hik\u00e2yesidir. Ne demi\u015f Tabduk Emre? Uyanma vakti geldiyse bir uyand\u0131ran olur elbet. Kimine H\u0131z\u0131r kimine u\u00e7an ku\u015f kimine biten ot kimine a\u00e7an \u00e7i\u00e7ek kimine akan su kimine dilsiz ta\u015f&#8230; Kim bilir belki de sizi uyand\u0131ran Hu\u015fu A\u011fac\u0131 olur.<\/p>","protected":false},"featured_media":12912,"template":"","meta":{"spay_email":""},"product_cat":[232],"product_tag":[],"item":[1237],"acf":[],"_links":{"self":[{"href":"https:\/\/mgvpublications.com\/de\/wp-json\/wp\/v2\/product\/12911"}],"collection":[{"href":"https:\/\/mgvpublications.com\/de\/wp-json\/wp\/v2\/product"}],"about":[{"href":"https:\/\/mgvpublications.com\/de\/wp-json\/wp\/v2\/types\/product"}],"wp:featuredmedia":[{"embeddable":true,"href":"https:\/\/mgvpublications.com\/de\/wp-json\/wp\/v2\/media\/12912"}],"wp:attachment":[{"href":"https:\/\/mgvpublications.com\/de\/wp-json\/wp\/v2\/media?parent=12911"}],"wp:term":[{"taxonomy":"product_cat","embeddable":true,"href":"https:\/\/mgvpublications.com\/de\/wp-json\/wp\/v2\/product_cat?post=12911"},{"taxonomy":"product_tag","embeddable":true,"href":"https:\/\/mgvpublications.com\/de\/wp-json\/wp\/v2\/product_tag?post=12911"},{"taxonomy":"item","embeddable":true,"href":"https:\/\/mgvpublications.com\/de\/wp-json\/wp\/v2\/item?post=12911"}],"curies":[{"name":"wp","href":"https:\/\/api.w.org\/{rel}","templated":true}]}}