{"id":12900,"date":"2020-08-01T15:42:32","date_gmt":"2020-08-01T13:42:32","guid":{"rendered":"https:\/\/dev2.mgvpublications.com\/produkt\/puslu-kitalar-atlasi\/"},"modified":"2022-03-08T22:35:23","modified_gmt":"2022-03-08T21:35:23","slug":"puslu-kitalar-atlasi","status":"publish","type":"product","link":"https:\/\/mgvpublications.com\/de\/puslu-kitalar-atlasi\/","title":{"rendered":"Puslu K\u0131talar Atlas\u0131"},"content":{"rendered":"<p>Kapak: Suat Aysu<br \/>Yay\u0131n Tarihi: 19.10.2020<br \/>ISBN: 9789754704723<br \/>Dil: T\u00dcRK\u00c7E<br \/>Sayfa Say\u0131s\u0131: 238<br \/>Cilt Tipi: Karton Kapak<br \/>Ka\u011f\u0131t Cinsi: Kitap Ka\u011f\u0131d\u0131<br \/>Boyut: 13 x 19.5 cm<\/p>","protected":false},"excerpt":{"rendered":"<p>\u201cYeni\u00e7eriler kap\u0131y\u0131 zorlarken\u201d d\u00fc\u015fler \u00fcst\u00fcne d\u00fc\u015f\u00fcncelere dalan Uzun \u0130hsan Efendi, kap\u0131 k\u0131r\u0131ld\u0131\u011f\u0131nda klasik ama hep yeni kalabilen sonuca ula\u015fmak \u00fczeredir: \u201cD\u00fcnya bir d\u00fc\u015ft\u00fcr. Evet, d\u00fcnya&#8230; Ah! Evet, d\u00fcnya bir masald\u0131r.\u201d Kendini saran d\u00fcnyay\u0131 d\u00fc\u015fleyen bir haritac\u0131n\u0131n, d\u00fc\u015flerinden dev\u015firdiklerini d\u00f6kt\u00fc\u011f\u00fc Puslu K\u0131talar Atlas\u0131 adl\u0131 kitap o\u011flunun eline ge\u00e7ti\u011finde onu kendisinin bile tahmin edemeyece\u011fi maceralara s\u00fcr\u00fckler, oysa ya\u015fayacaklar\u0131 elindeki kitaba \u00e7oktan yaz\u0131lm\u0131\u015ft\u0131r. Ge\u00e7mi\u015f \u00fczerine, d\u00fcnya hali \u00fczerine, d\u00fc\u015fler ve \u201cpuslu k\u0131talar\u201d \u00fczerine bir roman. Hulki Aktun\u00e7\u2019un \u00f6ns\u00f6z\u00fcyle&#8230;<\/p>","protected":false},"featured_media":18979,"template":"","meta":{"spay_email":""},"product_cat":[168],"product_tag":[],"item":[365],"acf":[],"_links":{"self":[{"href":"https:\/\/mgvpublications.com\/de\/wp-json\/wp\/v2\/product\/12900"}],"collection":[{"href":"https:\/\/mgvpublications.com\/de\/wp-json\/wp\/v2\/product"}],"about":[{"href":"https:\/\/mgvpublications.com\/de\/wp-json\/wp\/v2\/types\/product"}],"wp:featuredmedia":[{"embeddable":true,"href":"https:\/\/mgvpublications.com\/de\/wp-json\/wp\/v2\/media\/18979"}],"wp:attachment":[{"href":"https:\/\/mgvpublications.com\/de\/wp-json\/wp\/v2\/media?parent=12900"}],"wp:term":[{"taxonomy":"product_cat","embeddable":true,"href":"https:\/\/mgvpublications.com\/de\/wp-json\/wp\/v2\/product_cat?post=12900"},{"taxonomy":"product_tag","embeddable":true,"href":"https:\/\/mgvpublications.com\/de\/wp-json\/wp\/v2\/product_tag?post=12900"},{"taxonomy":"item","embeddable":true,"href":"https:\/\/mgvpublications.com\/de\/wp-json\/wp\/v2\/item?post=12900"}],"curies":[{"name":"wp","href":"https:\/\/api.w.org\/{rel}","templated":true}]}}