{"id":12894,"date":"2020-08-01T15:35:05","date_gmt":"2020-08-01T13:35:05","guid":{"rendered":"https:\/\/dev2.mgvpublications.com\/produkt\/beyaz-zambaklar-uelkesinde\/"},"modified":"2022-03-08T22:35:22","modified_gmt":"2022-03-08T21:35:22","slug":"beyaz-zambaklar-uelkesinde","status":"publish","type":"product","link":"https:\/\/mgvpublications.com\/de\/beyaz-zambaklar-uelkesinde\/","title":{"rendered":"Beyaz Zambaklar \u00dclkesinde"},"content":{"rendered":"","protected":false},"excerpt":{"rendered":"<p>Finlandiya gibi k\u00fc\u00e7\u00fck ve geri kalm\u0131\u015f bir \u00fclkenin, e\u011fitim ve k\u00fclt\u00fcr y\u00f6nlerinden, nas\u0131l kalk\u0131nd\u0131\u011f\u0131n\u0131 derinli\u011fiyle anlatan b\u00fcy\u00fck toplumsal bir yap\u0131tt\u0131r. Fin halk\u0131 \u00f6nceleri nas\u0131ld\u0131, sonradan ne duruma geldi, bunda, okulun, ordunun, devletin, dinin rolleri nedir? Tek tek kahramanlar, Fin halk\u0131n\u0131 nas\u0131l yi\u011fit bir ulus yapm\u0131\u015ft\u0131r? Demokrat bir ulus ne demektir, b\u00fct\u00fcn bir ulus nas\u0131l y\u00fccelir, halka kar\u015f\u0131 ayd\u0131nalr\u0131n g\u00f6revi nedir, ger\u00e7ek yurtseverlik nas\u0131l olur, ulusa ger\u00e7ek hizmet nas\u0131l verilir, bir avu\u00e7 ayd\u0131n\u0131n kendini halka veren g\u00f6n\u00fcl toklu\u011fu ve \u00f6zverisiyle t\u00fcm bir ulus nas\u0131l cehennemden cennete y\u00fckseltilir? Kitab\u0131n as\u0131l de\u011feri bize Finlandiya\u2019y\u0131 tan\u0131t\u0131lmas\u0131nda de\u011fil, onu tan\u0131t\u0131rken, bize de kendimizin ne oldu\u011funu, ne olaca\u011f\u0131n\u0131 g\u00f6stermesindedir. Sanki bu k\u00fc\u00e7\u00fck Fin ulusu, b\u00fcy\u00fck akrabas\u0131 olan biz T\u00fcrklere bir kolayl\u0131k olsun diye, tuttu\u011fumuz uygarl\u0131k yolunda, daha kararl\u0131, daha g\u00fcvenle, daha bilin\u00e7li y\u00fcr\u00fcy\u00fcp ilerlememizi sa\u011flamak i\u00e7in, o deneyi yapt\u0131lar.<\/p>","protected":false},"featured_media":12895,"template":"","meta":{"spay_email":""},"product_cat":[167,168],"product_tag":[],"item":[478],"acf":[],"_links":{"self":[{"href":"https:\/\/mgvpublications.com\/de\/wp-json\/wp\/v2\/product\/12894"}],"collection":[{"href":"https:\/\/mgvpublications.com\/de\/wp-json\/wp\/v2\/product"}],"about":[{"href":"https:\/\/mgvpublications.com\/de\/wp-json\/wp\/v2\/types\/product"}],"wp:featuredmedia":[{"embeddable":true,"href":"https:\/\/mgvpublications.com\/de\/wp-json\/wp\/v2\/media\/12895"}],"wp:attachment":[{"href":"https:\/\/mgvpublications.com\/de\/wp-json\/wp\/v2\/media?parent=12894"}],"wp:term":[{"taxonomy":"product_cat","embeddable":true,"href":"https:\/\/mgvpublications.com\/de\/wp-json\/wp\/v2\/product_cat?post=12894"},{"taxonomy":"product_tag","embeddable":true,"href":"https:\/\/mgvpublications.com\/de\/wp-json\/wp\/v2\/product_tag?post=12894"},{"taxonomy":"item","embeddable":true,"href":"https:\/\/mgvpublications.com\/de\/wp-json\/wp\/v2\/item?post=12894"}],"curies":[{"name":"wp","href":"https:\/\/api.w.org\/{rel}","templated":true}]}}