{"id":12892,"date":"2020-08-01T15:33:17","date_gmt":"2020-08-01T13:33:17","guid":{"rendered":"https:\/\/dev2.mgvpublications.com\/produkt\/filfantastik-maceralar-hindistana-dogru\/"},"modified":"2022-03-08T22:35:22","modified_gmt":"2022-03-08T21:35:22","slug":"filfantastik-maceralar-hindistana-dogru","status":"publish","type":"product","link":"https:\/\/mgvpublications.com\/de\/filfantastik-maceralar-hindistana-dogru\/","title":{"rendered":"Filfantastik Maceralar &#038; Hindistan\u2019a Do\u011fru"},"content":{"rendered":"","protected":false},"excerpt":{"rendered":"<p>Timbo \u00fcz\u00fcnt\u00fcyle derin bir i\u00e7 \u00e7ekti. Kuzeni Jamal\u2019\u0131n do\u011fum g\u00fcn\u00fc partisine kat\u0131lamayacakt\u0131 \u00e7\u00fcnk\u00fc kuzeni Hindistan\u2019da ya\u015f\u0131yordu ve oras\u0131 da \u00e7ok uzaklardayd\u0131.<\/p>\n<p>Ancak Anton ile Luise\u2019nin pes etmeye niyetleri yoktu! \u201cNe olmu\u015f Hindistan uzaklardaysa,\u201d dediler ayn\u0131 anda. Koridorda haz\u0131r bekleyen ta\u015f\u0131tlar\u0131 ne g\u00fcne duruyordu.<br \/>\nOnunla havada, suda, karada yolculuk edebilirlerdi. \u00dc\u00e7 arkada\u015f yanlar\u0131na bol bol\u00a0kakaolu kurabiye ve limonata alarak yola \u00e7\u0131kt\u0131lar. Hindistan\u2019a vard\u0131klar\u0131nda Jamal\u2019\u0131n\u00a0do\u011fum g\u00fcn\u00fc partisinde birbirlerine su p\u00fcsk\u00fcrterek e\u011flencenin tad\u0131n\u0131 \u00e7\u0131kard\u0131lar.<br \/>\nPeki etrafa s\u0131\u00e7rayan sular\u0131 temizlemek kime d\u00fc\u015fecekti acaba?<\/p>","protected":false},"featured_media":14450,"template":"","meta":{"spay_email":""},"product_cat":[168],"product_tag":[],"item":[1214],"acf":[],"_links":{"self":[{"href":"https:\/\/mgvpublications.com\/de\/wp-json\/wp\/v2\/product\/12892"}],"collection":[{"href":"https:\/\/mgvpublications.com\/de\/wp-json\/wp\/v2\/product"}],"about":[{"href":"https:\/\/mgvpublications.com\/de\/wp-json\/wp\/v2\/types\/product"}],"wp:featuredmedia":[{"embeddable":true,"href":"https:\/\/mgvpublications.com\/de\/wp-json\/wp\/v2\/media\/14450"}],"wp:attachment":[{"href":"https:\/\/mgvpublications.com\/de\/wp-json\/wp\/v2\/media?parent=12892"}],"wp:term":[{"taxonomy":"product_cat","embeddable":true,"href":"https:\/\/mgvpublications.com\/de\/wp-json\/wp\/v2\/product_cat?post=12892"},{"taxonomy":"product_tag","embeddable":true,"href":"https:\/\/mgvpublications.com\/de\/wp-json\/wp\/v2\/product_tag?post=12892"},{"taxonomy":"item","embeddable":true,"href":"https:\/\/mgvpublications.com\/de\/wp-json\/wp\/v2\/item?post=12892"}],"curies":[{"name":"wp","href":"https:\/\/api.w.org\/{rel}","templated":true}]}}