{"id":12890,"date":"2020-08-01T15:30:52","date_gmt":"2020-08-01T13:30:52","guid":{"rendered":"https:\/\/dev2.mgvpublications.com\/produkt\/filfantastik-maceralar-afrikada-hazine-arayisi\/"},"modified":"2022-03-08T22:35:19","modified_gmt":"2022-03-08T21:35:19","slug":"filfantastik-maceralar-afrikada-hazine-arayisi","status":"publish","type":"product","link":"https:\/\/mgvpublications.com\/de\/filfantastik-maceralar-afrikada-hazine-arayisi\/","title":{"rendered":"Filfantastik Maceralar &#038; Afrika\u2019da Hazine Aray\u0131\u015f\u0131"},"content":{"rendered":"","protected":false},"excerpt":{"rendered":"<p>D\u0131\u015far\u0131da ya\u011fmur ya\u011farken Anton odas\u0131nda s\u0131k\u0131nt\u0131dan patlamak \u00fczereydi.<br \/>\nNeyse ki Anton ve konu\u015fan fil Timbo yata\u011f\u0131n alt\u0131nda bir define haritas\u0131 buldular.<br \/>\nTimbo haritaya bakar bakmaz hazinenin Afrika\u2019da sakl\u0131 oldu\u011funu anlad\u0131!<\/p>\n<p>Anton, Timbo ve kom\u015fu k\u0131z\u0131 Luise yeni bir filfantastik maceraya at\u0131lmakta gecikmediler:<br \/>\nHavada u\u00e7an, suda y\u00fczen ve karada ilerleyen yeni ta\u015f\u0131tlar\u0131yla\u00a0da\u011flardan, denizlerden, \u00e7\u00f6llerden ge\u00e7erek ormana vard\u0131lar.<br \/>\nAcaba arad\u0131klar\u0131 hazineyi bulabilecekler miydi?<\/p>","protected":false},"featured_media":12891,"template":"","meta":{"spay_email":""},"product_cat":[168],"product_tag":[],"item":[1214],"acf":[],"_links":{"self":[{"href":"https:\/\/mgvpublications.com\/de\/wp-json\/wp\/v2\/product\/12890"}],"collection":[{"href":"https:\/\/mgvpublications.com\/de\/wp-json\/wp\/v2\/product"}],"about":[{"href":"https:\/\/mgvpublications.com\/de\/wp-json\/wp\/v2\/types\/product"}],"wp:featuredmedia":[{"embeddable":true,"href":"https:\/\/mgvpublications.com\/de\/wp-json\/wp\/v2\/media\/12891"}],"wp:attachment":[{"href":"https:\/\/mgvpublications.com\/de\/wp-json\/wp\/v2\/media?parent=12890"}],"wp:term":[{"taxonomy":"product_cat","embeddable":true,"href":"https:\/\/mgvpublications.com\/de\/wp-json\/wp\/v2\/product_cat?post=12890"},{"taxonomy":"product_tag","embeddable":true,"href":"https:\/\/mgvpublications.com\/de\/wp-json\/wp\/v2\/product_tag?post=12890"},{"taxonomy":"item","embeddable":true,"href":"https:\/\/mgvpublications.com\/de\/wp-json\/wp\/v2\/item?post=12890"}],"curies":[{"name":"wp","href":"https:\/\/api.w.org\/{rel}","templated":true}]}}