{"id":12888,"date":"2020-08-01T15:27:50","date_gmt":"2020-08-01T13:27:50","guid":{"rendered":"https:\/\/dev2.mgvpublications.com\/produkt\/dis-mikroplari-pijama-kuluebue-cocuklari\/"},"modified":"2022-03-08T22:35:19","modified_gmt":"2022-03-08T21:35:19","slug":"dis-mikroplari-pijama-kuluebue-cocuklari","status":"publish","type":"product","link":"https:\/\/mgvpublications.com\/de\/dis-mikroplari-pijama-kuluebue-cocuklari\/","title":{"rendered":"Di\u015f Mikroplar\u0131 \/ Pijama Kul\u00fcb\u00fc \u00c7ocuklar\u0131"},"content":{"rendered":"","protected":false},"excerpt":{"rendered":"<p>Pijama Kul\u00fcb\u00fc \u00c7ocuklar\u0131; \u00d6yk\u00fc, Burak, Canberk, Ak\u0131n, Affan ve sevimli kedileri Tofu\u2019yla macera dolu bir yolculu\u011fa haz\u0131r m\u0131s\u0131n\u0131z?<br \/>\nHayat Bilgisi dersi \u00fcnite konular\u0131 kazan\u0131mlar\u0131na uygun, ak\u0131c\u0131 bir anlat\u0131mla haz\u0131rland\u0131<br \/>\nD\u0130\u015e M\u0130KROPLARI<\/p>\n<p>\u00dcnite Ad\u0131: SA\u011eLIKLI HAYAT<br \/>\nKonu Ad\u0131: Ki\u015fisel Bak\u0131m<\/p>\n<p>Di\u015flerin bembeyaz olsun ister misin?<br \/>\nGeceleri di\u015flerini f\u0131r\u00e7al\u0131yor musun?<br \/>\nDi\u015flere sald\u0131ran mikroplar kar\u015f\u0131lar\u0131nda Pijama Kul\u00fcb\u00fc \u00c7ocuklar\u0131n\u0131 bulur. Hem de di\u015f f\u0131r\u00e7alar\u0131 ve di\u015f macunu ile!<br \/>\nDi\u015fleri bu mikroplardan bir an \u00f6nce kurtarmak laz\u0131m!<br \/>\nK\u00f6p\u00fcrt, k\u00f6p\u00fcrt, f\u0131r\u00e7ala! \u0130\u015fte, di\u015fler bembeyaz!<br \/>\nBir daha hi\u00e7birimizin di\u015fleri \u00e7\u00fcr\u00fcmeyecek, \u00e7\u00fcnk\u00fc biz di\u015flerimizi \u00f6nemsiyoruz.<\/p>\n<p>\u00c7ocuklar\u0131n estetik anlay\u0131\u015f\u0131 d\u00fc\u015f\u00fcn\u00fclerek her sayfas\u0131 resimli haz\u0131rland\u0131.<br \/>\nOkumay\u0131 sevdiren, e\u011flendiren ve e\u011flendirirken \u00f6\u011freten bir kurgu ile olu\u015fturuldu.<\/p>","protected":false},"featured_media":12889,"template":"","meta":{"spay_email":""},"product_cat":[172],"product_tag":[],"item":[1214],"acf":[],"_links":{"self":[{"href":"https:\/\/mgvpublications.com\/de\/wp-json\/wp\/v2\/product\/12888"}],"collection":[{"href":"https:\/\/mgvpublications.com\/de\/wp-json\/wp\/v2\/product"}],"about":[{"href":"https:\/\/mgvpublications.com\/de\/wp-json\/wp\/v2\/types\/product"}],"wp:featuredmedia":[{"embeddable":true,"href":"https:\/\/mgvpublications.com\/de\/wp-json\/wp\/v2\/media\/12889"}],"wp:attachment":[{"href":"https:\/\/mgvpublications.com\/de\/wp-json\/wp\/v2\/media?parent=12888"}],"wp:term":[{"taxonomy":"product_cat","embeddable":true,"href":"https:\/\/mgvpublications.com\/de\/wp-json\/wp\/v2\/product_cat?post=12888"},{"taxonomy":"product_tag","embeddable":true,"href":"https:\/\/mgvpublications.com\/de\/wp-json\/wp\/v2\/product_tag?post=12888"},{"taxonomy":"item","embeddable":true,"href":"https:\/\/mgvpublications.com\/de\/wp-json\/wp\/v2\/item?post=12888"}],"curies":[{"name":"wp","href":"https:\/\/api.w.org\/{rel}","templated":true}]}}