{"id":12886,"date":"2020-08-01T15:25:36","date_gmt":"2020-08-01T13:25:36","guid":{"rendered":"https:\/\/dev2.mgvpublications.com\/produkt\/bueyuek-minik-dinozor\/"},"modified":"2022-03-08T22:35:19","modified_gmt":"2022-03-08T21:35:19","slug":"bueyuek-minik-dinozor","status":"publish","type":"product","link":"https:\/\/mgvpublications.com\/de\/bueyuek-minik-dinozor\/","title":{"rendered":"B\u00fcy\u00fck Minik Dinozor"},"content":{"rendered":"","protected":false},"excerpt":{"rendered":"<p>Soner ve Aylin \u00e7ok iyi iki arkada\u015ft\u0131r. Bir g\u00fcn sahilde<br \/>\nkaz\u0131 yaparlarken tuhaf bir \u015feye rastlarlar. Bu, parlak<br \/>\nye\u015fil renkli ve \u00fczerinde \u0131\u015f\u0131lt\u0131l\u0131 kahverengi lekeler<br \/>\nolan bir \u015feydir. \u201cBu bir g\u00fclle!\u201d diye d\u00fc\u015f\u00fcn\u00fcrler.<br \/>\nAma ger\u00e7ekten \u00f6yle midir?<\/p>","protected":false},"featured_media":12887,"template":"","meta":{"spay_email":""},"product_cat":[172],"product_tag":[],"item":[1214],"acf":[],"_links":{"self":[{"href":"https:\/\/mgvpublications.com\/de\/wp-json\/wp\/v2\/product\/12886"}],"collection":[{"href":"https:\/\/mgvpublications.com\/de\/wp-json\/wp\/v2\/product"}],"about":[{"href":"https:\/\/mgvpublications.com\/de\/wp-json\/wp\/v2\/types\/product"}],"wp:featuredmedia":[{"embeddable":true,"href":"https:\/\/mgvpublications.com\/de\/wp-json\/wp\/v2\/media\/12887"}],"wp:attachment":[{"href":"https:\/\/mgvpublications.com\/de\/wp-json\/wp\/v2\/media?parent=12886"}],"wp:term":[{"taxonomy":"product_cat","embeddable":true,"href":"https:\/\/mgvpublications.com\/de\/wp-json\/wp\/v2\/product_cat?post=12886"},{"taxonomy":"product_tag","embeddable":true,"href":"https:\/\/mgvpublications.com\/de\/wp-json\/wp\/v2\/product_tag?post=12886"},{"taxonomy":"item","embeddable":true,"href":"https:\/\/mgvpublications.com\/de\/wp-json\/wp\/v2\/item?post=12886"}],"curies":[{"name":"wp","href":"https:\/\/api.w.org\/{rel}","templated":true}]}}