{"id":12853,"date":"2020-07-26T17:33:32","date_gmt":"2020-07-26T15:33:32","guid":{"rendered":"https:\/\/dev2.mgvpublications.com\/produkt\/dualar\/"},"modified":"2022-03-08T22:35:18","modified_gmt":"2022-03-08T21:35:18","slug":"dualar","status":"publish","type":"product","link":"https:\/\/mgvpublications.com\/de\/dualar\/","title":{"rendered":"Dualar"},"content":{"rendered":"<table>\n<tbody>\n<tr>\n<td>Derleyici:<\/td>\n<td><a href=\"https:\/\/www.kitapyurdu.com\/yazar\/ismail-derin\/199467.html\" target=\"_blank\" rel=\"noopener\"> \u0130smail Derin<\/a><\/td>\n<\/tr>\n<tr>\n<td>Yay\u0131n Tarihi:<\/td>\n<td>01.08.2019<\/td>\n<\/tr>\n<tr>\n<td>ISBN:<\/td>\n<td>6057519528<\/td>\n<\/tr>\n<tr>\n<td>Bask\u0131 Say\u0131s\u0131:<\/td>\n<td>8. Bask\u0131<\/td>\n<\/tr>\n<tr>\n<td>Dil:<\/td>\n<td>ARAP\u00c7A,T\u00dcRK\u00c7E<\/td>\n<\/tr>\n<tr>\n<td>Sayfa Say\u0131s\u0131:<\/td>\n<td>485<\/td>\n<\/tr>\n<tr>\n<td>Cilt Tipi:<\/td>\n<td>Karton Kapak<\/td>\n<\/tr>\n<tr>\n<td>Ka\u011f\u0131t Cinsi:<\/td>\n<td>Kitap Ka\u011f\u0131d\u0131<\/td>\n<\/tr>\n<tr>\n<td>Boyut:<\/td>\n<td>14 x 21.5 cm<\/td>\n<\/tr>\n<\/tbody>\n<\/table>","protected":false},"excerpt":{"rendered":"<p><span class=\"info__text\">Dua; s\u0131n\u0131rl\u0131, sonlu ve aciz olan insan\u0131n b\u00fct\u00fcn benli\u011fiyle s\u0131n\u0131rs\u0131z, sonsuz ve kudret sahibi olan y\u00fcce Allah&#8217;a y\u00f6nelip O&#8217;ndan istek ve dilekte bulunmas\u0131, O&#8217;nunla aras\u0131nda bir k\u00f6pr\u00fc ve diyalog kurmas\u0131d\u0131r. Dua eden insan; b\u00fct\u00fcn zay\u0131fl\u0131\u011f\u0131, acizli\u011fi ve ihtiya\u00e7lar\u0131 i\u00e7inde, Y\u00fcce Allah&#8217;\u0131n sonsuz kudretinin ve y\u00fcceli\u011finin isteklerini ancak O&#8217;nun l\u00fctfu ve yard\u0131m\u0131yla elde edebilece\u011finin bilincindedir. Bu bilin\u00e7le yap\u0131lan dua; insan\u0131n Yaratan&#8217;\u0131na olan inanc\u0131n\u0131n, g\u00fcveninin ve O&#8217;na teslim olu\u015funun bir g\u00f6stergesidir. \u0130\u015fte bundan dolay\u0131 Peygamberimiz (s.a.s); &#8220;Allah&#8217;a duadan daha de\u011ferli bir\u015fey yoktur&#8221; (Tirmizi, De&#8217;avat, 1; \u0130bn Mace, Dua,1) buyurmu\u015ftur.<\/span><\/p>","protected":false},"featured_media":12854,"template":"","meta":{"spay_email":""},"product_cat":[174],"product_tag":[],"item":[960],"acf":[],"_links":{"self":[{"href":"https:\/\/mgvpublications.com\/de\/wp-json\/wp\/v2\/product\/12853"}],"collection":[{"href":"https:\/\/mgvpublications.com\/de\/wp-json\/wp\/v2\/product"}],"about":[{"href":"https:\/\/mgvpublications.com\/de\/wp-json\/wp\/v2\/types\/product"}],"wp:featuredmedia":[{"embeddable":true,"href":"https:\/\/mgvpublications.com\/de\/wp-json\/wp\/v2\/media\/12854"}],"wp:attachment":[{"href":"https:\/\/mgvpublications.com\/de\/wp-json\/wp\/v2\/media?parent=12853"}],"wp:term":[{"taxonomy":"product_cat","embeddable":true,"href":"https:\/\/mgvpublications.com\/de\/wp-json\/wp\/v2\/product_cat?post=12853"},{"taxonomy":"product_tag","embeddable":true,"href":"https:\/\/mgvpublications.com\/de\/wp-json\/wp\/v2\/product_tag?post=12853"},{"taxonomy":"item","embeddable":true,"href":"https:\/\/mgvpublications.com\/de\/wp-json\/wp\/v2\/item?post=12853"}],"curies":[{"name":"wp","href":"https:\/\/api.w.org\/{rel}","templated":true}]}}