{"id":12846,"date":"2020-07-26T17:20:33","date_gmt":"2020-07-26T15:20:33","guid":{"rendered":"https:\/\/dev2.mgvpublications.com\/produkt\/ailem\/"},"modified":"2022-03-08T22:35:18","modified_gmt":"2022-03-08T21:35:18","slug":"ailem","status":"publish","type":"product","link":"https:\/\/mgvpublications.com\/de\/ailem\/","title":{"rendered":"Ailem"},"content":{"rendered":"<table>\n<tbody>\n<tr>\n<td>ISBN:<\/td>\n<td>9751963284<\/td>\n<\/tr>\n<tr>\n<td>Bask\u0131 Say\u0131s\u0131:<\/td>\n<td>1. Bask\u0131<\/td>\n<\/tr>\n<tr>\n<td>Dil:<\/td>\n<td>T\u00dcRK\u00c7E<\/td>\n<\/tr>\n<tr>\n<td>Sayfa Say\u0131s\u0131:<\/td>\n<td>213<\/td>\n<\/tr>\n<tr>\n<td>Cilt Tipi:<\/td>\n<td>Karton Kapak<\/td>\n<\/tr>\n<tr>\n<td>Ka\u011f\u0131t Cinsi:<\/td>\n<td>1. Hm. Ka\u011f\u0131t<\/td>\n<\/tr>\n<tr>\n<td>Boyut:<\/td>\n<td>13.5 x 21 cm<\/td>\n<\/tr>\n<\/tbody>\n<\/table>","protected":false},"excerpt":{"rendered":"<p><span class=\"info__text\">Bu \u00e7al\u0131\u015fma, ailenin kurulmas\u0131, korunmas\u0131 ve g\u00fc\u00e7lendirilmesi ad\u0131na sosyal bilimlerin ve dini kaynaklar\u0131n dan\u0131\u015fmanl\u0131\u011f\u0131na m\u00fcracaat etmeyi; bir yuvan\u0131n kar\u015f\u0131la\u015ft\u0131\u011f\u0131 risk alanlar\u0131n\u0131 dikkate almak suretiyle sorunlara dair \u00e7\u00f6z\u00fcm \u00f6nerileri sunmay\u0131 ama\u00e7lamaktad\u0131r. Bizleri y\u00fcreklendirmekte; aile de\u011ferlerimizi hat\u0131rlamaya, ailemiz hakk\u0131nda sorumluluk \u00fcstlenmeye ve daha mutlu , g\u00fcvenli, dayan\u0131ml\u0131 yuvalar i\u00e7in emek vermeye davet etmektedir.<\/span><\/p>","protected":false},"featured_media":12847,"template":"","meta":{"spay_email":""},"product_cat":[171],"product_tag":[],"item":[960],"acf":[],"_links":{"self":[{"href":"https:\/\/mgvpublications.com\/de\/wp-json\/wp\/v2\/product\/12846"}],"collection":[{"href":"https:\/\/mgvpublications.com\/de\/wp-json\/wp\/v2\/product"}],"about":[{"href":"https:\/\/mgvpublications.com\/de\/wp-json\/wp\/v2\/types\/product"}],"wp:featuredmedia":[{"embeddable":true,"href":"https:\/\/mgvpublications.com\/de\/wp-json\/wp\/v2\/media\/12847"}],"wp:attachment":[{"href":"https:\/\/mgvpublications.com\/de\/wp-json\/wp\/v2\/media?parent=12846"}],"wp:term":[{"taxonomy":"product_cat","embeddable":true,"href":"https:\/\/mgvpublications.com\/de\/wp-json\/wp\/v2\/product_cat?post=12846"},{"taxonomy":"product_tag","embeddable":true,"href":"https:\/\/mgvpublications.com\/de\/wp-json\/wp\/v2\/product_tag?post=12846"},{"taxonomy":"item","embeddable":true,"href":"https:\/\/mgvpublications.com\/de\/wp-json\/wp\/v2\/item?post=12846"}],"curies":[{"name":"wp","href":"https:\/\/api.w.org\/{rel}","templated":true}]}}