{"id":12842,"date":"2020-07-26T17:12:31","date_gmt":"2020-07-26T15:12:31","guid":{"rendered":"https:\/\/dev2.mgvpublications.com\/produkt\/kudues-ve-aksa\/"},"modified":"2022-04-08T17:15:34","modified_gmt":"2022-04-08T15:15:34","slug":"kudues-ve-aksa","status":"publish","type":"product","link":"https:\/\/mgvpublications.com\/de\/kudues-ve-aksa\/","title":{"rendered":"Kud\u00fcs ve Aksa"},"content":{"rendered":"<p>Yay\u0131n Tarihi: 10.06.2021<br \/>ISBN: 9789751970046<br \/>Dil: T\u00dcRK\u00c7E<br \/>Sayfa Say\u0131s\u0131: 316<br \/>Cilt Tipi: Karton Kapak<br \/>Ka\u011f\u0131t Cinsi: Ku\u015fe Ka\u011f\u0131t<br \/>Boyut: 24.5 x 16 cm<\/p>","protected":false},"excerpt":{"rendered":"<p>Kud\u00fcs\u2019\u00fc yazmak, kutsal\u0131n de\u011ferini anlatmak kadar zor. Kud\u00fcs\u2019\u00fc anlatmak, orada ya\u015famak kadar zor. Bu \u00e7al\u0131\u015fma, Kud\u00fcs\u2019\u00fcn ne denli \u00f6nemli bir co\u011frafya oldu\u011funu g\u00f6sterecek kadar k\u0131sa bir tarih, Kud\u00fcs\u2019\u00fcn \u00fc\u00e7 din i\u00e7in ne kadar kutsal oldu\u011funu anlatacak kadar bilgi, ge\u00e7mi\u015fte ve g\u00fcn\u00fcm\u00fczde ya\u015fananlardan \u00e7e\u015fitli dersler \u00e7\u0131kartacak kadar fark\u0131ndal\u0131k olu\u015fturmay\u0131 hedeflemi\u015ftir.<\/p>","protected":false},"featured_media":23291,"template":"","meta":{"spay_email":""},"product_cat":[174],"product_tag":[],"item":[960],"acf":[],"_links":{"self":[{"href":"https:\/\/mgvpublications.com\/de\/wp-json\/wp\/v2\/product\/12842"}],"collection":[{"href":"https:\/\/mgvpublications.com\/de\/wp-json\/wp\/v2\/product"}],"about":[{"href":"https:\/\/mgvpublications.com\/de\/wp-json\/wp\/v2\/types\/product"}],"wp:featuredmedia":[{"embeddable":true,"href":"https:\/\/mgvpublications.com\/de\/wp-json\/wp\/v2\/media\/23291"}],"wp:attachment":[{"href":"https:\/\/mgvpublications.com\/de\/wp-json\/wp\/v2\/media?parent=12842"}],"wp:term":[{"taxonomy":"product_cat","embeddable":true,"href":"https:\/\/mgvpublications.com\/de\/wp-json\/wp\/v2\/product_cat?post=12842"},{"taxonomy":"product_tag","embeddable":true,"href":"https:\/\/mgvpublications.com\/de\/wp-json\/wp\/v2\/product_tag?post=12842"},{"taxonomy":"item","embeddable":true,"href":"https:\/\/mgvpublications.com\/de\/wp-json\/wp\/v2\/item?post=12842"}],"curies":[{"name":"wp","href":"https:\/\/api.w.org\/{rel}","templated":true}]}}