{"id":12827,"date":"2020-07-26T16:35:34","date_gmt":"2020-07-26T14:35:34","guid":{"rendered":"https:\/\/dev2.mgvpublications.com\/produkt\/timsah-olmak-isteyen-hipopotam-kabina-sigmayan-hayaller-dizisi\/"},"modified":"2022-03-08T22:35:15","modified_gmt":"2022-03-08T21:35:15","slug":"timsah-olmak-isteyen-hipopotam-kabina-sigmayan-hayaller-dizisi","status":"publish","type":"product","link":"https:\/\/mgvpublications.com\/de\/timsah-olmak-isteyen-hipopotam-kabina-sigmayan-hayaller-dizisi\/","title":{"rendered":"Timsah Olmak \u0130steyen Hipopotam \/ Kab\u0131na S\u0131\u011fmayan Hayaller Dizisi"},"content":{"rendered":"<p>\u00c7evirmen: Ya\u011fmur Deniz Karata\u015f<br \/>Yay\u0131n Tarihi: 04.04.2017<br \/>ISBN: 9786051862446<br \/>Dil: T\u00dcRK\u00c7E<br \/>Sayfa Say\u0131s\u0131: 36<br \/>Cilt Tipi: Karton Kapak<br \/>Ka\u011f\u0131t Cinsi: Ku\u015fe Ka\u011f\u0131t<br \/>Boyut: 26 x 26 cm<\/p>","protected":false},"excerpt":{"rendered":"<p>G\u00fcm\u00fc\u015f, timsah olma hayali kuran bir hipopotam. Z\u00fcmr\u00fct ye\u015fili derilerinin ve uzun v\u00fccutlar\u0131n\u0131n harika oldu\u011funu d\u00fc\u015f\u00fcn\u00fcyor. Ama hayat timsahlar i\u00e7in daha kolay sanmay\u0131n. Bir timsah\u0131n hayat\u0131 da zorluklarla dolu olabilir.<\/p>","protected":false},"featured_media":18914,"template":"","meta":{"spay_email":""},"product_cat":[172],"product_tag":[],"item":[1214],"acf":[],"_links":{"self":[{"href":"https:\/\/mgvpublications.com\/de\/wp-json\/wp\/v2\/product\/12827"}],"collection":[{"href":"https:\/\/mgvpublications.com\/de\/wp-json\/wp\/v2\/product"}],"about":[{"href":"https:\/\/mgvpublications.com\/de\/wp-json\/wp\/v2\/types\/product"}],"wp:featuredmedia":[{"embeddable":true,"href":"https:\/\/mgvpublications.com\/de\/wp-json\/wp\/v2\/media\/18914"}],"wp:attachment":[{"href":"https:\/\/mgvpublications.com\/de\/wp-json\/wp\/v2\/media?parent=12827"}],"wp:term":[{"taxonomy":"product_cat","embeddable":true,"href":"https:\/\/mgvpublications.com\/de\/wp-json\/wp\/v2\/product_cat?post=12827"},{"taxonomy":"product_tag","embeddable":true,"href":"https:\/\/mgvpublications.com\/de\/wp-json\/wp\/v2\/product_tag?post=12827"},{"taxonomy":"item","embeddable":true,"href":"https:\/\/mgvpublications.com\/de\/wp-json\/wp\/v2\/item?post=12827"}],"curies":[{"name":"wp","href":"https:\/\/api.w.org\/{rel}","templated":true}]}}