{"id":12823,"date":"2020-07-26T16:29:55","date_gmt":"2020-07-26T14:29:55","guid":{"rendered":"https:\/\/dev2.mgvpublications.com\/produkt\/ejderha-kalpli-kiz\/"},"modified":"2022-03-08T22:35:15","modified_gmt":"2022-03-08T21:35:15","slug":"ejderha-kalpli-kiz","status":"publish","type":"product","link":"https:\/\/mgvpublications.com\/de\/ejderha-kalpli-kiz\/","title":{"rendered":"Ejderha Kalpli K\u0131z"},"content":{"rendered":"<p>\u00c7evirmen: \u00c7i\u011fdem K\u00f6f\u00fcnc\u00fc<br \/>Yay\u0131n Tarihi: 03.04.2020<br \/>ISBN: 9786051868233<br \/>Dil: T\u00dcRK\u00c7E<br \/>Sayfa Say\u0131s\u0131: 288<br \/>Cilt Tipi: Karton Kapak<br \/>Ka\u011f\u0131t Cinsi: Kitap Ka\u011f\u0131d\u0131<br \/>Boyut: 13.5 x 21 cm<br \/>Di\u011fer \u00d6zellik: 12  Ya\u015f<\/p>","protected":false},"excerpt":{"rendered":"<p>Bir zamanlar \u00e7ikolatas\u0131yla \u00fcnl\u00fc ve ejderhalar taraf\u0131ndan korunan \u00f6zel bir \u015fehirde, ger\u00e7ekleri hik\u00e2ye gibi anlatabilecek kadar korkusuz bir k\u0131z ya\u015farm\u0131\u015f. Ad\u0131 Silke olan bu k\u0131z, o kadar iyi hik\u00e2yeler yarat\u0131rm\u0131\u015f ki be\u015f paras\u0131z bir yetimken bile en g\u00f6z al\u0131c\u0131 \u00e7ikolata evi olan \u00c7ikolata Kalbi\u2019nde \u00e7al\u0131\u015fman\u0131n ve bir ejderhayla arkada\u015f olman\u0131n yolunu bulmu\u015f. Kelimeleri b\u00f6ylesine etkileyici kullanabilmesi kraliyet ailesinin de g\u00f6z\u00fcnden ka\u00e7mam\u0131\u015f olacak ki gizemli ve tehlikeli periler \u015fehre geleceklerini duyurdu\u011funda Silke\u2019yi casus olarak kullanmaya karar vermi\u015fler. Ama Silke\u2019nin perilere g\u00fcvenmemek i\u00e7in kendince \u00f6zel nedenleri varm\u0131\u015f. Silke kendi s\u0131rlar\u0131n\u0131 saklarken perilerin ger\u00e7ek ama\u00e7lar\u0131n\u0131 ortaya \u00e7\u0131karabilecek midir? \u201c\u00c7ikolata Kalpli Ejderha\u2019n\u0131n devam\u0131 olan bu macera daha narin, daha ilgin\u00e7 ve bir bak\u0131ma \u00e7ok daha farkl\u0131 bir k\u0131z\u0131 anlat\u0131yor\u2026 Saray oyunlar\u0131yla tuhaf ittifaklar\u0131n birle\u015fti\u011fi cesaret verici ve iyi \u00f6r\u00fclm\u00fc\u015f bir hik\u00e2ye.\u201d \u2014BOOKLIST \u201cSilke\u2019nin g\u00fc\u00e7l\u00fc karakteriyle Burgis\u2019in yaratt\u0131\u011f\u0131 d\u00fcnya bamba\u015fka. Fantastik kitap d\u00fc\u015fk\u00fcnleri bu tatl\u0131 hik\u00e2yenin derinliklerinde kaybolacak.\u201d \u2014KIRKUS REVIEWS \u201cMacera dolu bu kitap fantastik sevenler i\u00e7in harika bir se\u00e7im. G\u00fcn\u00fc kurtaran k\u00fc\u00e7\u00fck bir kahraman \u00c7ikolata Kalpli Ejderha\u2019dan sonra \u00f6zleminizi giderecek.\u201d \u2014SCHOOL LIBRARY JOURNAL<\/p>","protected":false},"featured_media":18912,"template":"","meta":{"spay_email":""},"product_cat":[172],"product_tag":[],"item":[1214],"acf":[],"_links":{"self":[{"href":"https:\/\/mgvpublications.com\/de\/wp-json\/wp\/v2\/product\/12823"}],"collection":[{"href":"https:\/\/mgvpublications.com\/de\/wp-json\/wp\/v2\/product"}],"about":[{"href":"https:\/\/mgvpublications.com\/de\/wp-json\/wp\/v2\/types\/product"}],"wp:featuredmedia":[{"embeddable":true,"href":"https:\/\/mgvpublications.com\/de\/wp-json\/wp\/v2\/media\/18912"}],"wp:attachment":[{"href":"https:\/\/mgvpublications.com\/de\/wp-json\/wp\/v2\/media?parent=12823"}],"wp:term":[{"taxonomy":"product_cat","embeddable":true,"href":"https:\/\/mgvpublications.com\/de\/wp-json\/wp\/v2\/product_cat?post=12823"},{"taxonomy":"product_tag","embeddable":true,"href":"https:\/\/mgvpublications.com\/de\/wp-json\/wp\/v2\/product_tag?post=12823"},{"taxonomy":"item","embeddable":true,"href":"https:\/\/mgvpublications.com\/de\/wp-json\/wp\/v2\/item?post=12823"}],"curies":[{"name":"wp","href":"https:\/\/api.w.org\/{rel}","templated":true}]}}