{"id":12819,"date":"2020-07-26T16:25:58","date_gmt":"2020-07-26T14:25:58","guid":{"rendered":"https:\/\/dev2.mgvpublications.com\/produkt\/cilgin-deneyler-kuluebue-1-isinlama-kazasi\/"},"modified":"2022-03-08T22:35:13","modified_gmt":"2022-03-08T21:35:13","slug":"cilgin-deneyler-kuluebue-1-isinlama-kazasi","status":"publish","type":"product","link":"https:\/\/mgvpublications.com\/de\/cilgin-deneyler-kuluebue-1-isinlama-kazasi\/","title":{"rendered":"\u00c7\u0131lg\u0131n Deneyler Kul\u00fcb\u00fc 1 I\u015f\u0131nlama Kazas\u0131"},"content":{"rendered":"","protected":false},"excerpt":{"rendered":"<p>Hi\u00e7 d\u00fcnya ad\u0131na g\u00fczel ve faydal\u0131 bir \u015feyler yapay\u0131m diye d\u00fc\u015f\u00fcnd\u00fcn m\u00fc? \u0130\u015fte bizim Alp, Berk ve Mete d\u00fc\u015f\u00fcnd\u00fc. Ama iyilik yapay\u0131m derken ortal\u0131\u011f\u0131 birbirine katt\u0131lar!<br \/>\nEllerine ge\u00e7en, i\u00e7inde birbirinden acayip bilimsel projelerin yer ald\u0131\u011f\u0131 gizli bir defter nelere sebep oluyor nelere! I\u015f\u0131nlanmalar, ortadan kaybolmalar! Aman aman!<br \/>\nNeyse ki k\u0131vrak zekal\u0131 arkada\u015flar\u0131 Ece yard\u0131m ediyor da kafa kafaya veren \u00c7\u0131lg\u0131n Deneyler Kul\u00fcb\u00fc her \u015feyi eski normal haline \u00e7evirmek i\u00e7in kollar\u0131 s\u0131v\u0131yor\u2026<\/p>\n<p><strong>YORUMLAR<\/strong><\/p>\n<p>\u201cBu kitap iki t\u00fcrl\u00fc okunabilir: \u0130ster resimleriyle ister metniyle&#8230; Her iki okumada da heyecanlanacak, e\u011flenecek ve \u2018Devam\u0131n\u0131\u00a0\u00a0 istiyoruuuz!\u2019 diye, kitab\u0131n ayn\u0131 zamanda ressam\u0131 da olan yazar\u0131 sabah ak\u015fam aray\u0131p delirteceksiniz.\u201d<br \/>\n<strong>Ayt\u00fcl Akal<\/strong><\/p>\n<p>\u201cSevgili Esra\u2019n\u0131n kitab\u0131 harika bir kar\u0131\u015f\u0131m\u0131n \u00fcr\u00fcn\u00fc: enfes \u00e7izimler ve \u00e7ocuklar\u0131n kalbine akacak bir \u00f6yk\u00fc. \u00c7\u0131lg\u0131n Deneyler Kul\u00fcb\u00fc\u2019n\u00fcn daha pek \u00e7ok ser\u00fcven ya\u015fayaca\u011f\u0131na eminim ve bunun harika bir ba\u015flang\u0131\u00e7 oldu\u011funu s\u00f6yleyebilirim.\u201d<br \/>\n<strong>A\u015fk\u0131n G\u00fcng\u00f6r<\/strong><\/p>","protected":false},"featured_media":12820,"template":"","meta":{"spay_email":""},"product_cat":[172],"product_tag":[],"item":[1214],"acf":[],"_links":{"self":[{"href":"https:\/\/mgvpublications.com\/de\/wp-json\/wp\/v2\/product\/12819"}],"collection":[{"href":"https:\/\/mgvpublications.com\/de\/wp-json\/wp\/v2\/product"}],"about":[{"href":"https:\/\/mgvpublications.com\/de\/wp-json\/wp\/v2\/types\/product"}],"wp:featuredmedia":[{"embeddable":true,"href":"https:\/\/mgvpublications.com\/de\/wp-json\/wp\/v2\/media\/12820"}],"wp:attachment":[{"href":"https:\/\/mgvpublications.com\/de\/wp-json\/wp\/v2\/media?parent=12819"}],"wp:term":[{"taxonomy":"product_cat","embeddable":true,"href":"https:\/\/mgvpublications.com\/de\/wp-json\/wp\/v2\/product_cat?post=12819"},{"taxonomy":"product_tag","embeddable":true,"href":"https:\/\/mgvpublications.com\/de\/wp-json\/wp\/v2\/product_tag?post=12819"},{"taxonomy":"item","embeddable":true,"href":"https:\/\/mgvpublications.com\/de\/wp-json\/wp\/v2\/item?post=12819"}],"curies":[{"name":"wp","href":"https:\/\/api.w.org\/{rel}","templated":true}]}}