{"id":12811,"date":"2020-12-02T15:45:54","date_gmt":"2020-12-02T14:45:54","guid":{"rendered":"https:\/\/dev2.mgvpublications.com\/produkt\/fuesusul-hikem-hikmetlerin-oezue\/"},"modified":"2022-03-08T22:35:12","modified_gmt":"2022-03-08T21:35:12","slug":"fuesusul-hikem-hikmetlerin-oezue","status":"publish","type":"product","link":"https:\/\/mgvpublications.com\/de\/fuesusul-hikem-hikmetlerin-oezue\/","title":{"rendered":"F\u00fcsusu&#8217;l-Hikem Hikmetlerin \u00d6z\u00fc"},"content":{"rendered":"<p>Yay\u0131n Tarihi: 06.05.2020<br \/>ISBN: 9789759161231<br \/>Dil: T\u00dcRK\u00c7E<br \/>Sayfa Say\u0131s\u0131: 240<br \/>Cilt Tipi: Karton Kapak<br \/>Ka\u011f\u0131t Cinsi: Kitap Ka\u011f\u0131d\u0131<br \/>Boyut: 13.5 x 21 cm<\/p>","protected":false},"excerpt":{"rendered":"<p>\u0130slam irfan tarihinin en m\u00fchim \u015fahsiyetlerinden birisi olan \u015eeyh\u00fc\u2019l-Ekber Muhyiddin \u0130bn\u00fc\u2019l-Arab\u00ee\u2019nin, en \u00e7ok tart\u0131\u015f\u0131lan eseri F\u00fcsusu\u2019l-Hikem (Hikmetlerin \u00d6z\u00fc)\u2019dir. Peygamberimiz\u2019den ald\u0131\u011f\u0131 talimat \u00fczerine, &#8220;ne bir harf noksan ne de bir harf fazla&#8221; olmamak \u00fczere nakledilen bu hikmetlerin her biri, bir Peygamber\u2019in hakikatinden s\u00fcz\u00fcl\u00fcp gelmi\u015ftir. Eserleri ile \u0130slam irfan\u0131n\u0131n zenginli\u011fini ve enginli\u011fini ortaya oymu\u015f olan bu b\u00fcy\u00fck bilgenin, m\u00fchim eseri F\u00fcsusu\u2019l-Hikem\u2019in yeni bir terc\u00fcmesini sizlerle payla\u015f\u0131yoruz. F\u00fcsus\u2019un T\u00fcrk\u00e7e okuyup yazanlar a\u00e7\u0131s\u0131ndan sarih, temiz ve duru bir terc\u00fcmesi olma niyaz\u0131yla sundu\u011fumuz bu kitab\u0131n \u015eeyh\u00fc\u2019l-Ekber\u2019in irfan d\u00fcnyas\u0131ndaki derinli\u011fini aksettirmesi dile\u011fimizdir.<\/p>","protected":false},"featured_media":18897,"template":"","meta":{"spay_email":""},"product_cat":[174],"product_tag":[],"item":[767],"acf":[],"_links":{"self":[{"href":"https:\/\/mgvpublications.com\/de\/wp-json\/wp\/v2\/product\/12811"}],"collection":[{"href":"https:\/\/mgvpublications.com\/de\/wp-json\/wp\/v2\/product"}],"about":[{"href":"https:\/\/mgvpublications.com\/de\/wp-json\/wp\/v2\/types\/product"}],"wp:featuredmedia":[{"embeddable":true,"href":"https:\/\/mgvpublications.com\/de\/wp-json\/wp\/v2\/media\/18897"}],"wp:attachment":[{"href":"https:\/\/mgvpublications.com\/de\/wp-json\/wp\/v2\/media?parent=12811"}],"wp:term":[{"taxonomy":"product_cat","embeddable":true,"href":"https:\/\/mgvpublications.com\/de\/wp-json\/wp\/v2\/product_cat?post=12811"},{"taxonomy":"product_tag","embeddable":true,"href":"https:\/\/mgvpublications.com\/de\/wp-json\/wp\/v2\/product_tag?post=12811"},{"taxonomy":"item","embeddable":true,"href":"https:\/\/mgvpublications.com\/de\/wp-json\/wp\/v2\/item?post=12811"}],"curies":[{"name":"wp","href":"https:\/\/api.w.org\/{rel}","templated":true}]}}