{"id":12809,"date":"2020-07-26T16:10:42","date_gmt":"2020-07-26T14:10:42","guid":{"rendered":"https:\/\/dev2.mgvpublications.com\/produkt\/tasavvuf-notlari\/"},"modified":"2022-09-14T11:42:30","modified_gmt":"2022-09-14T09:42:30","slug":"tasavvuf-notlari","status":"publish","type":"product","link":"https:\/\/mgvpublications.com\/de\/tasavvuf-notlari\/","title":{"rendered":"Tasavvuf Notlar\u0131"},"content":{"rendered":"","protected":false},"excerpt":{"rendered":"<p><em>&#8220;Tasavvuf, salih amel ve iyi ahlakt\u0131r.<\/em><br \/>\n<em>Sufi, hi\u00e7 oland\u0131r.&#8221;<\/em><\/p>\n<p>Tasavvuf \u00e7al\u0131\u015fmalar\u0131nda d\u00fcnya \u00e7ap\u0131ndaki en yetkin isimlerden biri olan Profes\u00f6r Annemarie Schimmel,\u00a0<em>Tasavvuf Notlar\u0131<\/em>&#8216;nda tasavvuf terminolojisi, seyr \u00fc s\u00fcl\u00fbk ve nefis mertebeleri gibi temel konulara k\u0131sa bir giri\u015f yapmak isteyenler i\u00e7in tasavvufun ger\u00e7ekte ne oldu\u011funu ve olmad\u0131\u011f\u0131n\u0131 evliya menk\u0131beleriyle net bir bi\u00e7imde anlatan bir giri\u015f kitab\u0131 sunuyor.<br \/>\nT\u00fcrk\u00e7ede ilk kez yay\u0131mlanan\u00a0<em>Tasavvuf Notlar\u0131<\/em>, tasavvuf\u00ee hakikatlerin \u00f6z\u00fcn\u00fc, bu gelene\u011fin \u0130slam tarihindeki geli\u015fim ve de\u011fi\u015fim a\u015famalar\u0131n\u0131,\u00a0tarikatlar ile bu tarikatlar\u0131n ortaya \u00e7\u0131k\u0131p yay\u0131ld\u0131\u011f\u0131 b\u00f6lgeleri d\u00e2hil ederek\u00a0net bir \u015fekilde a\u00e7\u0131kl\u0131yor. Halihaz\u0131rda tasavvufla ilgilenenler i\u00e7in de bilinmeyen detaylardan bahseden ve ufak hat\u0131rlatmalar yapan bir el kitab\u0131na d\u00f6n\u00fc\u015f\u00fcyor.<\/p>","protected":false},"featured_media":12810,"template":"","meta":{"spay_email":""},"product_cat":[1588],"product_tag":[],"item":[767],"acf":[],"_links":{"self":[{"href":"https:\/\/mgvpublications.com\/de\/wp-json\/wp\/v2\/product\/12809"}],"collection":[{"href":"https:\/\/mgvpublications.com\/de\/wp-json\/wp\/v2\/product"}],"about":[{"href":"https:\/\/mgvpublications.com\/de\/wp-json\/wp\/v2\/types\/product"}],"wp:featuredmedia":[{"embeddable":true,"href":"https:\/\/mgvpublications.com\/de\/wp-json\/wp\/v2\/media\/12810"}],"wp:attachment":[{"href":"https:\/\/mgvpublications.com\/de\/wp-json\/wp\/v2\/media?parent=12809"}],"wp:term":[{"taxonomy":"product_cat","embeddable":true,"href":"https:\/\/mgvpublications.com\/de\/wp-json\/wp\/v2\/product_cat?post=12809"},{"taxonomy":"product_tag","embeddable":true,"href":"https:\/\/mgvpublications.com\/de\/wp-json\/wp\/v2\/product_tag?post=12809"},{"taxonomy":"item","embeddable":true,"href":"https:\/\/mgvpublications.com\/de\/wp-json\/wp\/v2\/item?post=12809"}],"curies":[{"name":"wp","href":"https:\/\/api.w.org\/{rel}","templated":true}]}}