{"id":12807,"date":"2020-07-26T16:08:38","date_gmt":"2020-07-26T14:08:38","guid":{"rendered":"https:\/\/dev2.mgvpublications.com\/produkt\/kurani-okumak-ve-anlamak\/"},"modified":"2022-03-08T22:35:12","modified_gmt":"2022-03-08T21:35:12","slug":"kurani-okumak-ve-anlamak","status":"publish","type":"product","link":"https:\/\/mgvpublications.com\/de\/kurani-okumak-ve-anlamak\/","title":{"rendered":"Kur&#8217;an&#8217;\u0131 Okumak ve Anlamak"},"content":{"rendered":"<p>\u00c7evirmen: Cemal Ayd\u0131n<br \/>Yay\u0131n Tarihi: 03.12.2019<br \/>ISBN: 9786059778923<br \/>Dil: T\u00dcRK\u00c7E<br \/>Sayfa Say\u0131s\u0131: 128<br \/>Cilt Tipi: Karton Kapak<br \/>Ka\u011f\u0131t Cinsi: Kitap Ka\u011f\u0131d\u0131<br \/>Boyut: 13.5 x 21 cm<\/p>","protected":false},"excerpt":{"rendered":"<p>Avrupa ve Amerikas\u0131yla Bat\u0131 d\u00fcnyas\u0131 h\u0131zla M\u00fcsl\u00fcmanla\u015f\u0131yor\u2026 Bunda Gazz\u00e2l\u00ee\u2019nin katk\u0131s\u0131 \u00e7ok b\u00fcy\u00fck&#8230; \u00c7\u00fcnk\u00fc Bat\u0131\u2019da en \u00e7ok okunan kitaplar\u0131n ba\u015f\u0131nda onun eserleri geliyor\u2026 Elinizdeki kitap d\u00e2hil, Gazz\u00e2l\u00ee\u2019nin hemen hemen b\u00fct\u00fcn kitaplar\u0131 Bat\u0131 dillerine \u00e7evrilmi\u015f bulunuyor. Ayr\u0131ca Gazz\u00e2l\u00ee, hakk\u0131nda en \u00e7ok tez yap\u0131lan ve kitap yaz\u0131lan bir \u0130sl\u00e2m \u00e2limi unvan\u0131n\u0131 koruyor\u2026 \u0130\u015fte bu eserde, b\u00f6yle g\u00fc\u00e7l\u00fc bir \u00e2lim ve \u00e7ok de\u011ferli bir s\u00fbf\u00eenin kaleminden Kur\u2019\u00e2n\u2019a nas\u0131l bak\u0131lmas\u0131, nas\u0131l okunmas\u0131 ve nas\u0131l anla\u015f\u0131lmas\u0131 gerekti\u011fini okuyacaks\u0131n\u0131z\u2026 Bu eserle birlikte art\u0131k Kur\u2019\u00e2n\u2019\u0131 daha bir duyarak, daha bir duygulanarak, daha bir \u00fcrpererek okuyacak, okuduk\u00e7a \u00e7ok daha fazla m\u00e2nev\u00ee haz alacak ve r\u00fbhen kanatland\u0131\u011f\u0131n\u0131z\u0131 hissedeceksiniz\u2026<\/p>","protected":false},"featured_media":18951,"template":"","meta":{"spay_email":""},"product_cat":[174],"product_tag":[],"item":[767],"acf":[],"_links":{"self":[{"href":"https:\/\/mgvpublications.com\/de\/wp-json\/wp\/v2\/product\/12807"}],"collection":[{"href":"https:\/\/mgvpublications.com\/de\/wp-json\/wp\/v2\/product"}],"about":[{"href":"https:\/\/mgvpublications.com\/de\/wp-json\/wp\/v2\/types\/product"}],"wp:featuredmedia":[{"embeddable":true,"href":"https:\/\/mgvpublications.com\/de\/wp-json\/wp\/v2\/media\/18951"}],"wp:attachment":[{"href":"https:\/\/mgvpublications.com\/de\/wp-json\/wp\/v2\/media?parent=12807"}],"wp:term":[{"taxonomy":"product_cat","embeddable":true,"href":"https:\/\/mgvpublications.com\/de\/wp-json\/wp\/v2\/product_cat?post=12807"},{"taxonomy":"product_tag","embeddable":true,"href":"https:\/\/mgvpublications.com\/de\/wp-json\/wp\/v2\/product_tag?post=12807"},{"taxonomy":"item","embeddable":true,"href":"https:\/\/mgvpublications.com\/de\/wp-json\/wp\/v2\/item?post=12807"}],"curies":[{"name":"wp","href":"https:\/\/api.w.org\/{rel}","templated":true}]}}