{"id":12798,"date":"2020-07-26T12:37:59","date_gmt":"2020-07-26T10:37:59","guid":{"rendered":"https:\/\/dev2.mgvpublications.com\/produkt\/zuzu-ile-allahin-guezel-isimlerini-oegreniyorum-3lue-set\/"},"modified":"2022-03-08T22:35:12","modified_gmt":"2022-03-08T21:35:12","slug":"zuzu-ile-allahin-guezel-isimlerini-oegreniyorum-3lue-set","status":"publish","type":"product","link":"https:\/\/mgvpublications.com\/de\/zuzu-ile-allahin-guezel-isimlerini-oegreniyorum-3lue-set\/","title":{"rendered":"Zuzu ile Allah\u2019\u0131n G\u00fczel \u0130simlerini \u00d6\u011freniyorum (3\u2019l\u00fc Set)"},"content":{"rendered":"","protected":false},"excerpt":{"rendered":"<p>Zuzu, k\u00fc\u00e7\u00fck bir fasulye yeti\u015ftirmeye ba\u015fl\u0131yor.<br \/>\nBu g\u00fczel fasulye bakal\u0131m O\u2019na Allah\u2019\u0131n hangi isimlerini \u00f6\u011fretiyor.<br \/>\nK\u00fc\u00e7\u00fck yavrular\u0131m\u0131za Allah\u2019\u0131n 3 g\u00fczel ismini anlatan bu s\u0131cac\u0131k \u00f6yk\u00fcye davetlisiniz.<br \/>\n<strong><em>\u2018El-Musavvir, Er-Rezzak, El-Vedud\u2019<\/em><\/strong><\/p>\n<p>Zuzu, botanik bah\u00e7esinde \u00e7i\u00e7eklerin d\u00fcnyas\u0131na do\u011fru bir yolculu\u011fa \u00e7\u0131k\u0131yor.<br \/>\nBu reng\u00e2renk d\u00fcnya bakal\u0131m O\u2019na Allah\u2019\u0131n hangi isimlerini \u00f6\u011fretiyor.<br \/>\nK\u00fc\u00e7\u00fck yavrular\u0131m\u0131za Allah\u2019\u0131n 3 g\u00fczel ismini anlatan bu s\u0131cac\u0131k \u00f6yk\u00fcye davetlisiniz.<br \/>\n<strong><em>\u2018El-Bari, El-Muhsi, El-Cemil\u2019<\/em><\/strong><\/p>\n<p>Zuzu, ailesiyle bilim fuar\u0131na gidiyor.<br \/>\nBirbirinden farkl\u0131 icatlar bakal\u0131m O\u2019na Allah\u2019\u0131n hangi isimlerini \u00f6\u011fretiyor.<br \/>\nK\u00fc\u00e7\u00fck yavrular\u0131m\u0131za Allah\u2019\u0131n 3 g\u00fczel ismini anlatan bu s\u0131cac\u0131k \u00f6yk\u00fcye davetlisiniz.<br \/>\n<strong><em>\u2018El-Hal\u0131k, El-Basir, Es-Semi\u2019<\/em><\/strong><\/p>","protected":false},"featured_media":12799,"template":"","meta":{"spay_email":""},"product_cat":[172],"product_tag":[],"item":[685],"acf":[],"_links":{"self":[{"href":"https:\/\/mgvpublications.com\/de\/wp-json\/wp\/v2\/product\/12798"}],"collection":[{"href":"https:\/\/mgvpublications.com\/de\/wp-json\/wp\/v2\/product"}],"about":[{"href":"https:\/\/mgvpublications.com\/de\/wp-json\/wp\/v2\/types\/product"}],"wp:featuredmedia":[{"embeddable":true,"href":"https:\/\/mgvpublications.com\/de\/wp-json\/wp\/v2\/media\/12799"}],"wp:attachment":[{"href":"https:\/\/mgvpublications.com\/de\/wp-json\/wp\/v2\/media?parent=12798"}],"wp:term":[{"taxonomy":"product_cat","embeddable":true,"href":"https:\/\/mgvpublications.com\/de\/wp-json\/wp\/v2\/product_cat?post=12798"},{"taxonomy":"product_tag","embeddable":true,"href":"https:\/\/mgvpublications.com\/de\/wp-json\/wp\/v2\/product_tag?post=12798"},{"taxonomy":"item","embeddable":true,"href":"https:\/\/mgvpublications.com\/de\/wp-json\/wp\/v2\/item?post=12798"}],"curies":[{"name":"wp","href":"https:\/\/api.w.org\/{rel}","templated":true}]}}