{"id":12788,"date":"2020-12-02T15:45:52","date_gmt":"2020-12-02T14:45:52","guid":{"rendered":"https:\/\/dev2.mgvpublications.com\/produkt\/biraz-yagmur-kimseyi-incitmez\/"},"modified":"2022-03-08T22:35:09","modified_gmt":"2022-03-08T21:35:09","slug":"biraz-yagmur-kimseyi-incitmez","status":"publish","type":"product","link":"https:\/\/mgvpublications.com\/de\/biraz-yagmur-kimseyi-incitmez\/","title":{"rendered":"Biraz Ya\u011fmur Kimseyi \u0130ncitmez"},"content":{"rendered":"<p>Yay\u0131n Tarihi: 29.03.2019<br \/>ISBN: 9786050807080<br \/>Dil: T\u00dcRK\u00c7E<br \/>Sayfa Say\u0131s\u0131: 288<br \/>Cilt Tipi: Karton Kapak<br \/>Ka\u011f\u0131t Cinsi: Kitap Ka\u011f\u0131d\u0131<br \/>Boyut: 13.5 x 21 cm<\/p>","protected":false},"excerpt":{"rendered":"<p>\u201cGer\u00e7ek hayat, tamam\u0131yla bulu\u015fmadan ibarettir\u2019. Bulu\u015fmak, kar\u015f\u0131la\u015fmak. \u0130nsan \u00f6tekiyle kar\u015f\u0131la\u015farak var olur. \u00d6tekinin bak\u0131\u015f\u0131yla, \u00f6tekinin y\u00fcz\u00fcn\u00fc bana \u00e7evirmesi, beni dinlemesiyle. \u0130li\u015fkiyle. Sadece ili\u015fkiler vas\u0131tas\u0131yla kendimizi d\u00fcnyaya ve ba\u015fkalar\u0131na tamamen a\u00e7ar\u0131z. Ba\u015fka bir insana ba\u011flanabilmek i\u00e7in ona a\u00e7\u0131k olmam gerekir. Olmam\u0131z\u0131 gerekti\u011fini d\u00fc\u015f\u00fcnd\u00fc\u011f\u00fcm\u00fcz ki\u015fi olmak arzusundan s\u0131yr\u0131larak, ger\u00e7ekten oldu\u011fumuz ki\u015fi olmaya izin vererek. Ger\u00e7ekte kimim ben? Ger\u00e7ekte oldu\u011fum ki\u015fi olmak, yani oldu\u011fum gibi g\u00f6r\u00fcnmekle sahicili\u011fe ad\u0131m atar\u0131m. \u0130ncinmeyi g\u00f6ze alarak.\u201d Kemal Sayar \u201cBiraz Ya\u011fmur Kimseyi \u0130ncitmez\u201dle insan\u0131n kendisiyle, \u00f6tekiyle, d\u00fcnyayla kurdu\u011fu ili\u015fkilere, varolu\u015fla ger\u00e7ekle\u015ftirdi\u011fi bulu\u015fmaya dikkat \u00e7ekiyor. Ya\u015farken incitici de olsa geriye d\u00f6n\u00fcp bakt\u0131\u011f\u0131m\u0131zda bizi olgunla\u015ft\u0131rd\u0131\u011f\u0131n\u0131 d\u00fc\u015f\u00fcnd\u00fc\u011f\u00fcm\u00fcz her \u015feyle yani \u201chayat\u201dla bulu\u015fman\u0131n \u201chayat\u0131 ask\u0131ya almadan\u201d ya\u015faman\u0131n ipu\u00e7lar\u0131 Kemal Sayar\u2019\u0131n usta kalemiyle \u201cBiraz Ya\u011fmur Kimseyi \u0130ncitmez\u201dde.<\/p>","protected":false},"featured_media":21441,"template":"","meta":{"spay_email":""},"product_cat":[168],"product_tag":[],"item":[360],"acf":[],"_links":{"self":[{"href":"https:\/\/mgvpublications.com\/de\/wp-json\/wp\/v2\/product\/12788"}],"collection":[{"href":"https:\/\/mgvpublications.com\/de\/wp-json\/wp\/v2\/product"}],"about":[{"href":"https:\/\/mgvpublications.com\/de\/wp-json\/wp\/v2\/types\/product"}],"wp:featuredmedia":[{"embeddable":true,"href":"https:\/\/mgvpublications.com\/de\/wp-json\/wp\/v2\/media\/21441"}],"wp:attachment":[{"href":"https:\/\/mgvpublications.com\/de\/wp-json\/wp\/v2\/media?parent=12788"}],"wp:term":[{"taxonomy":"product_cat","embeddable":true,"href":"https:\/\/mgvpublications.com\/de\/wp-json\/wp\/v2\/product_cat?post=12788"},{"taxonomy":"product_tag","embeddable":true,"href":"https:\/\/mgvpublications.com\/de\/wp-json\/wp\/v2\/product_tag?post=12788"},{"taxonomy":"item","embeddable":true,"href":"https:\/\/mgvpublications.com\/de\/wp-json\/wp\/v2\/item?post=12788"}],"curies":[{"name":"wp","href":"https:\/\/api.w.org\/{rel}","templated":true}]}}