{"id":12782,"date":"2020-07-26T12:21:09","date_gmt":"2020-07-26T10:21:09","guid":{"rendered":"https:\/\/dev2.mgvpublications.com\/produkt\/islam-maneviyati-ve-taoculuga-toplubakis\/"},"modified":"2022-03-08T22:35:08","modified_gmt":"2022-03-08T21:35:08","slug":"islam-maneviyati-ve-taoculuga-toplubakis","status":"publish","type":"product","link":"https:\/\/mgvpublications.com\/de\/islam-maneviyati-ve-taoculuga-toplubakis\/","title":{"rendered":"\u0130slam Maneviyat\u0131 ve Taoculu\u011fa Toplubak\u0131\u015f"},"content":{"rendered":"","protected":false},"excerpt":{"rendered":"<p>Rene Guenon, eserlerinde sahih gelene\u011fin aynas\u0131nda \u00e7a\u011f\u0131n durumunu belirlemeye \u00e7al\u0131\u015fan, gelene\u011fin temel ilkeleri \u0131\u015f\u0131\u011f\u0131nda insanl\u0131\u011f\u0131n \u00e7e\u015fitli manevi formlar\u0131n\u0131 ara\u015ft\u0131ran, bunun yan\u0131 s\u0131ra sahte bir tak\u0131m maneviyat bi\u00e7imlerini ger\u00e7ek olanlardan ay\u0131rdedici \u00f6l\u00e7\u00fcler getiren eserleriyle \u00f6zellikle Bat\u0131&#8217;da iyi tan\u0131nan m\u00fcsl\u00fcman bir ariftir. \u0130slam Maneviyat\u0131 ve Taoculu\u011fa Toplu bak\u0131\u015f adl\u0131 bu kitab\u0131nda Guenon, \u00f6nce \u0130slam tasavvufunun temel \u00f6zelliklerini incelemekte, ard\u0131ndan ayn\u0131 anlay\u0131\u015fla Taoculuk ve Konf\u00fc\u00e7y\u00fcs\u00e7\u00fcl\u00fc\u011f\u00fc ele almakta ve hangi adla ortaya \u00e7\u0131karsa \u00e7\u0131ks\u0131n gelene\u011fin &#8220;a\u015fk\u0131n birli\u011fi&#8221;ni vurgulamaktad\u0131r.<\/p>","protected":false},"featured_media":12783,"template":"","meta":{"spay_email":""},"product_cat":[174],"product_tag":[],"item":[503],"acf":[],"_links":{"self":[{"href":"https:\/\/mgvpublications.com\/de\/wp-json\/wp\/v2\/product\/12782"}],"collection":[{"href":"https:\/\/mgvpublications.com\/de\/wp-json\/wp\/v2\/product"}],"about":[{"href":"https:\/\/mgvpublications.com\/de\/wp-json\/wp\/v2\/types\/product"}],"wp:featuredmedia":[{"embeddable":true,"href":"https:\/\/mgvpublications.com\/de\/wp-json\/wp\/v2\/media\/12783"}],"wp:attachment":[{"href":"https:\/\/mgvpublications.com\/de\/wp-json\/wp\/v2\/media?parent=12782"}],"wp:term":[{"taxonomy":"product_cat","embeddable":true,"href":"https:\/\/mgvpublications.com\/de\/wp-json\/wp\/v2\/product_cat?post=12782"},{"taxonomy":"product_tag","embeddable":true,"href":"https:\/\/mgvpublications.com\/de\/wp-json\/wp\/v2\/product_tag?post=12782"},{"taxonomy":"item","embeddable":true,"href":"https:\/\/mgvpublications.com\/de\/wp-json\/wp\/v2\/item?post=12782"}],"curies":[{"name":"wp","href":"https:\/\/api.w.org\/{rel}","templated":true}]}}