{"id":12780,"date":"2020-07-26T12:19:36","date_gmt":"2020-07-26T10:19:36","guid":{"rendered":"https:\/\/dev2.mgvpublications.com\/produkt\/dante-ve-ortacagda-dini-sembolizm\/"},"modified":"2022-03-08T22:35:08","modified_gmt":"2022-03-08T21:35:08","slug":"dante-ve-ortacagda-dini-sembolizm","status":"publish","type":"product","link":"https:\/\/mgvpublications.com\/de\/dante-ve-ortacagda-dini-sembolizm\/","title":{"rendered":"Dante ve Orta\u00e7a\u011f&#8217;da Dini Sembolizm"},"content":{"rendered":"","protected":false},"excerpt":{"rendered":"<div class=\"top-block\">\n<div class=\"pr_description\">\n<div id=\"description_text\" class=\"readmore-js-section readmore-js-expanded\"><span class=\"info__text\">Sembollerin temsil ettikleri k\u00fclt\u00fcrel kodlar\u0131n ifadelendirilmesi ve bunun zaman-mekan-insan \u00fc\u00e7geninde \u00e7\u00f6z\u00fcmlendirilmesiyle ilgili, Guenon&#8217;un dikkat \u00e7eken eserlerinden biri olarak \u00f6ne \u00e7\u0131kan bu \u00e7al\u0131\u015fma, sizi sembolik anlamlar \u00fczerinde bir zaman yolculu\u011funa \u00e7\u0131kar\u0131yor; Mirac&#8217;tan Orta\u00e7a\u011f&#8217;a, Orta\u00e7a\u011f&#8217;dan g\u00fcn\u00fcm\u00fcze gelen bir zihni yolculuk olacak bu. Bu kitapta dikkat \u00e7eken iki \u00f6nemli konu var: Dini sembolizmin Orta\u00e7a\u011f&#8217;daki yayg\u0131nl\u0131\u011f\u0131 ile Dante&#8217;nin eserlerinde g\u00f6r\u00fclen \u0130slam ve H\u0131ristiyanl\u0131\u011f\u0131n ortak etkile\u015fimi&#8230; Dante&#8217;nin \u00f6nemli \u00fc\u00e7lemesinde \u0130bn Arabi&#8217;den al\u0131nan ilham ve tasvirlerndeki Mirac yolculu\u011fundan ta\u015f\u0131nan izler dikkat \u00e7ekici. Bunun yan\u0131 s\u0131ra Orta\u00e7a\u011f&#8217;daki kilise odakl\u0131 yap\u0131lanma, Tap\u0131nak \u015e\u00f6valyeleri ve onlar\u0131n g\u00fcn\u00fcm\u00fcze kadar uzayan ser\u00fcvenlerinden \u00f6nemli kesitler ve son b\u00f6l\u00fcmde ise Ha\u00e7l\u0131 Seferleri&#8217;nin d\u00fczenlenmesi ve -bir\u015fekilde- bug\u00fcnk\u00fc Avrupa Birli\u011fi&#8217;nin temellerini olu\u015fturmaya varan etkisiyle Aziz Bernard&#8217;\u0131n ilgin\u00e7 ya\u015fam \u00f6yk\u00fcs\u00fc anlat\u0131l\u0131rken, O&#8217;nun Dante \u00fczerindeki etkileri de ortaya konuluyor.<\/span><\/div>\n<\/div>\n<\/div>\n<div class=\"bottom-block\">\n<div class=\"pr_attributes\"><\/div>\n<\/div>","protected":false},"featured_media":12781,"template":"","meta":{"spay_email":""},"product_cat":[232],"product_tag":[],"item":[503],"acf":[],"_links":{"self":[{"href":"https:\/\/mgvpublications.com\/de\/wp-json\/wp\/v2\/product\/12780"}],"collection":[{"href":"https:\/\/mgvpublications.com\/de\/wp-json\/wp\/v2\/product"}],"about":[{"href":"https:\/\/mgvpublications.com\/de\/wp-json\/wp\/v2\/types\/product"}],"wp:featuredmedia":[{"embeddable":true,"href":"https:\/\/mgvpublications.com\/de\/wp-json\/wp\/v2\/media\/12781"}],"wp:attachment":[{"href":"https:\/\/mgvpublications.com\/de\/wp-json\/wp\/v2\/media?parent=12780"}],"wp:term":[{"taxonomy":"product_cat","embeddable":true,"href":"https:\/\/mgvpublications.com\/de\/wp-json\/wp\/v2\/product_cat?post=12780"},{"taxonomy":"product_tag","embeddable":true,"href":"https:\/\/mgvpublications.com\/de\/wp-json\/wp\/v2\/product_tag?post=12780"},{"taxonomy":"item","embeddable":true,"href":"https:\/\/mgvpublications.com\/de\/wp-json\/wp\/v2\/item?post=12780"}],"curies":[{"name":"wp","href":"https:\/\/api.w.org\/{rel}","templated":true}]}}