{"id":12762,"date":"2020-07-24T10:33:32","date_gmt":"2020-07-24T08:33:32","guid":{"rendered":"https:\/\/dev2.mgvpublications.com\/produkt\/islamin-ana-kaynaklari-kuran-ve-suennet\/"},"modified":"2022-03-08T22:35:08","modified_gmt":"2022-03-08T21:35:08","slug":"islamin-ana-kaynaklari-kuran-ve-suennet","status":"publish","type":"product","link":"https:\/\/mgvpublications.com\/de\/islamin-ana-kaynaklari-kuran-ve-suennet\/","title":{"rendered":"\u0130slam&#8217;\u0131n Ana Kaynaklar\u0131 Kur&#8217;an ve S\u00fcnnet"},"content":{"rendered":"<table>\n<tbody>\n<tr>\n<td>Yay\u0131n Tarihi:<\/td>\n<td>01.01.2010<\/td>\n<\/tr>\n<tr>\n<td>ISBN:<\/td>\n<td>9751967855<\/td>\n<\/tr>\n<tr>\n<td>Bask\u0131 Say\u0131s\u0131:<\/td>\n<td>1. Bask\u0131<\/td>\n<\/tr>\n<tr>\n<td>Dil:<\/td>\n<td>T\u00dcRK\u00c7E<\/td>\n<\/tr>\n<tr>\n<td>Sayfa Say\u0131s\u0131:<\/td>\n<td>145<\/td>\n<\/tr>\n<tr>\n<td>Cilt Tipi:<\/td>\n<td>Karton Kapak<\/td>\n<\/tr>\n<tr>\n<td>Ka\u011f\u0131t Cinsi:<\/td>\n<td>Kitap Ka\u011f\u0131d\u0131<\/td>\n<\/tr>\n<tr>\n<td>Boyut:<\/td>\n<td>13.5 x 21 cm<\/td>\n<\/tr>\n<\/tbody>\n<\/table>","protected":false},"excerpt":{"rendered":"<p><span class=\"info__text\">Yarat\u0131klar\u0131na kar\u015f\u0131 \u00e7ok merhametli olan y\u00fcce Allah, insanlara ak\u0131l, irade anlama ve vicdan gibi yetenekler vermekle yetinmemi\u015f, ilk insandan itibaren peygamberler ve kitaplar g\u00f6ndermek suretiyle onlara do\u011fru yolu g\u00f6stermi\u015ftir. D\u00fcnya ahirette mutlu olabilmeleri i\u00e7in insanlar\u0131n ak\u0131llar\u0131n\u0131 ve yeteneklerini kullanmalar\u0131, Allah`\u0131n kitab\u0131n\u0131 ve Peygamberlerinin s\u00fcnnetini kendilerine rehber edinmeleri gerekir. \u0130slam`\u0131n ana kayna\u011f\u0131 Kur`an ve S\u00fcnnettir. Bu iki kayna\u011f\u0131n birbirinden ayr\u0131lmas\u0131 m\u00fcmk\u00fcn de\u011fildir.<\/span><\/p>","protected":false},"featured_media":12763,"template":"","meta":{"spay_email":""},"product_cat":[174],"product_tag":[],"item":[960],"acf":[],"_links":{"self":[{"href":"https:\/\/mgvpublications.com\/de\/wp-json\/wp\/v2\/product\/12762"}],"collection":[{"href":"https:\/\/mgvpublications.com\/de\/wp-json\/wp\/v2\/product"}],"about":[{"href":"https:\/\/mgvpublications.com\/de\/wp-json\/wp\/v2\/types\/product"}],"wp:featuredmedia":[{"embeddable":true,"href":"https:\/\/mgvpublications.com\/de\/wp-json\/wp\/v2\/media\/12763"}],"wp:attachment":[{"href":"https:\/\/mgvpublications.com\/de\/wp-json\/wp\/v2\/media?parent=12762"}],"wp:term":[{"taxonomy":"product_cat","embeddable":true,"href":"https:\/\/mgvpublications.com\/de\/wp-json\/wp\/v2\/product_cat?post=12762"},{"taxonomy":"product_tag","embeddable":true,"href":"https:\/\/mgvpublications.com\/de\/wp-json\/wp\/v2\/product_tag?post=12762"},{"taxonomy":"item","embeddable":true,"href":"https:\/\/mgvpublications.com\/de\/wp-json\/wp\/v2\/item?post=12762"}],"curies":[{"name":"wp","href":"https:\/\/api.w.org\/{rel}","templated":true}]}}