{"id":12757,"date":"2020-07-24T10:29:42","date_gmt":"2020-07-24T08:29:42","guid":{"rendered":"https:\/\/dev2.mgvpublications.com\/produkt\/hikmetin-40-kapisi-40-hadis-40-yorum\/"},"modified":"2022-03-08T22:35:08","modified_gmt":"2022-03-08T21:35:08","slug":"hikmetin-40-kapisi-40-hadis-40-yorum","status":"publish","type":"product","link":"https:\/\/mgvpublications.com\/de\/hikmetin-40-kapisi-40-hadis-40-yorum\/","title":{"rendered":"Hikmetin 40 Kap\u0131s\u0131 &#038; 40 Hadis 40 Yorum"},"content":{"rendered":"<table>\n<tbody>\n<tr>\n<td>Yay\u0131n Tarihi:<\/td>\n<td>01.12.2018<\/td>\n<\/tr>\n<tr>\n<td>ISBN:<\/td>\n<td>9751966247<\/td>\n<\/tr>\n<tr>\n<td>Bask\u0131 Say\u0131s\u0131:<\/td>\n<td>3. Bask\u0131<\/td>\n<\/tr>\n<tr>\n<td>Dil:<\/td>\n<td>ARAP\u00c7A,T\u00dcRK\u00c7E<\/td>\n<\/tr>\n<tr>\n<td>Sayfa Say\u0131s\u0131:<\/td>\n<td>227<\/td>\n<\/tr>\n<tr>\n<td>Cilt Tipi:<\/td>\n<td>Karton Kapak<\/td>\n<\/tr>\n<tr>\n<td>Ka\u011f\u0131t Cinsi:<\/td>\n<td>Kitap Ka\u011f\u0131d\u0131<\/td>\n<\/tr>\n<tr>\n<td>Boyut:<\/td>\n<td>13.5 x 21 cm<\/td>\n<\/tr>\n<\/tbody>\n<\/table>","protected":false},"excerpt":{"rendered":"<p><span class=\"info__text\">Sevgili Peygamberimiz m\u00fcbarek s\u00f6zleriyle, ya\u015fayan s\u00fcnnetiyle, \u00e7a\u011flar\u0131 a\u015fan \u00f6rnekli\u011fiyle her zaman m\u00fcminlere yol g\u00f6sterdi.<br \/>\nBizi ayd\u0131nlatan, ar\u0131nd\u0131ran, besleyen, tebess\u00fcmle g\u00fczelle\u015ftiren, tefekk\u00fcrle hafifleten, hay\u00e2yla s\u00fcsleyen, namazla; y\u00fccelten, iman, ihsan ve istikamet \u00fczere kendimize yol \u00e7izmeyi \u00f6\u011freten o idi.<br \/>\nB\u00fct\u00fcn bunlar\u0131 ve daha nice g\u00fczellikleri onun m\u00fcbarek a\u011fz\u0131ndan dinlemek, onun ashab\u0131n\u0131n nasibiydi. Sonras\u0131nda izinin tozuna ula\u015fabilmek i\u00e7in nice insanlar hayatlar\u0131n\u0131 onun yoluna vakfetti. Gecelerini, g\u00fcnd\u00fczlerini, g\u00f6zlerinin nurunu, \u00f6m\u00fcr sermayelerini onun yolunda t\u00fcketti. Alimler, durmak bilmeden k\u0131talar\u0131 a\u015f\u0131p onun bir s\u00f6z\u00fcn\u00fcn izini s\u00fcrd\u00fc. Y\u00fczy\u0131llar boyu hadis meclislerinde hep onun s\u00f6zleri dinlendi.<\/span><span class=\"info__text\">Ciltler dolusu telif ve tasnif ortaya kondu. Kalemler en g\u00fczel \u015fekilde onu yazd\u0131, kelamlar hep onu anlatt\u0131.<br \/>\n\u201cBenden bir s\u00f6z i\u015fitip onu \u00f6\u011frenen ve ba\u015fkalar\u0131na da akta\u00adran ki\u015finin Allah y\u00fcz\u00fcn\u00fc a\u011farts\u0131n&#8230;\u201d (Tirmiz\u00ee, \u0130lim, 7) kelam\u0131n\u0131 i\u015fitti\u011finden beri y\u00fczler bu vesileyle ayd\u0131nlanma tela\u015f\u0131na d\u00fc\u015f\u00adt\u00fc. Bu u\u011furda nice 40 hadis derlendi, nice 40 hadis haf\u0131zalara nak\u015fedildi.<\/span><\/p>","protected":false},"featured_media":12758,"template":"","meta":{"spay_email":""},"product_cat":[174],"product_tag":[],"item":[960],"acf":[],"_links":{"self":[{"href":"https:\/\/mgvpublications.com\/de\/wp-json\/wp\/v2\/product\/12757"}],"collection":[{"href":"https:\/\/mgvpublications.com\/de\/wp-json\/wp\/v2\/product"}],"about":[{"href":"https:\/\/mgvpublications.com\/de\/wp-json\/wp\/v2\/types\/product"}],"wp:featuredmedia":[{"embeddable":true,"href":"https:\/\/mgvpublications.com\/de\/wp-json\/wp\/v2\/media\/12758"}],"wp:attachment":[{"href":"https:\/\/mgvpublications.com\/de\/wp-json\/wp\/v2\/media?parent=12757"}],"wp:term":[{"taxonomy":"product_cat","embeddable":true,"href":"https:\/\/mgvpublications.com\/de\/wp-json\/wp\/v2\/product_cat?post=12757"},{"taxonomy":"product_tag","embeddable":true,"href":"https:\/\/mgvpublications.com\/de\/wp-json\/wp\/v2\/product_tag?post=12757"},{"taxonomy":"item","embeddable":true,"href":"https:\/\/mgvpublications.com\/de\/wp-json\/wp\/v2\/item?post=12757"}],"curies":[{"name":"wp","href":"https:\/\/api.w.org\/{rel}","templated":true}]}}