{"id":12739,"date":"2020-07-23T21:13:53","date_gmt":"2020-07-23T19:13:53","guid":{"rendered":"https:\/\/dev2.mgvpublications.com\/produkt\/allahi-merak-ediyorum-2\/"},"modified":"2022-03-08T22:35:06","modified_gmt":"2022-03-08T21:35:06","slug":"allahi-merak-ediyorum-2","status":"publish","type":"product","link":"https:\/\/mgvpublications.com\/de\/allahi-merak-ediyorum-2\/","title":{"rendered":"Allah&#8217;\u0131 Merak Ediyorum-2"},"content":{"rendered":"<div class=\"attributes\">\n<table>\n<tbody>\n<tr>\n<td>Yay\u0131n Tarihi:<\/td>\n<td>01.05.2013<\/td>\n<\/tr>\n<tr>\n<td>ISBN:<\/td>\n<td>9758781898<\/td>\n<\/tr>\n<tr>\n<td>Bask\u0131 Say\u0131s\u0131:<\/td>\n<td>33. Bask\u0131<\/td>\n<\/tr>\n<tr>\n<td>Dil:<\/td>\n<td>T\u00dcRK\u00c7E<\/td>\n<\/tr>\n<tr>\n<td>Sayfa Say\u0131s\u0131:<\/td>\n<td>152<\/td>\n<\/tr>\n<tr>\n<td>Cilt Tipi:<\/td>\n<td>Karton Kapak<\/td>\n<\/tr>\n<tr>\n<td>Ka\u011f\u0131t Cinsi:<\/td>\n<td>Kitap Ka\u011f\u0131d\u0131<\/td>\n<\/tr>\n<tr>\n<td>Boyut:<\/td>\n<td>13.5 x 19.5 cm<\/td>\n<\/tr>\n<\/tbody>\n<\/table>\n<\/div>","protected":false},"excerpt":{"rendered":"<div class=\"top-block\">\n<div class=\"pr_description\">\n<div id=\"description_text\" class=\"readmore-js-section readmore-js-expanded\"><span class=\"info__text\"><span class=\"info__text\">Allah\u2019\u0131 Merak Ediyorum adl\u0131 ilk kitapta, Rabbimiz Allah hakk\u0131nda merak etti\u011fin baz\u0131 sorular\u0131n cevaplar\u0131n\u0131 vermeye \u00e7al\u0131\u015fm\u0131\u015ft\u0131m.<br \/>\nSeninle birlikte uzun uzun konu\u015fmu\u015f ve b\u00fct\u00fcn bu sorular\u0131n cevaplar\u0131n\u0131 bulmaya \u00e7al\u0131\u015fm\u0131\u015ft\u0131k. Bunlar zor sorulard\u0131. Ama \u00e7al\u0131\u015ft\u0131k ve gayret ettik, Allah da, bu zor sorular\u0131n cevaplar\u0131n\u0131 bizlere hediye etti.<br \/>\nAma g\u00f6r\u00fcyorum ki, akl\u0131na yeni sorular gelmi\u015f. Madem \u00f6yle, hadi seninle bir yolculu\u011fa daha \u00e7\u0131kal\u0131m&#8230;<br \/>\nSorular\u0131n pe\u015finden ko\u015fal\u0131m, bakal\u0131m bizi nas\u0131l cevaplar bekliyormu\u015f, hep birlikte g\u00f6relim&#8230;<\/span><\/span>\u0130\u015fte ikinci kitaptaki sorular:<\/p>\n<p>Allah k\u00e2inat\u0131 ni\u00e7in yaratt\u0131?<br \/>\nAllah\u2019\u0131n k\u00e2inat\u0131 yaratmaya ihtiyac\u0131 m\u0131 vard\u0131?<br \/>\nAllah insanlar\u0131 ni\u00e7in yaratt\u0131?<br \/>\nAllah neden baz\u0131lar\u0131n\u0131 \u00e7irkin yarat\u0131yor?<br \/>\nAllah neden baz\u0131lar\u0131n\u0131 sakat yarat\u0131yor?<br \/>\nAllah, \u00f6ld\u00fckten sonra bizi nas\u0131l diriltecek?<br \/>\nAllah\u2019\u0131 nas\u0131l ink\u00e2r ediyorlar?<br \/>\nAllah\u2019\u0131n g\u00fczel isimlerini ni\u00e7in bilmeliyiz?<\/p>\n<\/div>\n<\/div>\n<\/div>\n<div class=\"bottom-block\">\n<div class=\"pr_attributes\"><\/div>\n<\/div>","protected":false},"featured_media":14446,"template":"","meta":{"spay_email":""},"product_cat":[172],"product_tag":[],"item":[692],"acf":[],"_links":{"self":[{"href":"https:\/\/mgvpublications.com\/de\/wp-json\/wp\/v2\/product\/12739"}],"collection":[{"href":"https:\/\/mgvpublications.com\/de\/wp-json\/wp\/v2\/product"}],"about":[{"href":"https:\/\/mgvpublications.com\/de\/wp-json\/wp\/v2\/types\/product"}],"wp:featuredmedia":[{"embeddable":true,"href":"https:\/\/mgvpublications.com\/de\/wp-json\/wp\/v2\/media\/14446"}],"wp:attachment":[{"href":"https:\/\/mgvpublications.com\/de\/wp-json\/wp\/v2\/media?parent=12739"}],"wp:term":[{"taxonomy":"product_cat","embeddable":true,"href":"https:\/\/mgvpublications.com\/de\/wp-json\/wp\/v2\/product_cat?post=12739"},{"taxonomy":"product_tag","embeddable":true,"href":"https:\/\/mgvpublications.com\/de\/wp-json\/wp\/v2\/product_tag?post=12739"},{"taxonomy":"item","embeddable":true,"href":"https:\/\/mgvpublications.com\/de\/wp-json\/wp\/v2\/item?post=12739"}],"curies":[{"name":"wp","href":"https:\/\/api.w.org\/{rel}","templated":true}]}}