{"id":12737,"date":"2020-07-23T20:54:00","date_gmt":"2020-07-23T18:54:00","guid":{"rendered":"https:\/\/dev2.mgvpublications.com\/produkt\/melekleri-merak-ediyorum\/"},"modified":"2022-03-08T22:35:06","modified_gmt":"2022-03-08T21:35:06","slug":"melekleri-merak-ediyorum","status":"publish","type":"product","link":"https:\/\/mgvpublications.com\/de\/melekleri-merak-ediyorum\/","title":{"rendered":"Melekleri Merak Ediyorum"},"content":{"rendered":"<div class=\"attributes\">\n<table>\n<tbody>\n<tr>\n<td>Yay\u0131n Tarihi:<\/td>\n<td>09.07.2012<\/td>\n<\/tr>\n<tr>\n<td>ISBN:<\/td>\n<td>6055523428<\/td>\n<\/tr>\n<tr>\n<td>Bask\u0131 Say\u0131s\u0131:<\/td>\n<td>1. Bask\u0131<\/td>\n<\/tr>\n<tr>\n<td>Dil:<\/td>\n<td>T\u00dcRK\u00c7E<\/td>\n<\/tr>\n<tr>\n<td>Sayfa Say\u0131s\u0131:<\/td>\n<td>160<\/td>\n<\/tr>\n<tr>\n<td>Cilt Tipi:<\/td>\n<td>Karton Kapak<\/td>\n<\/tr>\n<tr>\n<td>Ka\u011f\u0131t Cinsi:<\/td>\n<td>Kitap Ka\u011f\u0131d\u0131<\/td>\n<\/tr>\n<tr>\n<td>Boyut:<\/td>\n<td>13.5 x 19.5 cm<\/td>\n<\/tr>\n<\/tbody>\n<\/table>\n<\/div>","protected":false},"excerpt":{"rendered":"<p>Merhaba! Merak Ediyorum Dizisi, bu kitapla birlikte sona erdi.<\/p>\n<p>\u0130lk kitaptan beri seninle birlikte \u00e7ok \u00f6nemli konular \u00fczerinde, \u00e7ok \u00f6nemli \u015feyler konu\u015ftuk&#8230;<\/p>\n<p>Sordu\u011fun b\u00fct\u00fcn sorulara cevap veremedim. Verecek bir cevab\u0131m olmad\u0131\u011f\u0131 i\u00e7in de\u011fil; yerimiz kalmad\u0131\u011f\u0131 i\u00e7in, sorular\u0131n i\u00e7inde en \u00f6nemlilerini se\u00e7mek zorunda kald\u0131m. Ama cevab\u0131n\u0131 verdi\u011fim sorular, cevab\u0131n\u0131 veremedi\u011fim sorular konusunda da seni ayd\u0131nlatt\u0131&#8230;<\/p>\n<p>Sen kendi cevaplar\u0131n\u0131, bana sormadan da bulmu\u015f oldun&#8230;<\/p>\n<p>Zaten ba\u015ftan beri amac\u0131m, her soruya cevap vermek de\u011fildi; akl\u0131na Allah hak\u0131nda, Peygamberimiz hakk\u0131nda, Kur\u2019an hakk\u0131nda, ahiret hayat\u0131 hakk\u0131nda, kader hakk\u0131nda ve bu son kitab\u0131n konusu olan melekler hakk\u0131nda bir soru geldi\u011finde, o soruya nas\u0131l yakla\u015fman gerekti\u011fine dair do\u011fru bir mant\u0131k ve bir bak\u0131\u015f a\u00e7\u0131s\u0131 geli\u015ftirmeni sa\u011flamakt\u0131. San\u0131r\u0131m bunu b\u00fcy\u00fck oranda ba\u015fard\u0131k, art\u0131k sorular, seni eskisi kadar \u00fcrk\u00fctm\u00fcyor&#8230;<\/p>\n<p>Bir cevap bulman\u0131n en zor oldu\u011funu d\u00fc\u015f\u00fcnd\u00fc\u011f\u00fcn sorular\u0131n \u00fczerine bile cesaretle gidiyorsun ve ta en ba\u015f\u0131ndan beri s\u00f6yledi\u011fim gibi, cevab\u0131 olmayan hi\u00e7bir sorunun akl\u0131na gelmeyece\u011fini g\u00f6r\u00fcyorsun&#8230;<\/p>\n<p>\u0130lk kitab\u0131n \u00f6ns\u00f6z\u00fcnde sana s\u00f6ylemi\u015ftim. Sorular bizim dualar\u0131m\u0131zd\u0131r asl\u0131nda&#8230; \u201cDaha \u00e7ok \u00f6\u011frenmek istiyorum, daha iyi tan\u0131mak istiyorum&#8230;\u201d dualar\u0131d\u0131r sorular&#8230; Biz bu dualar\u0131 ettik ve b\u00fct\u00fcn Merak Ediyorum Dizisi boyunca, dualar\u0131m\u0131z\u0131n kar\u015f\u0131l\u0131\u011f\u0131 olan cevaplar\u0131 ald\u0131k&#8230; Dualar\u0131m\u0131z kabul edildi, \u00e7ok \u015fey \u00f6\u011frendik&#8230;<\/p>\n<p>Bundan sonra ba\u015fka kitaplarda, ba\u015fka ba\u015fka dizilerde, ba\u015fka ba\u015fka konular \u00fczerinde konu\u015fmaya devam edece\u011fiz&#8230;<\/p>\n<p>Dizimizin bu son kitab\u0131nda, iman esaslar\u0131ndan bir tanesi olan MELEKLERE \u0130MAN konusu \u00fczerinde konu\u015ftuk. Melekler hakk\u0131nda \u00e7ok g\u00fczel \u015feyler \u00f6\u011frendik&#8230; Bu \u00f6\u011frendiklerimiz, sa\u011flam bir temel gibi zihnimizde yer etti. Art\u0131k bu temelin \u00fczerine, g\u00f6rkemli bir bilgi saray\u0131 kurmak yak\u0131\u015f\u0131r&#8230; \u00d6yleyse, okumaya, ara\u015ft\u0131rmaya, merak etmeye ve sormaya devam&#8230;<\/p>\n<p>\u0130\u015fte bu kitapta cevab\u0131n\u0131 arad\u0131\u011f\u0131m\u0131z sorular:<\/p>\n<p>Meleklere iman \u00e7ok mu \u00f6nemli?<br \/>\nPeki, melek nedir?<br \/>\nMelekler neden var?<br \/>\nMelekler Allah\u2019\u0131n yard\u0131mc\u0131lar\u0131 m\u0131?<br \/>\nMelekleri neden g\u00f6remiyoruz?<br \/>\nMelekler k\u0131z m\u0131 erkek mi?<br \/>\nMelekler yapt\u0131\u011f\u0131m\u0131z her \u015feyi nas\u0131l yaz\u0131yor?<br \/>\nAzrail iyi mi k\u00f6t\u00fc m\u00fc?<br \/>\nM\u00fcnker Nekir dost mu d\u00fc\u015fman m\u0131?<br \/>\nMelekler mi \u00fcst\u00fcn, insanlar m\u0131?<\/p>","protected":false},"featured_media":12738,"template":"","meta":{"spay_email":""},"product_cat":[172],"product_tag":[],"item":[692],"acf":[],"_links":{"self":[{"href":"https:\/\/mgvpublications.com\/de\/wp-json\/wp\/v2\/product\/12737"}],"collection":[{"href":"https:\/\/mgvpublications.com\/de\/wp-json\/wp\/v2\/product"}],"about":[{"href":"https:\/\/mgvpublications.com\/de\/wp-json\/wp\/v2\/types\/product"}],"wp:featuredmedia":[{"embeddable":true,"href":"https:\/\/mgvpublications.com\/de\/wp-json\/wp\/v2\/media\/12738"}],"wp:attachment":[{"href":"https:\/\/mgvpublications.com\/de\/wp-json\/wp\/v2\/media?parent=12737"}],"wp:term":[{"taxonomy":"product_cat","embeddable":true,"href":"https:\/\/mgvpublications.com\/de\/wp-json\/wp\/v2\/product_cat?post=12737"},{"taxonomy":"product_tag","embeddable":true,"href":"https:\/\/mgvpublications.com\/de\/wp-json\/wp\/v2\/product_tag?post=12737"},{"taxonomy":"item","embeddable":true,"href":"https:\/\/mgvpublications.com\/de\/wp-json\/wp\/v2\/item?post=12737"}],"curies":[{"name":"wp","href":"https:\/\/api.w.org\/{rel}","templated":true}]}}