{"id":12735,"date":"2020-07-23T20:51:55","date_gmt":"2020-07-23T18:51:55","guid":{"rendered":"https:\/\/dev2.mgvpublications.com\/produkt\/cenneti-merak-ediyorum\/"},"modified":"2022-03-08T22:35:06","modified_gmt":"2022-03-08T21:35:06","slug":"cenneti-merak-ediyorum","status":"publish","type":"product","link":"https:\/\/mgvpublications.com\/de\/cenneti-merak-ediyorum\/","title":{"rendered":"Cenneti Merak Ediyorum"},"content":{"rendered":"<div class=\"attributes\">\n<table>\n<tbody>\n<tr>\n<td>Yay\u0131n Tarihi:<\/td>\n<td>01.11.2012<\/td>\n<\/tr>\n<tr>\n<td>ISBN:<\/td>\n<td>6055523022<\/td>\n<\/tr>\n<tr>\n<td>Bask\u0131 Say\u0131s\u0131:<\/td>\n<td>23. Bask\u0131<\/td>\n<\/tr>\n<tr>\n<td>Dil:<\/td>\n<td>T\u00dcRK\u00c7E<\/td>\n<\/tr>\n<tr>\n<td>Sayfa Say\u0131s\u0131:<\/td>\n<td>160<\/td>\n<\/tr>\n<tr>\n<td>Cilt Tipi:<\/td>\n<td>Karton Kapak<\/td>\n<\/tr>\n<tr>\n<td>Ka\u011f\u0131t Cinsi:<\/td>\n<td>Kitap Ka\u011f\u0131d\u0131<\/td>\n<\/tr>\n<tr>\n<td>Boyut:<\/td>\n<td>13.5 x 19.5 cm<\/td>\n<\/tr>\n<\/tbody>\n<\/table>\n<\/div>","protected":false},"excerpt":{"rendered":"<div class=\"top-block\">\n<div class=\"pr_description\">\n<div id=\"description_text\" class=\"readmore-js-section readmore-js-expanded\">\n<p><span class=\"info__text\">Merak Ediyorum Dizisi&#8217;nin be\u015finci kitab\u0131nda, \u00f6l\u00fcm ve ahirete dair sordu\u011fun sorular \u00fczerine konu\u015faca\u011f\u0131z..<\/span><\/p>\n<p>\u0130\u015fte bu kitapta cevap verilen sorulardan baz\u0131lar\u0131:<br \/>\n\u00d6lmek nas\u0131l bir \u015fey?<br \/>\nAzrail iyi mi k\u00f6t\u00fc m\u00fc?<br \/>\n\u00d6l\u00fcnce bize ne olur?<br \/>\nKabir alemi nas\u0131l bir alem?<br \/>\nK\u0131yamet nas\u0131l kopar?<br \/>\nNas\u0131l dirilece\u011fiz?<br \/>\nAhiret nas\u0131l bir yer?<br \/>\nMah\u015ferde neler olacak?<br \/>\n\u0130yilikler nas\u0131l tart\u0131lacak?<\/p>\n<\/div>\n<\/div>\n<\/div>\n<div class=\"bottom-block\">\n<div class=\"pr_attributes\"><\/div>\n<\/div>","protected":false},"featured_media":12736,"template":"","meta":{"spay_email":""},"product_cat":[172],"product_tag":[],"item":[692],"acf":[],"_links":{"self":[{"href":"https:\/\/mgvpublications.com\/de\/wp-json\/wp\/v2\/product\/12735"}],"collection":[{"href":"https:\/\/mgvpublications.com\/de\/wp-json\/wp\/v2\/product"}],"about":[{"href":"https:\/\/mgvpublications.com\/de\/wp-json\/wp\/v2\/types\/product"}],"wp:featuredmedia":[{"embeddable":true,"href":"https:\/\/mgvpublications.com\/de\/wp-json\/wp\/v2\/media\/12736"}],"wp:attachment":[{"href":"https:\/\/mgvpublications.com\/de\/wp-json\/wp\/v2\/media?parent=12735"}],"wp:term":[{"taxonomy":"product_cat","embeddable":true,"href":"https:\/\/mgvpublications.com\/de\/wp-json\/wp\/v2\/product_cat?post=12735"},{"taxonomy":"product_tag","embeddable":true,"href":"https:\/\/mgvpublications.com\/de\/wp-json\/wp\/v2\/product_tag?post=12735"},{"taxonomy":"item","embeddable":true,"href":"https:\/\/mgvpublications.com\/de\/wp-json\/wp\/v2\/item?post=12735"}],"curies":[{"name":"wp","href":"https:\/\/api.w.org\/{rel}","templated":true}]}}