{"id":12733,"date":"2020-07-23T20:41:38","date_gmt":"2020-07-23T18:41:38","guid":{"rendered":"https:\/\/dev2.mgvpublications.com\/produkt\/kaderi-merak-ediyorum\/"},"modified":"2022-03-08T22:35:05","modified_gmt":"2022-03-08T21:35:05","slug":"kaderi-merak-ediyorum","status":"publish","type":"product","link":"https:\/\/mgvpublications.com\/de\/kaderi-merak-ediyorum\/","title":{"rendered":"Kaderi Merak Ediyorum"},"content":{"rendered":"<div class=\"attributes\">\n<table>\n<tbody>\n<tr>\n<td>Yay\u0131n Tarihi:<\/td>\n<td>01.11.2012<\/td>\n<\/tr>\n<tr>\n<td>ISBN:<\/td>\n<td>6055523145<\/td>\n<\/tr>\n<tr>\n<td>Bask\u0131 Say\u0131s\u0131:<\/td>\n<td>12. Bask\u0131<\/td>\n<\/tr>\n<tr>\n<td>Dil:<\/td>\n<td>T\u00dcRK\u00c7E<\/td>\n<\/tr>\n<tr>\n<td>Sayfa Say\u0131s\u0131:<\/td>\n<td>160<\/td>\n<\/tr>\n<tr>\n<td>Cilt Tipi:<\/td>\n<td>Karton Kapak<\/td>\n<\/tr>\n<tr>\n<td>Ka\u011f\u0131t Cinsi:<\/td>\n<td>Kitap Ka\u011f\u0131d\u0131<\/td>\n<\/tr>\n<tr>\n<td>Boyut:<\/td>\n<td>13.5 x 19.5 cm<\/td>\n<\/tr>\n<\/tbody>\n<\/table>\n<\/div>","protected":false},"excerpt":{"rendered":"<div class=\"top-block\">\n<div class=\"pr_description\">\n<div id=\"description_text\" class=\"readmore-js-section readmore-js-expanded\"><span class=\"info__text\">Merak Ediyorum Dizisi\u00b4nin son kitab\u0131, kadere iman hakk\u0131nda merak etti\u011fimiz sorulardan olu\u015fuyor. Dizinin \u00f6teki kitaplar\u0131 gibi, son derece \u00f6nemli konulara dair sorulara cevap veren kitapta, bak\u0131n hangi sorular var:<\/p>\n<p>Kader ve kaza nedir? Ya\u015fad\u0131\u011f\u0131m\u0131z her \u015fey kaderimizde yaz\u0131l\u0131 m\u0131?<br \/>\nKaderin mahk\u00fbmu muyuz? Neden baz\u0131lar\u0131 zengin, baz\u0131lar\u0131 fakir?<\/p>\n<p>Kader de\u011fi\u015fir mi? Allah ne yapaca\u011f\u0131m\u0131 biliyorsa benim su\u00e7um ne?<\/p>\n<p>Kaderimde zay\u0131f not almak varsa neden ders \u00e7al\u0131\u015fay\u0131m?<\/p>\n<p>Kader konusu biraz zor bir konu. Bu kitapta b\u00fct\u00fcn sorular\u0131n cevab\u0131 yok&#8230;<\/p>\n<p>Ama en \u00f6nemlileri cevaplamaya \u00e7al\u0131\u015f\u0131ld\u0131. Geriye kalanlar\u0131 ise, kitab\u0131 okuduktan sonra kendiniz cevaplayabileceksiniz. \u00c7\u00fcnk\u00fc buradan \u00f6\u011frenece\u011finiz bilgiler, bundan sonra akl\u0131n\u0131za gelebilecek kaderle ilgili ne kadar soru varsa, onlar\u0131n cevaplar\u0131n\u0131 kendi ba\u015f\u0131n\u0131za bulman\u0131za yard\u0131mc\u0131 olacak..<\/p>\n<p>Zaten bu kitab\u0131n as\u0131l hedefi, kaderle ilgili ne kadar soru varsa hepsini tek tek cevaplamak de\u011fildi. \u00c7o\u011fu zaman ucuz \u015fark\u0131larda ve cahilce konu\u015fmalarda duydu\u011fumuz bu esrarengiz kelimenin, tam olarak ne anlama geldi\u011fini kavraman\u0131z\u0131 sa\u011flamakt\u0131.<br \/>\nE\u011fer bunu ba\u015farabildiysek, hayat\u0131n\u0131z boyunca akl\u0131n\u0131za gelebilecek yahut kar\u015f\u0131n\u0131za \u00e7\u0131kabilecek &#8220;kader sorular\u0131&#8221;na cevap bulman\u0131z, zor olmayacak diye \u00fcmit etmekteyiz&#8230;<br \/>\n<\/span><\/div>\n<p><a class=\"readmore-js-toggle\" href=\"https:\/\/www.kitapyurdu.com\/#\">gizle<\/a><\/div>\n<\/div>\n<div class=\"bottom-block\">\n<div class=\"pr_attributes\"><\/div>\n<\/div>","protected":false},"featured_media":12734,"template":"","meta":{"spay_email":""},"product_cat":[172],"product_tag":[],"item":[692],"acf":[],"_links":{"self":[{"href":"https:\/\/mgvpublications.com\/de\/wp-json\/wp\/v2\/product\/12733"}],"collection":[{"href":"https:\/\/mgvpublications.com\/de\/wp-json\/wp\/v2\/product"}],"about":[{"href":"https:\/\/mgvpublications.com\/de\/wp-json\/wp\/v2\/types\/product"}],"wp:featuredmedia":[{"embeddable":true,"href":"https:\/\/mgvpublications.com\/de\/wp-json\/wp\/v2\/media\/12734"}],"wp:attachment":[{"href":"https:\/\/mgvpublications.com\/de\/wp-json\/wp\/v2\/media?parent=12733"}],"wp:term":[{"taxonomy":"product_cat","embeddable":true,"href":"https:\/\/mgvpublications.com\/de\/wp-json\/wp\/v2\/product_cat?post=12733"},{"taxonomy":"product_tag","embeddable":true,"href":"https:\/\/mgvpublications.com\/de\/wp-json\/wp\/v2\/product_tag?post=12733"},{"taxonomy":"item","embeddable":true,"href":"https:\/\/mgvpublications.com\/de\/wp-json\/wp\/v2\/item?post=12733"}],"curies":[{"name":"wp","href":"https:\/\/api.w.org\/{rel}","templated":true}]}}