{"id":12724,"date":"2020-07-23T18:54:31","date_gmt":"2020-07-23T16:54:31","guid":{"rendered":"https:\/\/dev2.mgvpublications.com\/produkt\/kadim-bilimler-ve-bazi-modern-yanilgicilar\/"},"modified":"2022-03-08T22:35:05","modified_gmt":"2022-03-08T21:35:05","slug":"kadim-bilimler-ve-bazi-modern-yanilgicilar","status":"publish","type":"product","link":"https:\/\/mgvpublications.com\/de\/kadim-bilimler-ve-bazi-modern-yanilgicilar\/","title":{"rendered":"Kadim Bilimler ve Baz\u0131 Modern Yan\u0131lg\u0131c\u0131lar"},"content":{"rendered":"<div><\/div>\n<div>\u00c7evirmen: Fevzi L\u00fctfi Topa\u00e7o\u011flu<\/div>\n<div>Yay\u0131n Tarihi: 04.11.2019<\/div>\n<div>ISBN: 9755742601<\/div>\n<div>Bask\u0131 Say\u0131s\u0131: 3. Bask\u0131<\/div>\n<div>Dil: T\u00dcRK\u00c7E<\/div>\n<div>Sayfa Say\u0131s\u0131: 248<\/div>\n<div>Cilt Tipi: Karton Kapak<\/div>\n<div>Ka\u011f\u0131t Cinsi: 3. Hm. Ka\u011f\u0131t<\/div>\n<div>Boyut: 14 x 21.5 cm<\/div>","protected":false},"excerpt":{"rendered":"<p>&#8220;Gayr-\u0131 me\u015fru olan kutsal-d\u0131\u015f\u0131 bak\u0131\u015f a\u00e7\u0131s\u0131d\u0131r, zira o, e\u015fyay\u0131 sanki bunlar t\u00fcm ilkelerden ba\u011f\u0131ms\u0131zm\u0131\u015flar gibi kabul eder ve onlar\u0131 hi\u00e7bir m\u00fcteal ilke ile ba\u011f\u0131nt\u0131land\u0131rmaz. Modern bilim ger\u00e7ek bir bilgi olarak kabul edilemez, zira bazen do\u011fru olan \u015feyleri ifade etse bile, onlar\u0131 sunu\u015f tarz\u0131 yanl\u0131\u015ft\u0131r, ve her h\u00e2l\u00fck\u00e2rda bunlar\u0131n do\u011fruluk nedenlerinin ancak ve ancak ilkelere ba\u011f\u0131ml\u0131l\u0131klar\u0131 oldu\u011funu belirtemez&#8230;&#8221;<\/p>","protected":false},"featured_media":12725,"template":"","meta":{"spay_email":""},"product_cat":[232],"product_tag":[],"item":[503],"acf":[],"_links":{"self":[{"href":"https:\/\/mgvpublications.com\/de\/wp-json\/wp\/v2\/product\/12724"}],"collection":[{"href":"https:\/\/mgvpublications.com\/de\/wp-json\/wp\/v2\/product"}],"about":[{"href":"https:\/\/mgvpublications.com\/de\/wp-json\/wp\/v2\/types\/product"}],"wp:featuredmedia":[{"embeddable":true,"href":"https:\/\/mgvpublications.com\/de\/wp-json\/wp\/v2\/media\/12725"}],"wp:attachment":[{"href":"https:\/\/mgvpublications.com\/de\/wp-json\/wp\/v2\/media?parent=12724"}],"wp:term":[{"taxonomy":"product_cat","embeddable":true,"href":"https:\/\/mgvpublications.com\/de\/wp-json\/wp\/v2\/product_cat?post=12724"},{"taxonomy":"product_tag","embeddable":true,"href":"https:\/\/mgvpublications.com\/de\/wp-json\/wp\/v2\/product_tag?post=12724"},{"taxonomy":"item","embeddable":true,"href":"https:\/\/mgvpublications.com\/de\/wp-json\/wp\/v2\/item?post=12724"}],"curies":[{"name":"wp","href":"https:\/\/api.w.org\/{rel}","templated":true}]}}